{"id":1013,"date":"2017-05-22T11:43:59","date_gmt":"2017-05-22T11:43:59","guid":{"rendered":"http:\/\/alpha-credo.com\/prednosti-ter-koristi-kreditnega-zavarovanja\/"},"modified":"2021-07-13T14:04:20","modified_gmt":"2021-07-13T12:04:20","slug":"prednosti-i-mane-kreditnog-osiguranja","status":"publish","type":"page","link":"https:\/\/alpha-credo.com\/hr\/prednosti-i-mane-kreditnog-osiguranja\/","title":{"rendered":"Prednosti i mane kreditnog osiguranja"},"content":{"rendered":"<div class=\"fusion-fullwidth fullwidth-box fusion-builder-row-1 nonhundred-percent-fullwidth non-hundred-percent-height-scrolling\" style=\"--awb-border-radius-top-left:0px;--awb-border-radius-top-right:0px;--awb-border-radius-bottom-right:0px;--awb-border-radius-bottom-left:0px;--awb-background-color:#0082c8;--awb-flex-wrap:wrap;\" ><div class=\"fusion-builder-row fusion-row\"><div class=\"fusion-layout-column fusion_builder_column fusion-builder-column-0 fusion_builder_column_1_1 1_1 fusion-one-full fusion-column-first fusion-column-last\" style=\"--awb-padding-top:20px;--awb-padding-bottom:8px;--awb-bg-size:cover;--awb-margin-bottom:0px;\"><div class=\"fusion-column-wrapper fusion-flex-column-wrapper-legacy\"><div class=\"fusion-text fusion-text-1\"><p><span style=\"color: #ffffff; font-size: 36px;\">Prednosti i mane kreditnog osiguranja<\/span><\/p>\n<\/div><div class=\"fusion-clearfix\"><\/div><\/div><\/div><\/div><\/div><div class=\"fusion-fullwidth fullwidth-box fusion-builder-row-2 nonhundred-percent-fullwidth non-hundred-percent-height-scrolling\" style=\"--awb-border-radius-top-left:0px;--awb-border-radius-top-right:0px;--awb-border-radius-bottom-right:0px;--awb-border-radius-bottom-left:0px;--awb-margin-top:50px;--awb-margin-bottom:50px;--awb-flex-wrap:wrap;\" ><div class=\"fusion-builder-row fusion-row\"><div class=\"fusion-layout-column fusion_builder_column fusion-builder-column-1 fusion_builder_column_1_1 1_1 fusion-one-full fusion-column-first fusion-column-last\" style=\"--awb-bg-size:cover;--awb-margin-top:50px;\"><div class=\"fusion-column-wrapper fusion-flex-column-wrapper-legacy\"><div class=\"fusion-tabs fusion-tabs-1 classic vertical-tabs icon-position-left mobile-mode-accordion\" style=\"--awb-title-border-radius-top-left:0px;--awb-title-border-radius-top-right:0px;--awb-title-border-radius-bottom-right:0px;--awb-title-border-radius-bottom-left:0px;--awb-inactive-color:#ebeaea;--awb-background-color:#ffffff;--awb-border-color:#ebeaea;--awb-active-border-color:#000000;\"><div class=\"nav\"><ul class=\"nav-tabs\" role=\"tablist\"><li class=\"active\" role=\"presentation\"><a class=\"tab-link\" data-toggle=\"tab\" role=\"tab\" aria-controls=\"tab-391cc11fe82da6fa264\" aria-selected=\"true\" id=\"fusion-tab-sigurnostposlovanja\" href=\"#tab-391cc11fe82da6fa264\"><h4 class=\"fusion-tab-heading\">Sigurnost poslovanja<\/h4><\/a><\/li><li role=\"presentation\"><a class=\"tab-link\" data-toggle=\"tab\" role=\"tab\" aria-controls=\"tab-723d1306e36c45b2c77\" aria-selected=\"false\" tabindex=\"-1\" id=\"fusion-tab-pobolj\u0161anjeinternihprocesa\" href=\"#tab-723d1306e36c45b2c77\"><h4 class=\"fusion-tab-heading\">Pobolj\u0161anje internih procesa<\/h4><\/a><\/li><li role=\"presentation\"><a class=\"tab-link\" data-toggle=\"tab\" role=\"tab\" aria-controls=\"tab-4307318d2d8bff36d66\" aria-selected=\"false\" tabindex=\"-1\" id=\"fusion-tab-pobolj\u0161anjebonitetepreduze\u0107a-osiguranika\" href=\"#tab-4307318d2d8bff36d66\"><h4 class=\"fusion-tab-heading\">Pobolj\u0161anje bonitete preduze\u0107a - osiguranika<\/h4><\/a><\/li><li role=\"presentation\"><a class=\"tab-link\" data-toggle=\"tab\" role=\"tab\" aria-controls=\"tab-2f9ea5730d3cc0d98e0\" aria-selected=\"false\" tabindex=\"-1\" id=\"fusion-tab-boljalikvidnost\" href=\"#tab-2f9ea5730d3cc0d98e0\"><h4 class=\"fusion-tab-heading\">Bolja likvidnost<\/h4><\/a><\/li><li role=\"presentation\"><a class=\"tab-link\" data-toggle=\"tab\" role=\"tab\" aria-controls=\"tab-23b308104d40334b9ad\" aria-selected=\"false\" tabindex=\"-1\" id=\"fusion-tab-a\u017eurneinformacijeokupcima\" href=\"#tab-23b308104d40334b9ad\"><h4 class=\"fusion-tab-heading\">A\u017eurne informacije o kupcima<\/h4><\/a><\/li><li role=\"presentation\"><a class=\"tab-link\" data-toggle=\"tab\" role=\"tab\" aria-controls=\"tab-24cb9962d57b6d120b6\" aria-selected=\"false\" tabindex=\"-1\" id=\"fusion-tab-boljaefikasnostnaplatepotra\u017eivanja\" href=\"#tab-24cb9962d57b6d120b6\"><h4 class=\"fusion-tab-heading\">Bolja efikasnost naplate potra\u017eivanja<\/h4><\/a><\/li><li role=\"presentation\"><a class=\"tab-link\" data-toggle=\"tab\" role=\"tab\" aria-controls=\"tab-234bfda5faf69ec6995\" aria-selected=\"false\" tabindex=\"-1\" id=\"fusion-tab-direktnekoristizaprodaju\" href=\"#tab-234bfda5faf69ec6995\"><h4 class=\"fusion-tab-heading\">Direktne koristi za prodaju<\/h4><\/a><\/li><\/ul><\/div><div class=\"tab-content\"><div class=\"nav fusion-mobile-tab-nav\"><ul class=\"nav-tabs\" role=\"tablist\"><li class=\"active\" role=\"presentation\"><a class=\"tab-link\" data-toggle=\"tab\" role=\"tab\" aria-controls=\"tab-391cc11fe82da6fa264\" aria-selected=\"true\" id=\"mobile-fusion-tab-sigurnostposlovanja\" href=\"#tab-391cc11fe82da6fa264\"><h4 class=\"fusion-tab-heading\">Sigurnost poslovanja<\/h4><\/a><\/li><\/ul><\/div><div class=\"tab-pane fade fusion-clearfix in active\" role=\"tabpanel\" tabindex=\"0\" aria-labelledby=\"fusion-tab-sigurnostposlovanja\" id=\"tab-391cc11fe82da6fa264\">\n<p>Prijenosom rizika neispunjenja obaveza klijenata specijaliziranom osiguravatelju, koji bez sumnje podnosi rizike lak\u0161e nego tvrtka, prodavatelj obezbedi potrebnu ekonomsku sigurnost poslovanja. Osiguranje potra\u017eivanja nije samo va\u017eno zbog omogu\u010davanja osiguraniku naknada za nastale gubitke, ve\u0107 i zbog njihove dodatne, preventivne funkcije &#8211; prevenciju, ograni\u010davanje i smanjenje potra\u017eivanja.<\/p>\n<\/div><div class=\"nav fusion-mobile-tab-nav\"><ul class=\"nav-tabs\" role=\"tablist\"><li role=\"presentation\"><a class=\"tab-link\" data-toggle=\"tab\" role=\"tab\" aria-controls=\"tab-723d1306e36c45b2c77\" aria-selected=\"false\" tabindex=\"-1\" id=\"mobile-fusion-tab-pobolj\u0161anjeinternihprocesa\" href=\"#tab-723d1306e36c45b2c77\"><h4 class=\"fusion-tab-heading\">Pobolj\u0161anje internih procesa<\/h4><\/a><\/li><\/ul><\/div><div class=\"tab-pane fade fusion-clearfix\" role=\"tabpanel\" tabindex=\"0\" aria-labelledby=\"fusion-tab-pobolj\u0161anjeinternihprocesa\" id=\"tab-723d1306e36c45b2c77\">Naravno, svi osiguranici mogu o\u010dekivati od osiguravaju\u0107ih dru\u0161tava pla\u0107anje problemati\u010dnih potra\u017eivanja. Jednako va\u017ena korist koju osiguravatelju donosi saradnja sa osiguravaju\u0107im dru\u0161tvom i brokerima osiguranja jest u prevenciji &#8211; pobolj\u0161anju unutarnjih procesa, stalnoj skrbi za potra\u017eivanja kako u prodaji tako i u financijama.<\/div><div class=\"nav fusion-mobile-tab-nav\"><ul class=\"nav-tabs\" role=\"tablist\"><li role=\"presentation\"><a class=\"tab-link\" data-toggle=\"tab\" role=\"tab\" aria-controls=\"tab-4307318d2d8bff36d66\" aria-selected=\"false\" tabindex=\"-1\" id=\"mobile-fusion-tab-pobolj\u0161anjebonitetepreduze\u0107a-osiguranika\" href=\"#tab-4307318d2d8bff36d66\"><h4 class=\"fusion-tab-heading\">Pobolj\u0161anje bonitete preduze\u0107a - osiguranika<\/h4><\/a><\/li><\/ul><\/div><div class=\"tab-pane fade fusion-clearfix\" role=\"tabpanel\" tabindex=\"0\" aria-labelledby=\"fusion-tab-pobolj\u0161anjebonitetepreduze\u0107a-osiguranika\" id=\"tab-4307318d2d8bff36d66\">\n<p>Dobro implementirano upravljanje kreditnim rizikom pobolj\u0161ava kreditni rejting preduze\u0107a i pove\u0107ava njegovu pregovara\u010dku mo\u0107 sa kupcima i dobavlja\u010dima, kao i sa bankama i drugim financijskim institucijama, \u0161to zna\u010di i bolji pristup financiranju. Naime, osigurana potra\u017eivanja smatraju se kvalitetnom imovinom koja se mo\u017ee koristiti kao dodatna sigurnost.<\/p>\n<\/div><div class=\"nav fusion-mobile-tab-nav\"><ul class=\"nav-tabs\" role=\"tablist\"><li role=\"presentation\"><a class=\"tab-link\" data-toggle=\"tab\" role=\"tab\" aria-controls=\"tab-2f9ea5730d3cc0d98e0\" aria-selected=\"false\" tabindex=\"-1\" id=\"mobile-fusion-tab-boljalikvidnost\" href=\"#tab-2f9ea5730d3cc0d98e0\"><h4 class=\"fusion-tab-heading\">Bolja likvidnost<\/h4><\/a><\/li><\/ul><\/div><div class=\"tab-pane fade fusion-clearfix\" role=\"tabpanel\" tabindex=\"0\" aria-labelledby=\"fusion-tab-boljalikvidnost\" id=\"tab-2f9ea5730d3cc0d98e0\">\n<p data-fontsize=\"28\" data-lineheight=\"42\">Kreditno osiguranje osigurava pobolj\u0161anu likvidnost. Kroz kreditno osiguranje, nepredvi\u0111eni nov\u010dani tijek postaje sve predvidljiviji. Kreditno osigurano dru\u0161tvo ima manje problema s planiranjem nov\u010danih tijekova jer su pla\u0107anja kupaca predvidljivija. Kreditno osiguranje omogu\u0107ava sigurnost kod prodaje na odgo\u0111eno pla\u0107anje, \u0161to dobavlja\u010da \u010dini konkurentnijim na tr\u017ei\u0161tu.<\/p>\n<\/div><div class=\"nav fusion-mobile-tab-nav\"><ul class=\"nav-tabs\" role=\"tablist\"><li role=\"presentation\"><a class=\"tab-link\" data-toggle=\"tab\" role=\"tab\" aria-controls=\"tab-23b308104d40334b9ad\" aria-selected=\"false\" tabindex=\"-1\" id=\"mobile-fusion-tab-a\u017eurneinformacijeokupcima\" href=\"#tab-23b308104d40334b9ad\"><h4 class=\"fusion-tab-heading\">A\u017eurne informacije o kupcima<\/h4><\/a><\/li><\/ul><\/div><div class=\"tab-pane fade fusion-clearfix\" role=\"tabpanel\" tabindex=\"0\" aria-labelledby=\"fusion-tab-a\u017eurneinformacijeokupcima\" id=\"tab-23b308104d40334b9ad\">Unutar kreditnog osiguranja, tvrtka ima na raspolaganju a\u017eurne informacije o postoje\u0107im i potencijalnim<br \/>\nkupcima, uklju\u010duju\u0107i njihovu kreditnu sposobnost. Kroz uspostavljeni monitoring, osigurano preduze\u0107e se obavje\u0161tava o svim bitnim promjenama u promatranim tvrtkama, koje bi mogle uticati na solventnost kupaca, kroz \u010ditavo vrijeme trajanja limita.<\/div><div class=\"nav fusion-mobile-tab-nav\"><ul class=\"nav-tabs\" role=\"tablist\"><li role=\"presentation\"><a class=\"tab-link\" data-toggle=\"tab\" role=\"tab\" aria-controls=\"tab-24cb9962d57b6d120b6\" aria-selected=\"false\" tabindex=\"-1\" id=\"mobile-fusion-tab-boljaefikasnostnaplatepotra\u017eivanja\" href=\"#tab-24cb9962d57b6d120b6\"><h4 class=\"fusion-tab-heading\">Bolja efikasnost naplate potra\u017eivanja<\/h4><\/a><\/li><\/ul><\/div><div class=\"tab-pane fade fusion-clearfix\" role=\"tabpanel\" tabindex=\"0\" aria-labelledby=\"fusion-tab-boljaefikasnostnaplatepotra\u017eivanja\" id=\"tab-24cb9962d57b6d120b6\">Kreditno osiguravaju\u0107e dru\u0161tvo kao financijska institucija mo\u017ee biti va\u017eniji partner prema odre\u0111enom kupcu u usporedbi sa odre\u0111enim dobavlja\u010dem. Kad se dru\u0161tvo za osiguranje potra\u017eivanja aktivno uklju\u010duje u postupak naplate potra\u017eivanja, takva intervencija mo\u017ee pove\u0107ati disciplinu pla\u0107anja kupaca te \u010dak smanjiti vjerojatnost ka\u0161njena i neispunjavanja obveza.<\/div><div class=\"nav fusion-mobile-tab-nav\"><ul class=\"nav-tabs\" role=\"tablist\"><li role=\"presentation\"><a class=\"tab-link\" data-toggle=\"tab\" role=\"tab\" aria-controls=\"tab-234bfda5faf69ec6995\" aria-selected=\"false\" tabindex=\"-1\" id=\"mobile-fusion-tab-direktnekoristizaprodaju\" href=\"#tab-234bfda5faf69ec6995\"><h4 class=\"fusion-tab-heading\">Direktne koristi za prodaju<\/h4><\/a><\/li><\/ul><\/div><div class=\"tab-pane fade fusion-clearfix\" role=\"tabpanel\" tabindex=\"0\" aria-labelledby=\"fusion-tab-direktnekoristizaprodaju\" id=\"tab-234bfda5faf69ec6995\">\n<p>Uspostavljeno kreditno osiguranje prodajnim timovima pru\u017ea priliku da se usredoto\u010de i na postoje\u0107e i nove kupce, \u010dime se posti\u017ee ve\u0107a prodaja, \u0161to se odra\u017eava u boljim i stabilnijim poslovnim rezultatima.<\/p>\n<p>Pobolj\u0161anje portfelja kupaca tako\u0111er je postignuto jer neodobravanje kreditnog limita sa strane osiguravaju\u0107eg dru\u0161tva predstavlja jasan signal u pogledu kreditne sposobnosti potencijalnog kupca i ukazuje na potrebu dodatnog osiguranja u slu\u010daju da i dalje odlu\u010dite sura\u0111ivati s kupcem.<\/p>\n<\/div><\/div><\/div><div class=\"fusion-clearfix\"><\/div><\/div><\/div><\/div><\/div><div class=\"fusion-fullwidth fullwidth-box fusion-builder-row-3 nonhundred-percent-fullwidth non-hundred-percent-height-scrolling\" style=\"--awb-border-radius-top-left:0px;--awb-border-radius-top-right:0px;--awb-border-radius-bottom-right:0px;--awb-border-radius-bottom-left:0px;--awb-flex-wrap:wrap;\" ><div class=\"fusion-builder-row fusion-row\"><div class=\"fusion-layout-column fusion_builder_column fusion-builder-column-2 fusion_builder_column_1_4 1_4 fusion-one-fourth fusion-column-first\" style=\"--awb-bg-size:cover;width:25%;width:calc(25% - ( ( 4% + 4% ) * 0.25 ) );margin-right: 4%;\"><div class=\"fusion-column-wrapper fusion-flex-column-wrapper-legacy\"><div class=\"fusion-aligncenter\"><a class=\"fusion-button button-flat fusion-button-default-size button-custom fusion-button-default button-1 fusion-button-default-span fusion-button-default-type gumb-cta2\" style=\"--button_accent_color:#ffffff;--button_accent_hover_color:#ffffff;--button_border_hover_color:#ffffff;--button_gradient_top_color:#007ac2;--button_gradient_bottom_color:#007ac2;--button_gradient_top_color_hover:#000000;--button_gradient_bottom_color_hover:#000000;\" target=\"_self\" href=\"https:\/\/alpha-credo.com\/hr\/kreditna-osiguranja\/\"><span class=\"fusion-button-text\">&lt; KREDITNA OSIGURANJA<\/span><\/a><\/div><div class=\"fusion-clearfix\"><\/div><\/div><\/div><div class=\"fusion-layout-column fusion_builder_column fusion-builder-column-3 fusion_builder_column_1_2 1_2 fusion-one-half\" style=\"--awb-bg-size:cover;width:50%;width:calc(50% - ( ( 4% + 4% ) * 0.5 ) );margin-right: 4%;\"><div class=\"fusion-column-wrapper fusion-flex-column-wrapper-legacy\"><div class=\"fusion-clearfix\"><\/div><\/div><\/div><div class=\"fusion-layout-column fusion_builder_column fusion-builder-column-4 fusion_builder_column_1_4 1_4 fusion-one-fourth fusion-column-last\" style=\"--awb-bg-size:cover;width:25%;width:calc(25% - ( ( 4% + 4% ) * 0.25 ) );\"><div class=\"fusion-column-wrapper fusion-flex-column-wrapper-legacy\"><div class=\"fusion-aligncenter\"><a class=\"fusion-button button-flat fusion-button-default-size button-custom fusion-button-default button-2 fusion-button-default-span fusion-button-default-type gumb-cta2\" style=\"--button_accent_color:#ffffff;--button_accent_hover_color:#ffffff;--button_border_hover_color:#ffffff;--button_gradient_top_color:#007ac2;--button_gradient_bottom_color:#007ac2;--button_gradient_top_color_hover:#000000;--button_gradient_bottom_color_hover:#000000;\" target=\"_self\" href=\"https:\/\/alpha-credo.com\/hr\/ugovor-kreditnog-osiguranja\/\"><span class=\"fusion-button-text\">UGOVOR KREDITNOG OSIGURANJA &gt;<\/span><\/a><\/div><div class=\"fusion-clearfix\"><\/div><\/div><\/div><\/div><\/div><div class=\"fusion-fullwidth fullwidth-box fusion-builder-row-4 fusion-parallax-none nonhundred-percent-fullwidth non-hundred-percent-height-scrolling fusion-equal-height-columns\" style=\"--awb-border-radius-top-left:0px;--awb-border-radius-top-right:0px;--awb-border-radius-bottom-right:0px;--awb-border-radius-bottom-left:0px;--awb-padding-top:110px;--awb-padding-bottom:90px;--awb-margin-top:50px;--awb-margin-bottom:-1px;--awb-background-image:url(&quot;http:\/\/alpha-credo.com\/wp-content\/uploads\/2017\/05\/spoznajtenas-bcg.jpg&quot;);--awb-background-size:cover;--awb-flex-wrap:wrap;\" ><div class=\"fusion-builder-row fusion-row\"><div class=\"fusion-layout-column fusion_builder_column fusion-builder-column-5 fusion_builder_column_1_3 1_3 fusion-one-third fusion-column-first\" style=\"--awb-bg-size:cover;width:33.333333333333%;width:calc(33.333333333333% - ( ( 4% + 4% ) * 0.33333333333333 ) );margin-right: 4%;\"><div class=\"fusion-column-wrapper fusion-flex-column-wrapper-legacy\"><div class=\"fusion-clearfix\"><\/div><\/div><\/div><div class=\"fusion-layout-column fusion_builder_column fusion-builder-column-6 fusion_builder_column_1_3 1_3 fusion-one-third\" style=\"--awb-bg-size:cover;width:33.333333333333%;width:calc(33.333333333333% - ( ( 4% + 4% ) * 0.33333333333333 ) );margin-right: 4%;\"><div class=\"fusion-column-wrapper fusion-flex-column-wrapper-legacy\"><div class=\"fusion-clearfix\"><\/div><\/div><\/div><div class=\"fusion-layout-column fusion_builder_column fusion-builder-column-7 fusion_builder_column_1_3 1_3 fusion-one-third fusion-column-last\" style=\"--awb-bg-size:cover;width:33.333333333333%;width:calc(33.333333333333% - ( ( 4% + 4% ) * 0.33333333333333 ) );\"><div class=\"fusion-column-wrapper fusion-flex-column-wrapper-legacy\"><div class=\"fusion-text fusion-text-2\"><h1 style=\"text-align: center;\"><span style=\"color: #ffffff;\">Saznajte vi\u0161e o nama<\/span><\/h1>\n<\/div><div class=\"fusion-aligncenter\"><a class=\"fusion-button button-flat fusion-button-default-size button-custom fusion-button-default button-3 fusion-button-default-span fusion-button-default-type gumb-cta2\" style=\"--button_accent_color:#ffffff;--button_accent_hover_color:#ffffff;--button_border_hover_color:#ffffff;--button_gradient_top_color:#007ac2;--button_gradient_bottom_color:#007ac2;--button_gradient_top_color_hover:#000000;--button_gradient_bottom_color_hover:#000000;\" target=\"_self\" href=\"http:\/\/alpha-credo.com\/hr\/tim\/\"><span class=\"fusion-button-text\">TIM<\/span><\/a><\/div><div class=\"fusion-clearfix\"><\/div><\/div><\/div><\/div><\/div>\n","protected":false},"excerpt":{"rendered":"","protected":false},"author":1,"featured_media":0,"parent":0,"menu_order":0,"comment_status":"closed","ping_status":"closed","template":"100-width.php","meta":[],"yoast_head":"<!-- This site is optimized with the Yoast SEO plugin v20.9 - https:\/\/yoast.com\/wordpress\/plugins\/seo\/ -->\n<title>Prednosti i mane kreditnog osiguranja - Alpha Credo<\/title>\n<meta name=\"robots\" content=\"index, follow, max-snippet:-1, max-image-preview:large, max-video-preview:-1\" \/>\n<link rel=\"canonical\" href=\"https:\/\/alpha-credo.com\/advantages-and-benefits-of-credit-insurance\/\" \/>\n<meta property=\"og:locale\" content=\"hr_HR\" \/>\n<meta property=\"og:type\" content=\"article\" \/>\n<meta property=\"og:title\" content=\"Prednosti i mane kreditnog osiguranja - Alpha Credo\" \/>\n<meta property=\"og:url\" content=\"https:\/\/alpha-credo.com\/advantages-and-benefits-of-credit-insurance\/\" \/>\n<meta property=\"og:site_name\" content=\"Alpha Credo\" \/>\n<meta property=\"article:modified_time\" content=\"2021-07-13T12:04:20+00:00\" \/>\n<meta name=\"twitter:card\" content=\"summary_large_image\" \/>\n<meta name=\"twitter:label1\" content=\"Est. reading time\" \/>\n\t<meta name=\"twitter:data1\" content=\"9 minutes\" \/>\n<script type=\"application\/ld+json\" class=\"yoast-schema-graph\">{\"@context\":\"https:\/\/schema.org\",\"@graph\":[{\"@type\":\"WebPage\",\"@id\":\"https:\/\/alpha-credo.com\/advantages-and-benefits-of-credit-insurance\/\",\"url\":\"https:\/\/alpha-credo.com\/advantages-and-benefits-of-credit-insurance\/\",\"name\":\"Prednosti i mane kreditnog osiguranja - Alpha Credo\",\"isPartOf\":{\"@id\":\"https:\/\/alpha-credo.com\/sl\/#website\"},\"datePublished\":\"2017-05-22T11:43:59+00:00\",\"dateModified\":\"2021-07-13T12:04:20+00:00\",\"breadcrumb\":{\"@id\":\"https:\/\/alpha-credo.com\/advantages-and-benefits-of-credit-insurance\/#breadcrumb\"},\"inLanguage\":\"hr-HR\",\"potentialAction\":[{\"@type\":\"ReadAction\",\"target\":[\"https:\/\/alpha-credo.com\/advantages-and-benefits-of-credit-insurance\/\"]}]},{\"@type\":\"BreadcrumbList\",\"@id\":\"https:\/\/alpha-credo.com\/advantages-and-benefits-of-credit-insurance\/#breadcrumb\",\"itemListElement\":[{\"@type\":\"ListItem\",\"position\":1,\"name\":\"Home\",\"item\":\"https:\/\/alpha-credo.com\/\"},{\"@type\":\"ListItem\",\"position\":2,\"name\":\"Prednosti i mane kreditnog osiguranja\"}]},{\"@type\":\"WebSite\",\"@id\":\"https:\/\/alpha-credo.com\/sl\/#website\",\"url\":\"https:\/\/alpha-credo.com\/sl\/\",\"name\":\"Alpha Credo\",\"description\":\"Zavarovalno posredni\u0161ka dru\u017eba\/Insurance Brokerage\",\"potentialAction\":[{\"@type\":\"SearchAction\",\"target\":{\"@type\":\"EntryPoint\",\"urlTemplate\":\"https:\/\/alpha-credo.com\/sl\/?s={search_term_string}\"},\"query-input\":\"required name=search_term_string\"}],\"inLanguage\":\"hr-HR\"}]}<\/script>\n<!-- \/ Yoast SEO plugin. -->","yoast_head_json":{"title":"Prednosti i mane kreditnog osiguranja - Alpha Credo","robots":{"index":"index","follow":"follow","max-snippet":"max-snippet:-1","max-image-preview":"max-image-preview:large","max-video-preview":"max-video-preview:-1"},"canonical":"https:\/\/alpha-credo.com\/advantages-and-benefits-of-credit-insurance\/","og_locale":"hr_HR","og_type":"article","og_title":"Prednosti i mane kreditnog osiguranja - Alpha Credo","og_url":"https:\/\/alpha-credo.com\/advantages-and-benefits-of-credit-insurance\/","og_site_name":"Alpha Credo","article_modified_time":"2021-07-13T12:04:20+00:00","twitter_card":"summary_large_image","twitter_misc":{"Est. reading time":"9 minutes"},"schema":{"@context":"https:\/\/schema.org","@graph":[{"@type":"WebPage","@id":"https:\/\/alpha-credo.com\/advantages-and-benefits-of-credit-insurance\/","url":"https:\/\/alpha-credo.com\/advantages-and-benefits-of-credit-insurance\/","name":"Prednosti i mane kreditnog osiguranja - Alpha Credo","isPartOf":{"@id":"https:\/\/alpha-credo.com\/sl\/#website"},"datePublished":"2017-05-22T11:43:59+00:00","dateModified":"2021-07-13T12:04:20+00:00","breadcrumb":{"@id":"https:\/\/alpha-credo.com\/advantages-and-benefits-of-credit-insurance\/#breadcrumb"},"inLanguage":"hr-HR","potentialAction":[{"@type":"ReadAction","target":["https:\/\/alpha-credo.com\/advantages-and-benefits-of-credit-insurance\/"]}]},{"@type":"BreadcrumbList","@id":"https:\/\/alpha-credo.com\/advantages-and-benefits-of-credit-insurance\/#breadcrumb","itemListElement":[{"@type":"ListItem","position":1,"name":"Home","item":"https:\/\/alpha-credo.com\/"},{"@type":"ListItem","position":2,"name":"Prednosti i mane kreditnog osiguranja"}]},{"@type":"WebSite","@id":"https:\/\/alpha-credo.com\/sl\/#website","url":"https:\/\/alpha-credo.com\/sl\/","name":"Alpha Credo","description":"Zavarovalno posredni\u0161ka dru\u017eba\/Insurance Brokerage","potentialAction":[{"@type":"SearchAction","target":{"@type":"EntryPoint","urlTemplate":"https:\/\/alpha-credo.com\/sl\/?s={search_term_string}"},"query-input":"required name=search_term_string"}],"inLanguage":"hr-HR"}]}},"_links":{"self":[{"href":"https:\/\/alpha-credo.com\/hr\/wp-json\/wp\/v2\/pages\/1013"}],"collection":[{"href":"https:\/\/alpha-credo.com\/hr\/wp-json\/wp\/v2\/pages"}],"about":[{"href":"https:\/\/alpha-credo.com\/hr\/wp-json\/wp\/v2\/types\/page"}],"author":[{"embeddable":true,"href":"https:\/\/alpha-credo.com\/hr\/wp-json\/wp\/v2\/users\/1"}],"replies":[{"embeddable":true,"href":"https:\/\/alpha-credo.com\/hr\/wp-json\/wp\/v2\/comments?post=1013"}],"version-history":[{"count":7,"href":"https:\/\/alpha-credo.com\/hr\/wp-json\/wp\/v2\/pages\/1013\/revisions"}],"predecessor-version":[{"id":2925,"href":"https:\/\/alpha-credo.com\/hr\/wp-json\/wp\/v2\/pages\/1013\/revisions\/2925"}],"wp:attachment":[{"href":"https:\/\/alpha-credo.com\/hr\/wp-json\/wp\/v2\/media?parent=1013"}],"curies":[{"name":"wp","href":"https:\/\/api.w.org\/{rel}","templated":true}]}}