{"id":1043,"date":"2017-09-13T09:05:41","date_gmt":"2017-09-13T09:05:41","guid":{"rendered":"http:\/\/alpha-credo.com\/potek\/"},"modified":"2020-12-16T12:50:29","modified_gmt":"2020-12-16T11:50:29","slug":"postupak","status":"publish","type":"page","link":"https:\/\/alpha-credo.com\/hr\/postupak\/","title":{"rendered":"Postupak"},"content":{"rendered":"<div class=\"fusion-fullwidth fullwidth-box fusion-builder-row-1 nonhundred-percent-fullwidth non-hundred-percent-height-scrolling\" style=\"--awb-border-radius-top-left:0px;--awb-border-radius-top-right:0px;--awb-border-radius-bottom-right:0px;--awb-border-radius-bottom-left:0px;--awb-padding-right:0px;--awb-padding-left:0px;--awb-background-color:#0082c8;--awb-flex-wrap:wrap;\" ><div class=\"fusion-builder-row fusion-row\"><div class=\"fusion-layout-column fusion_builder_column fusion-builder-column-0 fusion_builder_column_1_1 1_1 fusion-one-full fusion-column-first fusion-column-last\" style=\"--awb-padding-top:20px;--awb-padding-bottom:8px;--awb-bg-size:cover;--awb-margin-bottom:0px;\"><div class=\"fusion-column-wrapper fusion-flex-column-wrapper-legacy\"><div class=\"fusion-text fusion-text-1\"><p><span style=\"color: #ffffff; font-size: 36px;\">Kako poteka<\/span><\/p>\n<\/div><div class=\"fusion-clearfix\"><\/div><\/div><\/div><\/div><\/div><div class=\"fusion-fullwidth fullwidth-box fusion-builder-row-2 fusion-parallax-none row-koraki nonhundred-percent-fullwidth non-hundred-percent-height-scrolling\" style=\"--awb-background-position:right center;--awb-border-radius-top-left:0px;--awb-border-radius-top-right:0px;--awb-border-radius-bottom-right:0px;--awb-border-radius-bottom-left:0px;--awb-padding-top:20px;--awb-padding-bottom:0px;--awb-margin-top:75px;--awb-margin-bottom:0px;--awb-background-image:url(&quot;http:\/\/alpha-credo.com\/wp-content\/uploads\/2017\/09\/prvikorakv2.jpg&quot;);--awb-background-size:cover;--awb-flex-wrap:wrap;\" ><div class=\"fusion-builder-row fusion-row\"><div class=\"fusion-layout-column fusion_builder_column fusion-builder-column-1 fusion_builder_column_1_1 1_1 fusion-one-full fusion-column-first fusion-column-last\" style=\"--awb-padding-top:20px;--awb-bg-position:right center;--awb-bg-size:cover;\"><div class=\"fusion-column-wrapper fusion-flex-column-wrapper-legacy\"><div class=\"fusion-text fusion-text-2\"><h2><span style=\"color: #0082c8; font-size: 24px !Important;\"><strong>URE\u0110IVANJE ODNOSA<\/strong><\/span><\/h2>\n<\/div><div class=\"fusion-clearfix\"><\/div><\/div><\/div><div class=\"fusion-layout-column fusion_builder_column fusion-builder-column-2 fusion_builder_column_1_1 1_1 fusion-one-full fusion-column-first fusion-column-last\" style=\"--awb-bg-position:right center;--awb-bg-size:cover;--awb-margin-bottom:0px;\"><div class=\"fusion-column-wrapper fusion-flex-column-wrapper-legacy\"><div class=\"fusion-text fusion-text-3\"><p><strong>a.<\/strong> Sporazum o neotkrivanju informacija<br \/>\n<strong>b.<\/strong> Ugovor o posredovanju<br \/>\n<strong>c.<\/strong> Ovla\u0161tenje<\/p>\n<\/div><div class=\"fusion-clearfix\"><\/div><\/div><\/div><\/div><\/div><div class=\"fusion-fullwidth fullwidth-box fusion-builder-row-3 fusion-parallax-none row-koraki2 nonhundred-percent-fullwidth non-hundred-percent-height-scrolling\" style=\"--awb-background-position:right center;--awb-border-radius-top-left:0px;--awb-border-radius-top-right:0px;--awb-border-radius-bottom-right:0px;--awb-border-radius-bottom-left:0px;--awb-padding-top:0px;--awb-padding-bottom:30px;--awb-margin-top:-100px;--awb-margin-bottom:0px;--awb-background-image:url(&quot;http:\/\/alpha-credo.com\/wp-content\/uploads\/2017\/09\/drugikorakv2.jpg&quot;);--awb-background-size:cover;--awb-flex-wrap:wrap;\" ><div class=\"fusion-builder-row fusion-row\"><div class=\"fusion-layout-column fusion_builder_column fusion-builder-column-3 fusion_builder_column_1_1 1_1 fusion-one-full fusion-column-first fusion-column-last\" style=\"--awb-padding-top:150px;--awb-bg-position:right center;--awb-bg-size:cover;\"><div class=\"fusion-column-wrapper fusion-flex-column-wrapper-legacy\"><div class=\"fusion-text fusion-text-4\"><h2><span style=\"color: #0082c8; font-size: 24px !Important;\"><strong>PRIDOBIVANJE INFORMACIJA O \u017dELJAMA I POTREBAMA OSIGURANIKA<\/strong><\/span><\/h2>\n<\/div><div class=\"fusion-clearfix\"><\/div><\/div><\/div><div class=\"fusion-layout-column fusion_builder_column fusion-builder-column-4 fusion_builder_column_1_1 1_1 fusion-one-full fusion-column-first fusion-column-last\" style=\"--awb-bg-position:right center;--awb-bg-size:cover;\"><div class=\"fusion-column-wrapper fusion-flex-column-wrapper-legacy\"><div class=\"fusion-text fusion-text-5\"><p><strong>a.<\/strong> Djelatnost<br \/>\n<strong>b.<\/strong> Kupci<br \/>\n<strong>c.<\/strong> Uvjeti pla\u0107anja<strong><br \/>\nd.<\/strong> Izlo\u017eenost<strong><br \/>\ne.<\/strong> Procesi<br \/>\n<strong>f.<\/strong> Ka\u0161njenja<\/p>\n<\/div><div class=\"fusion-clearfix\"><\/div><\/div><\/div><\/div><\/div><div class=\"fusion-fullwidth fullwidth-box fusion-builder-row-4 fusion-parallax-none row-koraki3 nonhundred-percent-fullwidth non-hundred-percent-height-scrolling\" style=\"--awb-background-position:right center;--awb-border-radius-top-left:0px;--awb-border-radius-top-right:0px;--awb-border-radius-bottom-right:0px;--awb-border-radius-bottom-left:0px;--awb-padding-top:0px;--awb-padding-bottom:30px;--awb-margin-top:-270px;--awb-margin-bottom:0px;--awb-background-image:url(&quot;http:\/\/alpha-credo.com\/wp-content\/uploads\/2017\/09\/tretjikorakv2.jpg&quot;);--awb-background-size:cover;--awb-flex-wrap:wrap;\" ><div class=\"fusion-builder-row fusion-row\"><div class=\"fusion-layout-column fusion_builder_column fusion-builder-column-5 fusion_builder_column_1_1 1_1 fusion-one-full fusion-column-first fusion-column-last\" style=\"--awb-padding-top:230px;--awb-bg-position:right center;--awb-bg-size:cover;\"><div class=\"fusion-column-wrapper fusion-flex-column-wrapper-legacy\"><div class=\"fusion-text fusion-text-6\"><h2><span style=\"color: #0082c8; font-size: 24px !Important;\"><strong>TENDER<\/strong><\/span><\/h2>\n<\/div><div class=\"fusion-clearfix\"><\/div><\/div><\/div><div class=\"fusion-layout-column fusion_builder_column fusion-builder-column-6 fusion_builder_column_1_1 1_1 fusion-one-full fusion-column-first fusion-column-last\" style=\"--awb-bg-position:right center;--awb-bg-size:cover;\"><div class=\"fusion-column-wrapper fusion-flex-column-wrapper-legacy\"><div class=\"fusion-text fusion-text-7\"><p><strong>a.<\/strong> Na\u0161e bogato znanje i iskustva su odli\u010dan temelj za kvalitetno definiranje, kakva pokri\u0107a vam trebaju,<br \/>\nkakav vlastiti udio vam odgovara i kakvi su odgovaraju\u0107i limiti pokri\u0107a.<br \/>\n<strong>b.<\/strong> Osiguravaju\u0107a dru\u0161tva pozovemo, da pripreme ponude na osnovi tra\u017eenih parametara<strong>.<br \/>\nc.<\/strong> Ponude analiziramo i pripremimo usporedbe.<br \/>\nRazli\u010dita osiguravaju\u0107a dru\u0161tva upotrebljavaju razli\u010dite na\u010dine obra\u010dunavanja premije i nude razli\u010dite sisteme bonus-malus.<br \/>\nBitna je i usporedba tro\u0161ka osiguranja i odobrenim pokri\u0107em.<br \/>\n<strong>d.<\/strong> Po potrebi nastavimo sa dodatnim pregovaranjima &#8211; obi\u010dno sa osiguravaju\u010dim dru\u0161tvima, koja su dala najbolje ponude.<strong><br \/>\ne.<\/strong> Na temelju na\u0161e analize primljenih ponuda na\u0161 klijent odlu\u0107i o kona\u010dnom izboru osiguravaju\u010deg dru\u0161tva.<\/p>\n<\/div><div class=\"fusion-clearfix\"><\/div><\/div><\/div><\/div><\/div><div class=\"fusion-fullwidth fullwidth-box fusion-builder-row-5 fusion-parallax-none row-koraki4 nonhundred-percent-fullwidth non-hundred-percent-height-scrolling\" style=\"--awb-background-position:right center;--awb-border-radius-top-left:0px;--awb-border-radius-top-right:0px;--awb-border-radius-bottom-right:0px;--awb-border-radius-bottom-left:0px;--awb-padding-top:20px;--awb-padding-bottom:0px;--awb-margin-top:-70px;--awb-margin-bottom:80px;--awb-background-image:url(&quot;http:\/\/alpha-credo.com\/wp-content\/uploads\/2017\/09\/cetrtikorakv2.jpg&quot;);--awb-background-size:cover;--awb-flex-wrap:wrap;\" ><div class=\"fusion-builder-row fusion-row\"><div class=\"fusion-layout-column fusion_builder_column fusion-builder-column-7 fusion_builder_column_1_1 1_1 fusion-one-full fusion-column-first fusion-column-last\" style=\"--awb-padding-top:20px;--awb-bg-position:right center;--awb-bg-size:cover;\"><div class=\"fusion-column-wrapper fusion-flex-column-wrapper-legacy\"><div class=\"fusion-text fusion-text-8\"><h2><span style=\"color: #0082c8; font-size: 24px !Important;\"><strong>POTPIS UGOVORA O OSIGURANJU<\/strong><\/span><\/h2>\n<\/div><div class=\"fusion-clearfix\"><\/div><\/div><\/div><div class=\"fusion-layout-column fusion_builder_column fusion-builder-column-8 fusion_builder_column_1_1 1_1 fusion-one-full fusion-column-first fusion-column-last\" style=\"--awb-bg-position:right center;--awb-bg-size:cover;--awb-margin-bottom:0px;\"><div class=\"fusion-column-wrapper fusion-flex-column-wrapper-legacy\"><div class=\"fusion-text fusion-text-9\"><p><strong>a.<\/strong> Kontroliramo kona\u010dni tekst ugovora.<br \/>\n<strong>b.<\/strong> Osiguranik potpi\u0161e ugovor direktno sa osiguravaju\u010dim dru\u0161tvom..<strong><br \/>\nc.<\/strong> Slijedi razdoblje saradnje kod upravljanja potra\u017eivanja.<\/p>\n<\/div><div class=\"fusion-clearfix\"><\/div><\/div><\/div><\/div><\/div><div class=\"fusion-fullwidth fullwidth-box fusion-builder-row-6 fusion-parallax-none row-koraki4 nonhundred-percent-fullwidth non-hundred-percent-height-scrolling\" style=\"--awb-background-position:right center;--awb-border-radius-top-left:0px;--awb-border-radius-top-right:0px;--awb-border-radius-bottom-right:0px;--awb-border-radius-bottom-left:0px;--awb-padding-top:20px;--awb-padding-bottom:0px;--awb-margin-top:-70px;--awb-margin-bottom:80px;--awb-background-image:url(&quot;http:\/\/alpha-credo.com\/wp-content\/uploads\/2017\/09\/korak5.jpg&quot;);--awb-background-size:cover;--awb-flex-wrap:wrap;\" ><div class=\"fusion-builder-row fusion-row\"><div class=\"fusion-layout-column fusion_builder_column fusion-builder-column-9 fusion_builder_column_1_1 1_1 fusion-one-full fusion-column-first fusion-column-last\" style=\"--awb-padding-top:20px;--awb-bg-position:right center;--awb-bg-size:cover;\"><div class=\"fusion-column-wrapper fusion-flex-column-wrapper-legacy\"><div class=\"fusion-text fusion-text-10\"><h2><span style=\"color: #0082c8; font-size: 24px !Important;\"><strong>SARADNJA NA PODRU\u010cJU UPRAVLJANJA POTRA\u017dIVANJA<br \/>\n<\/strong><\/span><span style=\"color: #0082c8; font-size: 24px !Important;\"><strong>TIJEKOM CIJELE GODINE<br \/>\n<\/strong><\/span><\/h2>\n<\/div><div class=\"fusion-clearfix\"><\/div><\/div><\/div><div class=\"fusion-layout-column fusion_builder_column fusion-builder-column-10 fusion_builder_column_1_1 1_1 fusion-one-full fusion-column-first fusion-column-last\" style=\"--awb-bg-position:right center;--awb-bg-size:cover;--awb-margin-bottom:0px;\"><div class=\"fusion-column-wrapper fusion-flex-column-wrapper-legacy\"><div class=\"fusion-text fusion-text-11\"><p><strong>a.<\/strong> Alpha Credo aktivno u\u010destvuje kod uspostavljanja i odr\u017eavanja kreditnih limita.<br \/>\n<strong>b.<\/strong> U slu\u010daju ka\u0161njenja sa pla\u0107anjima osiguraniku poma\u017eemo oko naplate potra\u017eivanja<strong>.<br \/>\nc.<\/strong> Svojim klijentima poma\u017eemo kod ot\u0161etnih zahtjeva.<\/p>\n<\/div><div class=\"fusion-clearfix\"><\/div><\/div><\/div><\/div><\/div>\n","protected":false},"excerpt":{"rendered":"","protected":false},"author":1,"featured_media":0,"parent":0,"menu_order":0,"comment_status":"closed","ping_status":"closed","template":"100-width.php","meta":[],"yoast_head":"<!-- This site is optimized with the Yoast SEO plugin v20.9 - https:\/\/yoast.com\/wordpress\/plugins\/seo\/ -->\n<title>Postupak - Alpha Credo<\/title>\n<meta name=\"robots\" content=\"index, follow, max-snippet:-1, max-image-preview:large, max-video-preview:-1\" \/>\n<link rel=\"canonical\" href=\"https:\/\/alpha-credo.com\/workflow\/\" \/>\n<meta property=\"og:locale\" content=\"hr_HR\" \/>\n<meta property=\"og:type\" content=\"article\" \/>\n<meta property=\"og:title\" content=\"Postupak - Alpha Credo\" \/>\n<meta property=\"og:url\" content=\"https:\/\/alpha-credo.com\/workflow\/\" \/>\n<meta property=\"og:site_name\" content=\"Alpha Credo\" \/>\n<meta property=\"article:modified_time\" content=\"2020-12-16T11:50:29+00:00\" \/>\n<meta name=\"twitter:card\" content=\"summary_large_image\" \/>\n<meta name=\"twitter:label1\" content=\"Est. reading time\" \/>\n\t<meta name=\"twitter:data1\" content=\"9 minutes\" \/>\n<script type=\"application\/ld+json\" class=\"yoast-schema-graph\">{\"@context\":\"https:\/\/schema.org\",\"@graph\":[{\"@type\":\"WebPage\",\"@id\":\"https:\/\/alpha-credo.com\/workflow\/\",\"url\":\"https:\/\/alpha-credo.com\/workflow\/\",\"name\":\"Postupak - Alpha Credo\",\"isPartOf\":{\"@id\":\"https:\/\/alpha-credo.com\/sl\/#website\"},\"datePublished\":\"2017-09-13T09:05:41+00:00\",\"dateModified\":\"2020-12-16T11:50:29+00:00\",\"breadcrumb\":{\"@id\":\"https:\/\/alpha-credo.com\/workflow\/#breadcrumb\"},\"inLanguage\":\"hr-HR\",\"potentialAction\":[{\"@type\":\"ReadAction\",\"target\":[\"https:\/\/alpha-credo.com\/workflow\/\"]}]},{\"@type\":\"BreadcrumbList\",\"@id\":\"https:\/\/alpha-credo.com\/workflow\/#breadcrumb\",\"itemListElement\":[{\"@type\":\"ListItem\",\"position\":1,\"name\":\"Home\",\"item\":\"https:\/\/alpha-credo.com\/\"},{\"@type\":\"ListItem\",\"position\":2,\"name\":\"Postupak\"}]},{\"@type\":\"WebSite\",\"@id\":\"https:\/\/alpha-credo.com\/sl\/#website\",\"url\":\"https:\/\/alpha-credo.com\/sl\/\",\"name\":\"Alpha Credo\",\"description\":\"Zavarovalno posredni\u0161ka dru\u017eba\/Insurance Brokerage\",\"potentialAction\":[{\"@type\":\"SearchAction\",\"target\":{\"@type\":\"EntryPoint\",\"urlTemplate\":\"https:\/\/alpha-credo.com\/sl\/?s={search_term_string}\"},\"query-input\":\"required name=search_term_string\"}],\"inLanguage\":\"hr-HR\"}]}<\/script>\n<!-- \/ Yoast SEO plugin. -->","yoast_head_json":{"title":"Postupak - Alpha Credo","robots":{"index":"index","follow":"follow","max-snippet":"max-snippet:-1","max-image-preview":"max-image-preview:large","max-video-preview":"max-video-preview:-1"},"canonical":"https:\/\/alpha-credo.com\/workflow\/","og_locale":"hr_HR","og_type":"article","og_title":"Postupak - Alpha Credo","og_url":"https:\/\/alpha-credo.com\/workflow\/","og_site_name":"Alpha Credo","article_modified_time":"2020-12-16T11:50:29+00:00","twitter_card":"summary_large_image","twitter_misc":{"Est. reading time":"9 minutes"},"schema":{"@context":"https:\/\/schema.org","@graph":[{"@type":"WebPage","@id":"https:\/\/alpha-credo.com\/workflow\/","url":"https:\/\/alpha-credo.com\/workflow\/","name":"Postupak - Alpha Credo","isPartOf":{"@id":"https:\/\/alpha-credo.com\/sl\/#website"},"datePublished":"2017-09-13T09:05:41+00:00","dateModified":"2020-12-16T11:50:29+00:00","breadcrumb":{"@id":"https:\/\/alpha-credo.com\/workflow\/#breadcrumb"},"inLanguage":"hr-HR","potentialAction":[{"@type":"ReadAction","target":["https:\/\/alpha-credo.com\/workflow\/"]}]},{"@type":"BreadcrumbList","@id":"https:\/\/alpha-credo.com\/workflow\/#breadcrumb","itemListElement":[{"@type":"ListItem","position":1,"name":"Home","item":"https:\/\/alpha-credo.com\/"},{"@type":"ListItem","position":2,"name":"Postupak"}]},{"@type":"WebSite","@id":"https:\/\/alpha-credo.com\/sl\/#website","url":"https:\/\/alpha-credo.com\/sl\/","name":"Alpha Credo","description":"Zavarovalno posredni\u0161ka dru\u017eba\/Insurance Brokerage","potentialAction":[{"@type":"SearchAction","target":{"@type":"EntryPoint","urlTemplate":"https:\/\/alpha-credo.com\/sl\/?s={search_term_string}"},"query-input":"required name=search_term_string"}],"inLanguage":"hr-HR"}]}},"_links":{"self":[{"href":"https:\/\/alpha-credo.com\/hr\/wp-json\/wp\/v2\/pages\/1043"}],"collection":[{"href":"https:\/\/alpha-credo.com\/hr\/wp-json\/wp\/v2\/pages"}],"about":[{"href":"https:\/\/alpha-credo.com\/hr\/wp-json\/wp\/v2\/types\/page"}],"author":[{"embeddable":true,"href":"https:\/\/alpha-credo.com\/hr\/wp-json\/wp\/v2\/users\/1"}],"replies":[{"embeddable":true,"href":"https:\/\/alpha-credo.com\/hr\/wp-json\/wp\/v2\/comments?post=1043"}],"version-history":[{"count":5,"href":"https:\/\/alpha-credo.com\/hr\/wp-json\/wp\/v2\/pages\/1043\/revisions"}],"predecessor-version":[{"id":2307,"href":"https:\/\/alpha-credo.com\/hr\/wp-json\/wp\/v2\/pages\/1043\/revisions\/2307"}],"wp:attachment":[{"href":"https:\/\/alpha-credo.com\/hr\/wp-json\/wp\/v2\/media?parent=1043"}],"curies":[{"name":"wp","href":"https:\/\/api.w.org\/{rel}","templated":true}]}}