{"id":1067,"date":"2018-05-21T14:07:15","date_gmt":"2018-05-21T12:07:15","guid":{"rendered":"http:\/\/alpha-credo.com\/varovanje-osebnih-podatkov-piskotki\/"},"modified":"2018-05-22T09:00:05","modified_gmt":"2018-05-22T07:00:05","slug":"zastita-osobnih-podataka-i-kolacici","status":"publish","type":"page","link":"https:\/\/alpha-credo.com\/hr\/zastita-osobnih-podataka-i-kolacici\/","title":{"rendered":"Za\u0161tita osobnih podataka i kola\u010di\u0107i"},"content":{"rendered":"<h3>Tko smo mi?<\/h3>\n<div>Adresa na\u0161e web stranice je:\u00a0<a href=\"http:\/\/alpha-credo.com\/\" target=\"_blank\" rel=\"noopener\" data-saferedirecturl=\"https:\/\/www.google.com\/url?hl=sl&amp;q=http:\/\/alpha-credo.com\/&amp;source=gmail&amp;ust=1527057483643000&amp;usg=AFQjCNEJTsGTH0TxrZWZ99203BjyBMr7JQ\">http:\/\/alpha-credo.com\/<\/a><\/div>\n<div><\/div>\n<div>ALPHA CREDO d.o.o.<\/div>\n<div><a href=\"https:\/\/maps.google.com\/?q=Dunajska+cesta+159,+Ljubljana,+1000+Ljubljana&amp;entry=gmail&amp;source=g\">Dunajska cesta 159, Ljubljana, 1000 Ljubljana<\/a><\/div>\n<div><\/div>\n<div>Porezni obveznik: NE<\/div>\n<div><\/div>\n<h3>Kakve osobne podatke prikupljamo i za\u0161to? Kroz kola\u010di\u0107e<\/h3>\n<div><strong>statistika<\/strong><\/div>\n<div>Google Analytics<\/div>\n<div>Koristimo uslugu Google Analytics za upravljanje statistikama posjeta na web-lokaciji.<\/div>\n<div><\/div>\n<h3>S kim dijelimo va\u0161e osobne podatke?<\/h3>\n<div>Va\u0161a web lokacija dijeli podatke o va\u0161em posjetu isklju\u010divo s uslugom Google Analytics. Alpha-credo.si ne dijeli nikakve druge podatke s tre\u0107om stranom.<\/div>\n<div><\/div>\n<h3>Koliko dugo pohranjujemo va\u0161e podatke?<\/h3>\n<div>Ne prikupljamo va\u0161e podatke sami. Va\u0161i se podaci pohranjuju samo u Google Analyticsu, koji \u0107e nakon odre\u0111enog vremena biti izbrisani prema njihovim pravilima.<\/div>\n<p>&nbsp;<\/p>\n<h3>Koja prava imate u vezi s va\u0161im podacima?<\/h3>\n<div>Budu\u0107i da ne pohranjujemo va\u0161e osobne podatke na na\u0161oj web stranici, ne postoji na\u010din da \u0107e netko zloupotrijebiti va\u0161e osobne podatke.<\/div>\n<div><\/div>\n<h3>Kako \u0161titimo va\u0161e podatke?<\/h3>\n<div>Va\u0161i se podaci obra\u0111uju putem sigurnog poslu\u017eitelja hosted by webicom.net hosting provider. Ni mi ni\u00a0pru\u017eatelj hostinga ne \u010duvamo va\u0161e osobne podatke..<\/div>\n<div><\/div>\n<h3>\u0160to su kola\u010di\u0107i?<\/h3>\n<div>Kola\u010di\u0107i su male tekstualne datoteke koje su pohranjene na va\u0161em ra\u010dunalu kada posjetite na\u0161u web stranicu i ne na\u0161kodimo va\u0161em hardveru ili softveru. Njihova pohrana je pod potpunom kontrolom preglednika korisnika &#8211; to se mo\u017ee koristiti za ograni\u010davanje ili onemogu\u0107avanje pohrane kola\u010di\u0107a (cookieja). Kola\u010di\u0107i nisu \u0161tetni i uvijek su vremenski ograni\u010deni.<\/div>\n<div><\/div>\n<div>Kori\u0161tenje kola\u010di\u0107a u Europskoj uniji (EU) pru\u017ea Direktiva o privatnosti i elektroni\u010dkim komunikacijama 2002\/58 \/ EZ, \u010dlanak koji se odnosi na kola\u010di\u0107e i sli\u010dne tehnologije, kao \u0161to je izmijenjena i dopunjena Direktivom 136\/2009.<\/div>\n<div><\/div>\n<div>Slovenska zakonodavstvo omogu\u0107uje kori\u0161tenje kola\u010di\u0107a Zakon elektroni\u010dke komunikacije i elektroni\u010dke komunikacije Zakon-1 (Narodne novine, br. 109\/2012), \u010dlanak 157. daje pravnu osnovu za zabrinutost za privatnost korisnika interneta.<\/div>\n<div><\/div>\n<h3>Za\u0161to su potrebni kola\u010di\u0107i?<\/h3>\n<div>Oni su od temeljne va\u017enosti za pru\u017eanje jednostavnih online usluga. Interakcija web korisnika i web stranice je br\u017ea i jednostavnija uz pomo\u0107 kola\u010di\u0107a. Sa svojom pomo\u0107i, web mjesto pamti preferencije i iskustva pojedinca, \u010dime se \u0161tedi vrijeme i \u010dini pregledavanje u\u010dinkovitije i prijateljskije.<\/div>\n<div><\/div>\n<div>Web stranica na bilo koji korisnik na po\u010detku svakog kori\u0161tenja web stranice dodijeliti kola\u010di\u0107 identificirati, pratiti kolica i osiguranje sljedivosti (tzv \u201ekola\u010di\u0107a\u201d) na server memorijskih trgovinama samo za vrijeme trajanja posjete web stranice i isti\u010de nakon jednog sata neaktivnosti. Trgovac tako\u0111er mo\u017ee pohraniti neke trajne kola\u010di\u0107e na korisni\u010dkom ra\u010dunalu, kao \u0161to je, na primjer, identifikacijski broj korisnika u \u0161ifriranom formatu za identifikaciju sljede\u0107eg posjeta web stranici i neizravno vanjski kola\u010di\u0107i Google Analyticsa koji slu\u017ee za analizu posjeta web-lokaciji. Laserski web site mo\u017ee koristiti te podatke u anonimnom sa\u017eetom obliku za potrebe statisti\u010dke analize.<\/div>\n<div><\/div>\n<h3>Neki primjeri kori\u0161tenja kola\u010di\u0107a:<\/h3>\n<div>Za bolji korisni\u010dki do\u017eivljaj na web stranici prilago\u0111avamo posjetitelje da pregledaju sadr\u017eaj na temelju pro\u0161lih posjeta<\/div>\n<div>da biste spremili izbore u izradi uskog izbora ure\u0111aja i ponuda i njihovih usporedbi<\/div>\n<div>da biste identificirali svoj ure\u0111aj (ra\u010dunalo, tabletno ra\u010dunalo, mobilni ure\u0111aj) koji vam omogu\u0107uje prilagodbu prikaza sadr\u017eaja na svoj ure\u0111aj<\/div>\n<div>za pra\u0107enje posjeta, \u0161to vam omogu\u0107uje da provjerite izvedbu prikaza sadr\u017eaja i relevantnosti oglasa te stalno pobolj\u0161avanje svoje web stranice<\/div>\n<div>nu\u017ene za rad odre\u0111enih usluga (npr. online banke, online trgovine i drugi oblici e-trgovine &#8230;)<\/div>\n<div>Onemogu\u0107avanje kola\u010di\u0107a<\/div>\n<div>Odlu\u010dili ste dopustiti pohranu kola\u010di\u0107a na ure\u0111aju. Mo\u017eete kontrolirati i mijenjati postavke kola\u010di\u0107a u va\u0161em web pregledniku.<\/div>\n<div><\/div>\n<div>Za informacije o postavkama kola\u010di\u0107a odaberite web preglednik koji koristite.<\/div>\n<div><\/div>\n<ul>\n<li><a href=\"https:\/\/support.google.com\/chrome\/answer\/95647?hl=sl-sl&amp;p=cpn_cookies\">krom<\/a><\/li>\n<li><a href=\"https:\/\/support.mozilla.org\/sl\/kb\/Kako%20aktivirate%20in%20deaktivirate%20pi%C5%A1kote\">Firefox<\/a><\/li>\n<li><a href=\"https:\/\/www.opera.com\/help\/tutorials\/security\/cookies\/\">opera<\/a><\/li>\n<li><a href=\"https:\/\/windows.microsoft.com\/sl-si\/windows7\/how-to-manage-cookies-in-internet-explorer-9\">Internet Explorer 9<\/a><\/li>\n<li><a href=\"https:\/\/windows.microsoft.com\/sl-si\/windows-vista\/block-or-allow-cookies\">Internet Explorer 7 i 8<\/a><\/li>\n<li><a href=\"https:\/\/support.apple.com\/kb\/PH11913\">safari<\/a><\/li>\n<\/ul>\n<div>Ako promijenite ili izbri\u0161ete datoteku kola\u010di\u0107a preglednika, promijenite ili nagradite svoj preglednik ili ure\u0111aj, mo\u017eda \u0107ete morati onemogu\u0107iti kola\u010di\u0107e. Postupak za upravljanje i brisanje kola\u010di\u0107a varira od preglednika do preglednika. Ako vam je potrebna pomo\u0107, mo\u017eete pogledati pomo\u0107 korisnika preglednika. Tako\u0111er mo\u017eete onemogu\u0107iti pra\u0107enje usluge Google Analytics na <a href=\"https:\/\/tools.google.com\/dlpage\/gaoptout\">sljede\u0107oj vezi.<\/a><\/div>\n","protected":false},"excerpt":{"rendered":"<p>Tko smo mi? Adresa na\u0161e web stranice je:\u00a0http:\/\/alpha-credo.com\/ ALPHA CREDO d.o.o. Dunajska cesta 159, Ljubljana, 1000 Ljubljana Porezni obveznik: NE Kakve osobne podatke prikupljamo i za\u0161to? Kroz kola\u010di\u0107e statistika Google Analytics Koristimo uslugu Google Analytics za upravljanje statistikama posjeta na web-lokaciji. S kim dijelimo va\u0161e osobne podatke? Va\u0161a web lokacija dijeli podatke o va\u0161em posjetu [&hellip;]<\/p>\n","protected":false},"author":1,"featured_media":0,"parent":0,"menu_order":0,"comment_status":"closed","ping_status":"closed","template":"","meta":[],"yoast_head":"<!-- This site is optimized with the Yoast SEO plugin v20.9 - https:\/\/yoast.com\/wordpress\/plugins\/seo\/ -->\n<title>Za\u0161tita osobnih podataka i kola\u010di\u0107i - Alpha Credo<\/title>\n<meta name=\"robots\" content=\"index, follow, max-snippet:-1, max-image-preview:large, max-video-preview:-1\" \/>\n<link rel=\"canonical\" href=\"https:\/\/alpha-credo.com\/privacy-policy\/\" \/>\n<meta property=\"og:locale\" content=\"hr_HR\" \/>\n<meta property=\"og:type\" content=\"article\" \/>\n<meta property=\"og:title\" content=\"Za\u0161tita osobnih podataka i kola\u010di\u0107i - Alpha Credo\" \/>\n<meta property=\"og:description\" content=\"Tko smo mi? Adresa na\u0161e web stranice je:\u00a0http:\/\/alpha-credo.com\/ ALPHA CREDO d.o.o. Dunajska cesta 159, Ljubljana, 1000 Ljubljana Porezni obveznik: NE Kakve osobne podatke prikupljamo i za\u0161to? Kroz kola\u010di\u0107e statistika Google Analytics Koristimo uslugu Google Analytics za upravljanje statistikama posjeta na web-lokaciji. S kim dijelimo va\u0161e osobne podatke? Va\u0161a web lokacija dijeli podatke o va\u0161em posjetu [&hellip;]\" \/>\n<meta property=\"og:url\" content=\"https:\/\/alpha-credo.com\/privacy-policy\/\" \/>\n<meta property=\"og:site_name\" content=\"Alpha Credo\" \/>\n<meta property=\"article:modified_time\" content=\"2018-05-22T07:00:05+00:00\" \/>\n<meta name=\"twitter:card\" content=\"summary_large_image\" \/>\n<meta name=\"twitter:label1\" content=\"Est. reading time\" \/>\n\t<meta name=\"twitter:data1\" content=\"4 minutes\" \/>\n<script type=\"application\/ld+json\" class=\"yoast-schema-graph\">{\"@context\":\"https:\/\/schema.org\",\"@graph\":[{\"@type\":\"WebPage\",\"@id\":\"https:\/\/alpha-credo.com\/privacy-policy\/\",\"url\":\"https:\/\/alpha-credo.com\/privacy-policy\/\",\"name\":\"Za\u0161tita osobnih podataka i kola\u010di\u0107i - Alpha Credo\",\"isPartOf\":{\"@id\":\"https:\/\/alpha-credo.com\/sl\/#website\"},\"datePublished\":\"2018-05-21T12:07:15+00:00\",\"dateModified\":\"2018-05-22T07:00:05+00:00\",\"breadcrumb\":{\"@id\":\"https:\/\/alpha-credo.com\/privacy-policy\/#breadcrumb\"},\"inLanguage\":\"hr-HR\",\"potentialAction\":[{\"@type\":\"ReadAction\",\"target\":[\"https:\/\/alpha-credo.com\/privacy-policy\/\"]}]},{\"@type\":\"BreadcrumbList\",\"@id\":\"https:\/\/alpha-credo.com\/privacy-policy\/#breadcrumb\",\"itemListElement\":[{\"@type\":\"ListItem\",\"position\":1,\"name\":\"Home\",\"item\":\"https:\/\/alpha-credo.com\/\"},{\"@type\":\"ListItem\",\"position\":2,\"name\":\"Za\u0161tita osobnih podataka i kola\u010di\u0107i\"}]},{\"@type\":\"WebSite\",\"@id\":\"https:\/\/alpha-credo.com\/sl\/#website\",\"url\":\"https:\/\/alpha-credo.com\/sl\/\",\"name\":\"Alpha Credo\",\"description\":\"Zavarovalno posredni\u0161ka dru\u017eba\/Insurance Brokerage\",\"potentialAction\":[{\"@type\":\"SearchAction\",\"target\":{\"@type\":\"EntryPoint\",\"urlTemplate\":\"https:\/\/alpha-credo.com\/sl\/?s={search_term_string}\"},\"query-input\":\"required name=search_term_string\"}],\"inLanguage\":\"hr-HR\"}]}<\/script>\n<!-- \/ Yoast SEO plugin. -->","yoast_head_json":{"title":"Za\u0161tita osobnih podataka i kola\u010di\u0107i - Alpha Credo","robots":{"index":"index","follow":"follow","max-snippet":"max-snippet:-1","max-image-preview":"max-image-preview:large","max-video-preview":"max-video-preview:-1"},"canonical":"https:\/\/alpha-credo.com\/privacy-policy\/","og_locale":"hr_HR","og_type":"article","og_title":"Za\u0161tita osobnih podataka i kola\u010di\u0107i - Alpha Credo","og_description":"Tko smo mi? Adresa na\u0161e web stranice je:\u00a0http:\/\/alpha-credo.com\/ ALPHA CREDO d.o.o. Dunajska cesta 159, Ljubljana, 1000 Ljubljana Porezni obveznik: NE Kakve osobne podatke prikupljamo i za\u0161to? Kroz kola\u010di\u0107e statistika Google Analytics Koristimo uslugu Google Analytics za upravljanje statistikama posjeta na web-lokaciji. S kim dijelimo va\u0161e osobne podatke? Va\u0161a web lokacija dijeli podatke o va\u0161em posjetu [&hellip;]","og_url":"https:\/\/alpha-credo.com\/privacy-policy\/","og_site_name":"Alpha Credo","article_modified_time":"2018-05-22T07:00:05+00:00","twitter_card":"summary_large_image","twitter_misc":{"Est. reading time":"4 minutes"},"schema":{"@context":"https:\/\/schema.org","@graph":[{"@type":"WebPage","@id":"https:\/\/alpha-credo.com\/privacy-policy\/","url":"https:\/\/alpha-credo.com\/privacy-policy\/","name":"Za\u0161tita osobnih podataka i kola\u010di\u0107i - Alpha Credo","isPartOf":{"@id":"https:\/\/alpha-credo.com\/sl\/#website"},"datePublished":"2018-05-21T12:07:15+00:00","dateModified":"2018-05-22T07:00:05+00:00","breadcrumb":{"@id":"https:\/\/alpha-credo.com\/privacy-policy\/#breadcrumb"},"inLanguage":"hr-HR","potentialAction":[{"@type":"ReadAction","target":["https:\/\/alpha-credo.com\/privacy-policy\/"]}]},{"@type":"BreadcrumbList","@id":"https:\/\/alpha-credo.com\/privacy-policy\/#breadcrumb","itemListElement":[{"@type":"ListItem","position":1,"name":"Home","item":"https:\/\/alpha-credo.com\/"},{"@type":"ListItem","position":2,"name":"Za\u0161tita osobnih podataka i kola\u010di\u0107i"}]},{"@type":"WebSite","@id":"https:\/\/alpha-credo.com\/sl\/#website","url":"https:\/\/alpha-credo.com\/sl\/","name":"Alpha Credo","description":"Zavarovalno posredni\u0161ka dru\u017eba\/Insurance Brokerage","potentialAction":[{"@type":"SearchAction","target":{"@type":"EntryPoint","urlTemplate":"https:\/\/alpha-credo.com\/sl\/?s={search_term_string}"},"query-input":"required name=search_term_string"}],"inLanguage":"hr-HR"}]}},"_links":{"self":[{"href":"https:\/\/alpha-credo.com\/hr\/wp-json\/wp\/v2\/pages\/1067"}],"collection":[{"href":"https:\/\/alpha-credo.com\/hr\/wp-json\/wp\/v2\/pages"}],"about":[{"href":"https:\/\/alpha-credo.com\/hr\/wp-json\/wp\/v2\/types\/page"}],"author":[{"embeddable":true,"href":"https:\/\/alpha-credo.com\/hr\/wp-json\/wp\/v2\/users\/1"}],"replies":[{"embeddable":true,"href":"https:\/\/alpha-credo.com\/hr\/wp-json\/wp\/v2\/comments?post=1067"}],"version-history":[{"count":4,"href":"https:\/\/alpha-credo.com\/hr\/wp-json\/wp\/v2\/pages\/1067\/revisions"}],"predecessor-version":[{"id":1074,"href":"https:\/\/alpha-credo.com\/hr\/wp-json\/wp\/v2\/pages\/1067\/revisions\/1074"}],"wp:attachment":[{"href":"https:\/\/alpha-credo.com\/hr\/wp-json\/wp\/v2\/media?parent=1067"}],"curies":[{"name":"wp","href":"https:\/\/api.w.org\/{rel}","templated":true}]}}