{"id":2658,"date":"2021-03-16T16:51:38","date_gmt":"2021-03-16T15:51:38","guid":{"rendered":"https:\/\/alpha-credo.com\/?page_id=2658"},"modified":"2021-03-16T17:04:50","modified_gmt":"2021-03-16T16:04:50","slug":"obavijest-osiguranicima","status":"publish","type":"page","link":"https:\/\/alpha-credo.com\/hr\/obavijest-osiguranicima\/","title":{"rendered":"Obavijest osiguranicima"},"content":{"rendered":"<div class=\"fusion-fullwidth fullwidth-box fusion-builder-row-1 nonhundred-percent-fullwidth non-hundred-percent-height-scrolling\" style=\"--awb-border-radius-top-left:0px;--awb-border-radius-top-right:0px;--awb-border-radius-bottom-right:0px;--awb-border-radius-bottom-left:0px;--awb-background-color:#0082c8;--awb-flex-wrap:wrap;\" ><div class=\"fusion-builder-row fusion-row\"><div class=\"fusion-layout-column fusion_builder_column fusion-builder-column-0 fusion_builder_column_1_1 1_1 fusion-one-full fusion-column-first fusion-column-last\" style=\"--awb-padding-top:20px;--awb-padding-bottom:8px;--awb-bg-size:cover;--awb-margin-bottom:0px;\"><div class=\"fusion-column-wrapper fusion-flex-column-wrapper-legacy\"><div class=\"fusion-text fusion-text-1\"><p><span style=\"color: #ffffff; font-size: 36px;\">Obavijest osiguranicima<\/span><\/p>\n<\/div><div class=\"fusion-clearfix\"><\/div><\/div><\/div><\/div><\/div><div class=\"fusion-fullwidth fullwidth-box fusion-builder-row-2 nonhundred-percent-fullwidth non-hundred-percent-height-scrolling\" style=\"--awb-border-radius-top-left:0px;--awb-border-radius-top-right:0px;--awb-border-radius-bottom-right:0px;--awb-border-radius-bottom-left:0px;--awb-margin-top:75px;--awb-margin-bottom:50px;--awb-flex-wrap:wrap;\" ><div class=\"fusion-builder-row fusion-row\"><div class=\"fusion-layout-column fusion_builder_column fusion-builder-column-1 fusion_builder_column_1_1 1_1 fusion-one-full fusion-column-first fusion-column-last\" style=\"--awb-bg-size:cover;\"><div class=\"fusion-column-wrapper fusion-flex-column-wrapper-legacy\"><div class=\"fusion-text fusion-text-2\"><h3>OBAVIJEST U SKLADU SA ZAKONOM O OSIGURANJU (ZZavar-1, \u010dlanak 553.)<\/h3>\n<p>Sukladno \u010dlanku 551. u vezi s \u010dlancima 545., 550. i 553. Zakona o osiguranju (Slu\u017ebeni list Republike Slovenije, br. 93\/15 i 9\/19) i sa \u017eeljom da za\u0161titimo va\u0161e interese kao osiguravatelja, obavje\u0161tavamo vas:<\/p>\n<ul>\n<li>da Osiguravaju\u0107e brokersko dru\u0161tvo ALPHA CREDO d.o.o., sa sjedi\u0161tem na adresi Dunajska cesti 159, 1000 Ljubljana, ima dozvolu Agencije za nadzor osiguranja br. 40110-0900 \/ 2013-4, od 23.05.2013. Za obavljanje poslova posredovanja u osiguranju, koje osoba mo\u017ee provjeriti u registru agenata i brokera u Agenciji za nadzor osiguranja (https:\/\/www.a-zn.si\/zastopniki-in-posredniki\/register-zastopnikov-posrednikov\/),<\/li>\n<li>U skladu s odredbama \u010dlanka 572. ZZavar-1, Osiguravaju\u0107e brokersko dru\u0161tvo odobreno je za pru\u017eanje usluga na cijelom teritoriju Europske unije,<\/li>\n<li>da Osiguravaju\u0107e brokersko dru\u0161tvo djeluje u svoje ime i za svoj ra\u010dun,<\/li>\n<li>da je Osiguravaju\u0107e brokersko dru\u0161tvo sklopilo odgovaraju\u0107e osiguranje od profesionalne odgovornosti za pokri\u0107e obveza koje proizlaze iz odgovornosti za \u0161tetu, u skladu sa zahtjevima iz stavka 4. \u010dlanka 551. ZZavar-1,<\/li>\n<li>da Osiguravaju\u0107e brokersko dru\u0161tvo ili njegovi posrednici u osiguranju nemaju izravan ili neizravan udio koji predstavlja vi\u0161e od 10% glasa\u010dkih prava ili udio u kapitalu osiguravaju\u0107eg dru\u0161tva,<\/li>\n<li>da osiguravaju\u0107e dru\u0161tvo ili njegova podru\u017enica nemaju izravan ili neizravan udio, \u0161to predstavlja vi\u0161e od 10% glasa\u010dkih prava ili udjela u kapitalu Osiguravaju\u0107eg brokerskog dru\u0161tva,<\/li>\n<li>da se brokerske usluge ne napla\u0107uju klijentu, jer Osiguravaju\u0107e brokersko dru\u0161tvo ima pravo na zahtjev na temelju svojih usluga koje se pru\u017eaju odabranom osiguravaju\u0107em dru\u0161tvu (provizija koja je ve\u0107 pokrivena premijom osiguranja),<\/li>\n<li>da u skladu s prvim stavkom \u010dlanka 554. ZZavar-1, Osiguravaju\u0107e brokersko dru\u0161tvo nema pravo zahtijevati pla\u0107anje provizije ili bilo koje drugo pla\u0107anje od osiguravatelja, ako ugovorom o posredovanju sklopljenim s osiguravateljem nije izri\u010dito pismeno ugovoreno druga\u010dije,<\/li>\n<li>da je u skladu s \u010dlankom 579. Osiguravaju\u0107e brokersko dru\u0161tvo uspostavilo interni postupak za rje\u0161avanje prigovora (koji tako\u0111er odre\u0111uje pru\u017eatelja izvansudskog rje\u0161avanja sporova), a koji je objavljen na web-stranici dru\u0161tva (www.alpha-credo.com).<\/li>\n<\/ul>\n<\/div><div class=\"fusion-clearfix\"><\/div><\/div><\/div><\/div><\/div><div class=\"fusion-fullwidth fullwidth-box fusion-builder-row-3 nonhundred-percent-fullwidth non-hundred-percent-height-scrolling\" style=\"--awb-border-radius-top-left:0px;--awb-border-radius-top-right:0px;--awb-border-radius-bottom-right:0px;--awb-border-radius-bottom-left:0px;--awb-flex-wrap:wrap;\" ><div class=\"fusion-builder-row fusion-row\"><div class=\"fusion-layout-column fusion_builder_column fusion-builder-column-2 fusion_builder_column_1_2 1_2 fusion-one-half fusion-column-first\" style=\"--awb-bg-size:cover;width:50%;width:calc(50% - ( ( 4% ) * 0.5 ) );margin-right: 4%;\"><div class=\"fusion-column-wrapper fusion-column-has-shadow fusion-flex-column-wrapper-legacy\"><div class=\"fusion-text fusion-text-3\"><p>Dr. Ale\u0161 Berk Skok, Insurance Broker &amp; Partner<\/p>\n<p># broker licence of ISA: 40110-0945\/2014-4<\/p>\n<p>date of ISA broker licence: 29.5.2014<\/p>\n<\/div><div class=\"fusion-clearfix\"><\/div><\/div><\/div><div class=\"fusion-layout-column fusion_builder_column fusion-builder-column-3 fusion_builder_column_1_2 1_2 fusion-one-half fusion-column-last\" style=\"--awb-bg-size:cover;width:50%;width:calc(50% - ( ( 4% ) * 0.5 ) );\"><div class=\"fusion-column-wrapper fusion-column-has-shadow fusion-flex-column-wrapper-legacy\"><div class=\"fusion-text fusion-text-4\"><p style=\"text-align: right;\">Janez Jelov\u0161ek, Insurance Broker &amp; Partner<\/p>\n<p style=\"text-align: right;\"># broker licence of ISA: 40110-0969\/2013-4<\/p>\n<p style=\"text-align: right;\">date of ISA broker licence: 4.6.2013<\/p>\n<\/div><div class=\"fusion-clearfix\"><\/div><\/div><\/div><\/div><\/div>\n","protected":false},"excerpt":{"rendered":"","protected":false},"author":5,"featured_media":0,"parent":0,"menu_order":0,"comment_status":"closed","ping_status":"closed","template":"100-width.php","meta":[],"yoast_head":"<!-- This site is optimized with the Yoast SEO plugin v20.9 - https:\/\/yoast.com\/wordpress\/plugins\/seo\/ -->\n<title>Obavijest osiguranicima - Alpha Credo<\/title>\n<meta name=\"robots\" content=\"index, follow, max-snippet:-1, max-image-preview:large, max-video-preview:-1\" \/>\n<link rel=\"canonical\" href=\"https:\/\/alpha-credo.com\/notice-to-policyholders\/\" \/>\n<meta property=\"og:locale\" content=\"hr_HR\" \/>\n<meta property=\"og:type\" content=\"article\" \/>\n<meta property=\"og:title\" content=\"Obavijest osiguranicima - Alpha Credo\" \/>\n<meta property=\"og:url\" content=\"https:\/\/alpha-credo.com\/notice-to-policyholders\/\" \/>\n<meta property=\"og:site_name\" content=\"Alpha Credo\" \/>\n<meta property=\"article:modified_time\" content=\"2021-03-16T16:04:50+00:00\" \/>\n<meta name=\"twitter:card\" content=\"summary_large_image\" \/>\n<meta name=\"twitter:label1\" content=\"Est. reading time\" \/>\n\t<meta name=\"twitter:data1\" content=\"7 minutes\" \/>\n<script type=\"application\/ld+json\" class=\"yoast-schema-graph\">{\"@context\":\"https:\/\/schema.org\",\"@graph\":[{\"@type\":\"WebPage\",\"@id\":\"https:\/\/alpha-credo.com\/notice-to-policyholders\/\",\"url\":\"https:\/\/alpha-credo.com\/notice-to-policyholders\/\",\"name\":\"Obavijest osiguranicima - Alpha Credo\",\"isPartOf\":{\"@id\":\"https:\/\/alpha-credo.com\/sl\/#website\"},\"datePublished\":\"2021-03-16T15:51:38+00:00\",\"dateModified\":\"2021-03-16T16:04:50+00:00\",\"breadcrumb\":{\"@id\":\"https:\/\/alpha-credo.com\/notice-to-policyholders\/#breadcrumb\"},\"inLanguage\":\"hr-HR\",\"potentialAction\":[{\"@type\":\"ReadAction\",\"target\":[\"https:\/\/alpha-credo.com\/notice-to-policyholders\/\"]}]},{\"@type\":\"BreadcrumbList\",\"@id\":\"https:\/\/alpha-credo.com\/notice-to-policyholders\/#breadcrumb\",\"itemListElement\":[{\"@type\":\"ListItem\",\"position\":1,\"name\":\"Home\",\"item\":\"https:\/\/alpha-credo.com\/\"},{\"@type\":\"ListItem\",\"position\":2,\"name\":\"Obavijest osiguranicima\"}]},{\"@type\":\"WebSite\",\"@id\":\"https:\/\/alpha-credo.com\/sl\/#website\",\"url\":\"https:\/\/alpha-credo.com\/sl\/\",\"name\":\"Alpha Credo\",\"description\":\"Zavarovalno posredni\u0161ka dru\u017eba\/Insurance Brokerage\",\"potentialAction\":[{\"@type\":\"SearchAction\",\"target\":{\"@type\":\"EntryPoint\",\"urlTemplate\":\"https:\/\/alpha-credo.com\/sl\/?s={search_term_string}\"},\"query-input\":\"required name=search_term_string\"}],\"inLanguage\":\"hr-HR\"}]}<\/script>\n<!-- \/ Yoast SEO plugin. -->","yoast_head_json":{"title":"Obavijest osiguranicima - Alpha Credo","robots":{"index":"index","follow":"follow","max-snippet":"max-snippet:-1","max-image-preview":"max-image-preview:large","max-video-preview":"max-video-preview:-1"},"canonical":"https:\/\/alpha-credo.com\/notice-to-policyholders\/","og_locale":"hr_HR","og_type":"article","og_title":"Obavijest osiguranicima - Alpha Credo","og_url":"https:\/\/alpha-credo.com\/notice-to-policyholders\/","og_site_name":"Alpha Credo","article_modified_time":"2021-03-16T16:04:50+00:00","twitter_card":"summary_large_image","twitter_misc":{"Est. reading time":"7 minutes"},"schema":{"@context":"https:\/\/schema.org","@graph":[{"@type":"WebPage","@id":"https:\/\/alpha-credo.com\/notice-to-policyholders\/","url":"https:\/\/alpha-credo.com\/notice-to-policyholders\/","name":"Obavijest osiguranicima - Alpha Credo","isPartOf":{"@id":"https:\/\/alpha-credo.com\/sl\/#website"},"datePublished":"2021-03-16T15:51:38+00:00","dateModified":"2021-03-16T16:04:50+00:00","breadcrumb":{"@id":"https:\/\/alpha-credo.com\/notice-to-policyholders\/#breadcrumb"},"inLanguage":"hr-HR","potentialAction":[{"@type":"ReadAction","target":["https:\/\/alpha-credo.com\/notice-to-policyholders\/"]}]},{"@type":"BreadcrumbList","@id":"https:\/\/alpha-credo.com\/notice-to-policyholders\/#breadcrumb","itemListElement":[{"@type":"ListItem","position":1,"name":"Home","item":"https:\/\/alpha-credo.com\/"},{"@type":"ListItem","position":2,"name":"Obavijest osiguranicima"}]},{"@type":"WebSite","@id":"https:\/\/alpha-credo.com\/sl\/#website","url":"https:\/\/alpha-credo.com\/sl\/","name":"Alpha Credo","description":"Zavarovalno posredni\u0161ka dru\u017eba\/Insurance Brokerage","potentialAction":[{"@type":"SearchAction","target":{"@type":"EntryPoint","urlTemplate":"https:\/\/alpha-credo.com\/sl\/?s={search_term_string}"},"query-input":"required name=search_term_string"}],"inLanguage":"hr-HR"}]}},"_links":{"self":[{"href":"https:\/\/alpha-credo.com\/hr\/wp-json\/wp\/v2\/pages\/2658"}],"collection":[{"href":"https:\/\/alpha-credo.com\/hr\/wp-json\/wp\/v2\/pages"}],"about":[{"href":"https:\/\/alpha-credo.com\/hr\/wp-json\/wp\/v2\/types\/page"}],"author":[{"embeddable":true,"href":"https:\/\/alpha-credo.com\/hr\/wp-json\/wp\/v2\/users\/5"}],"replies":[{"embeddable":true,"href":"https:\/\/alpha-credo.com\/hr\/wp-json\/wp\/v2\/comments?post=2658"}],"version-history":[{"count":4,"href":"https:\/\/alpha-credo.com\/hr\/wp-json\/wp\/v2\/pages\/2658\/revisions"}],"predecessor-version":[{"id":2669,"href":"https:\/\/alpha-credo.com\/hr\/wp-json\/wp\/v2\/pages\/2658\/revisions\/2669"}],"wp:attachment":[{"href":"https:\/\/alpha-credo.com\/hr\/wp-json\/wp\/v2\/media?parent=2658"}],"curies":[{"name":"wp","href":"https:\/\/api.w.org\/{rel}","templated":true}]}}