{"id":939,"date":"2017-05-11T07:27:53","date_gmt":"2017-05-11T07:27:53","guid":{"rendered":"http:\/\/alpha-credo.com\/ekipa\/"},"modified":"2023-10-26T10:35:38","modified_gmt":"2023-10-26T08:35:38","slug":"tim","status":"publish","type":"page","link":"https:\/\/alpha-credo.com\/hr\/tim\/","title":{"rendered":"Tim"},"content":{"rendered":"<div class=\"fusion-fullwidth fullwidth-box fusion-builder-row-1 nonhundred-percent-fullwidth non-hundred-percent-height-scrolling\" style=\"--awb-border-radius-top-left:0px;--awb-border-radius-top-right:0px;--awb-border-radius-bottom-right:0px;--awb-border-radius-bottom-left:0px;--awb-background-color:#0082c8;--awb-flex-wrap:wrap;\" ><div class=\"fusion-builder-row fusion-row\"><div class=\"fusion-layout-column fusion_builder_column fusion-builder-column-0 fusion_builder_column_1_1 1_1 fusion-one-full fusion-column-first fusion-column-last\" style=\"--awb-padding-top:20px;--awb-padding-bottom:8px;--awb-bg-size:cover;--awb-margin-bottom:0px;\"><div class=\"fusion-column-wrapper fusion-flex-column-wrapper-legacy\"><div class=\"fusion-text fusion-text-1\"><p><span style=\"color: #ffffff; font-size: 36px;\">Tim<\/span><\/p>\n<\/div><div class=\"fusion-clearfix\"><\/div><\/div><\/div><\/div><\/div><div id=\"ales\" class=\"fusion-container-anchor\"><div class=\"fusion-fullwidth fullwidth-box fusion-builder-row-2 nonhundred-percent-fullwidth non-hundred-percent-height-scrolling\" style=\"--awb-border-radius-top-left:0px;--awb-border-radius-top-right:0px;--awb-border-radius-bottom-right:0px;--awb-border-radius-bottom-left:0px;--awb-margin-top:40px;--awb-margin-bottom:0px;--awb-flex-wrap:wrap;\" ><div class=\"fusion-builder-row fusion-row\"><div class=\"fusion-layout-column fusion_builder_column fusion-builder-column-1 fusion_builder_column_3_4 3_4 fusion-three-fourth fusion-column-first\" style=\"--awb-padding-top:26px;--awb-padding-right:13px;--awb-padding-bottom:27px;--awb-padding-left:18px;--awb-bg-size:cover;--awb-margin-bottom:0px;width:75%;width:calc(75% - ( ( 4% ) * 0.75 ) );margin-right: 4%;\"><div class=\"fusion-column-wrapper fusion-flex-column-wrapper-legacy\"><div class=\"fusion-text fusion-text-2\"><p><span style=\"color: #007ac2;\"><strong>Dr. Ale\u0161 Berk Skok, CAIA, FRM<br \/>\n<\/strong><span style=\"color: #000000;\">direktor, partner<\/span><\/span><\/p>\n<p>Profesor financija na Ekonomskom fakultetu Sveu\u010dili\u0161ta u Ljubljani te osniva\u010d i direktor konzultantske tvrtke Alpha Finance d.o.o., koja prvenstveno pru\u017ea usluge vezane za korporativna i poslovna restrukturiranja te hedging financijskih rizika.<\/p>\n<p>Dr. Berk \u010dlan je razli\u010ditih nacionalnih i me\u0111unarodnih stru\u010dnih i akademskih udruga (EFMA, EFA, GARP, CAIA, SCTA) te ima bogata prakti\u010dna iskustva na temelju savjetovanja, rada u upravnim te nadzornim tijelima u nefinancijskim i financijskim institucijama, te sudjelovanja u strukturiranju strate\u0161kih zakonskih rje\u0161enja (strategija na tr\u017ei\u0161tu kapitala, mirovinski propisi iz drugog i tre\u0107eg stupa zakona o investicijskim fondovima, isl.). Dr. Berk stru\u010dnjak je Revizijskog suda Republike Slovenije i \u010dlan Upravnog odbora Ekonomskog fakulteta Sveu\u010dili\u0161ta u Ljubljani.<\/p>\n<\/div><div class=\"ekipa-kontakti\">\n<i class=\"fa fa-envelope-o posta\" aria-hidden=\"true\"><\/i> <div class=\"tekst-ekipa\">\nales@alpha-credo.com\n<\/div>\n<i class=\"fa fa-mobile\" aria-hidden=\"true\"><\/i><div class=\"tekst-ekipa ekipa-desno\">\n+386 (41) 85 85 35\n<\/div>\n<\/div>\n<div class=\"fusion-clearfix\"><\/div><\/div><\/div><div class=\"fusion-layout-column fusion_builder_column fusion-builder-column-2 fusion_builder_column_1_4 1_4 fusion-one-fourth fusion-column-last\" style=\"--awb-padding-top:26px;--awb-padding-right:13px;--awb-padding-left:18px;--awb-bg-image:url(&#039;https:\/\/alpha-credo.com\/wp-content\/uploads\/2021\/11\/ABS_AC_CROPPED.png&#039;);--awb-bg-size:cover;--awb-border-color:rgba(255,255,255,0);--awb-border-top:0px;--awb-border-right:0px;--awb-border-bottom:0px;--awb-border-left:0px;--awb-border-style:solid;--awb-margin-bottom:0px;width:25%;width:calc(25% - ( ( 4% ) * 0.25 ) );\"><div class=\"fusion-column-wrapper fusion-column-has-shadow fusion-flex-column-wrapper-legacy fusion-empty-column-bg-image fusion-column-has-bg-image\" data-bg-url=\"https:\/\/alpha-credo.com\/wp-content\/uploads\/2021\/11\/ABS_AC_CROPPED.png\"><img class=\"fusion-empty-dims-img-placeholder\" src=\"data:image\/svg+xml,%3Csvg%20xmlns%3D%27http%3A%2F%2Fwww.w3.org%2F2000%2Fsvg%27%20width%3D%27999%27%20height%3D%271500%27%20viewBox%3D%270%200%20999%201500%27%3E%3Crect%20width%3D%27999%27%20height%3D%271500%27%20fill-opacity%3D%220%22%2F%3E%3C%2Fsvg%3E\"><div class=\"fusion-clearfix\"><\/div><\/div><\/div><div class=\"fusion-layout-column fusion_builder_column fusion-builder-column-3 fusion_builder_column_1_1 1_1 fusion-one-full fusion-column-first fusion-column-last\" style=\"--awb-padding-top:20px;--awb-padding-bottom:8px;--awb-bg-size:cover;--awb-margin-bottom:0px;\"><div class=\"fusion-column-wrapper fusion-flex-column-wrapper-legacy\"><div class=\"fusion-text fusion-text-3\"><blockquote>\n<p style=\"text-align: center;\">It&#8217;s impossible that that the improbable will never happen.<\/p>\n<p style=\"text-align: center;\">&#8211; Emil Gumbel-<\/p>\n<\/blockquote>\n<p><span style=\"color: #ffffff; font-size: 36px;\">\u00a0<\/span><\/p>\n<\/div><div class=\"fusion-clearfix\"><\/div><\/div><\/div><\/div><\/div><\/div><div id=\"janez\" class=\"fusion-container-anchor\"><div class=\"fusion-fullwidth fullwidth-box fusion-builder-row-3 nonhundred-percent-fullwidth non-hundred-percent-height-scrolling\" style=\"--awb-border-radius-top-left:0px;--awb-border-radius-top-right:0px;--awb-border-radius-bottom-right:0px;--awb-border-radius-bottom-left:0px;--awb-margin-top:0px;--awb-margin-bottom:20px;--awb-flex-wrap:wrap;\" ><div class=\"fusion-builder-row fusion-row\"><div class=\"fusion-layout-column fusion_builder_column fusion-builder-column-4 fusion_builder_column_3_4 3_4 fusion-three-fourth fusion-column-first\" style=\"--awb-padding-top:26px;--awb-padding-right:13px;--awb-padding-bottom:27px;--awb-padding-left:18px;--awb-bg-size:cover;--awb-margin-bottom:0px;width:75%;width:calc(75% - ( ( 4% ) * 0.75 ) );margin-right: 4%;\"><div class=\"fusion-column-wrapper fusion-flex-column-wrapper-legacy\"><div class=\"fusion-text fusion-text-4\"><p><span style=\"color: #007ac2;\"><strong>Janez Jelov\u0161ek, Bsc.el.<br \/>\n<\/strong><span style=\"color: #000000;\">posrednik u osiguranju, partner<\/span><\/span><\/p>\n<p>Janez Jelov\u0161ek je diplomirani in\u017eenjer elektrotehnike i ra\u010dunarstva, koji ve\u0107 niz godina radi u financijskoj industriji. Od 2000. godine aktivno je sudjelovao u razli\u010dnim upravlja\u010dkim i izvr\u0161nim pozicijama u Sloveniji te Hrvatskoj. Svoju svestranost i iskustvo iz strate\u0161kog te korporativnog upravljanja nadogra\u0111ivao je kao \u010dlan nadzornih odbora u razli\u010ditim sektorima.<\/p>\n<p>Godine 2000. je postao direktor poduze\u0107a KROG International d.o.o. iz Ljubljane, \u010dija djelatnost je upravljanje imovinom i poslovno savjetovanje. Od 2003. godine profesionalnu karijeru nastavlja u grupaciji Medve\u0161ek Pu\u0161nik, kao suosniva\u010d i kasnije kao \u010dlan uprave dru\u0161tvu za upravljanje MP DZU d.d., Ljubljana. U 2007. godini je preuzeo vo\u0111enje dru\u0161tva MP ZZD d.d., koje razvija i prodaje strukturirane investicijske proizvode. U 2009. peuzeo je mjesto predsjednika uprave dru\u0161tva za upravljanje investicijskih fondova MP Invest d.d., Zagreb.<\/p>\n<\/div><div class=\"ekipa-kontakti\">\n<i class=\"fa fa-envelope-o posta\" aria-hidden=\"true\"><\/i> <div class=\"tekst-ekipa\">\njanez@alpha-credo.com\n<\/div>\n<i class=\"fa fa-mobile\" aria-hidden=\"true\"><\/i><div class=\"tekst-ekipa ekipa-desno\">\n+386 (41) 33 41 37\n<\/div>\n<\/div>\n<div class=\"fusion-clearfix\"><\/div><\/div><\/div><div class=\"fusion-layout-column fusion_builder_column fusion-builder-column-5 fusion_builder_column_1_4 1_4 fusion-one-fourth fusion-column-last\" style=\"--awb-padding-top:26px;--awb-padding-right:13px;--awb-padding-left:18px;--awb-bg-image:url(&#039;https:\/\/alpha-credo.com\/wp-content\/uploads\/2021\/11\/JJ_ALPHACREDO.jpg&#039;);--awb-bg-size:cover;--awb-border-color:rgba(255,255,255,0);--awb-border-top:0px;--awb-border-right:0px;--awb-border-bottom:0px;--awb-border-left:0px;--awb-border-style:solid;--awb-margin-bottom:0px;width:25%;width:calc(25% - ( ( 4% ) * 0.25 ) );\" data-motion-effects=\"[{&quot;type&quot;:&quot;&quot;,&quot;scroll_type&quot;:&quot;transition&quot;,&quot;scroll_direction&quot;:&quot;up&quot;,&quot;transition_speed&quot;:&quot;1&quot;,&quot;fade_type&quot;:&quot;in&quot;,&quot;scale_type&quot;:&quot;up&quot;,&quot;initial_scale&quot;:&quot;1&quot;,&quot;max_scale&quot;:&quot;1.5&quot;,&quot;min_scale&quot;:&quot;0.5&quot;,&quot;initial_rotate&quot;:&quot;0&quot;,&quot;end_rotate&quot;:&quot;30&quot;,&quot;initial_blur&quot;:&quot;0&quot;,&quot;end_blur&quot;:&quot;3&quot;,&quot;start_element&quot;:&quot;top&quot;,&quot;start_viewport&quot;:&quot;bottom&quot;,&quot;end_element&quot;:&quot;bottom&quot;,&quot;end_viewport&quot;:&quot;top&quot;,&quot;mouse_effect&quot;:&quot;track&quot;,&quot;mouse_effect_direction&quot;:&quot;opposite&quot;,&quot;mouse_effect_speed&quot;:&quot;2&quot;,&quot;infinite_animation&quot;:&quot;float&quot;,&quot;infinite_animation_speed&quot;:&quot;2&quot;}]\" data-scroll-devices=\"small-visibility,medium-visibility,large-visibility\"><div class=\"fusion-column-wrapper fusion-column-has-shadow fusion-flex-column-wrapper-legacy fusion-empty-column-bg-image fusion-column-has-bg-image\" data-bg-url=\"https:\/\/alpha-credo.com\/wp-content\/uploads\/2021\/11\/JJ_ALPHACREDO.jpg\"><img class=\"fusion-empty-dims-img-placeholder\" src=\"data:image\/svg+xml,%3Csvg%20xmlns%3D%27http%3A%2F%2Fwww.w3.org%2F2000%2Fsvg%27%20width%3D%27300%27%20height%3D%27450%27%20viewBox%3D%270%200%20300%20450%27%3E%3Crect%20width%3D%27300%27%20height%3D%27450%27%20fill-opacity%3D%220%22%2F%3E%3C%2Fsvg%3E\"><div class=\"fusion-clearfix\"><\/div><\/div><\/div><div class=\"fusion-layout-column fusion_builder_column fusion-builder-column-6 fusion_builder_column_1_1 1_1 fusion-one-full fusion-column-first fusion-column-last\" style=\"--awb-padding-top:20px;--awb-padding-bottom:8px;--awb-bg-size:cover;--awb-margin-bottom:0px;\"><div class=\"fusion-column-wrapper fusion-flex-column-wrapper-legacy\"><div class=\"fusion-text fusion-text-5\"><blockquote>\n<p style=\"text-align: center;\">If you don&#8217;t invest in risk management, it doesn&#8217;t matter what business you are in, \u00a0it&#8217;s a risky business.<\/p>\n<p style=\"text-align: center;\">-Gary Cohn-<\/p>\n<\/blockquote>\n<\/div><div class=\"fusion-clearfix\"><\/div><\/div><\/div><\/div><\/div><\/div><div id=\"leon\" class=\"fusion-container-anchor\"><div class=\"fusion-fullwidth fullwidth-box fusion-builder-row-4 nonhundred-percent-fullwidth non-hundred-percent-height-scrolling\" style=\"--awb-border-radius-top-left:0px;--awb-border-radius-top-right:0px;--awb-border-radius-bottom-right:0px;--awb-border-radius-bottom-left:0px;--awb-margin-top:20px;--awb-margin-bottom:20px;--awb-flex-wrap:wrap;\" ><div class=\"fusion-builder-row fusion-row\"><div class=\"fusion-layout-column fusion_builder_column fusion-builder-column-7 fusion_builder_column_3_4 3_4 fusion-three-fourth fusion-column-first\" style=\"--awb-padding-top:26px;--awb-padding-right:13px;--awb-padding-bottom:27px;--awb-padding-left:18px;--awb-bg-size:cover;--awb-margin-bottom:0px;width:75%;width:calc(75% - ( ( 4% ) * 0.75 ) );margin-right: 4%;\"><div class=\"fusion-column-wrapper fusion-flex-column-wrapper-legacy\"><div class=\"fusion-text fusion-text-6\"><p><span style=\"color: #007ac2;\"><strong>Leon Zalar, univ. dipl. iur. <\/strong><\/span><\/p>\n<p><span style=\"font-size: 15px;\">Pravnik, koji je aktivan na podru\u010dju osiguranja potra\u017eivanja ve\u0107 \u010ditavu svoju profesionalnu karijeru.<\/span><\/p>\n<p><span style=\"font-size: 15px;\">U 2000. godini je po\u010deo prikupljati iskustva u grupi Coface. U 2004. godini je pre\u0161ao u SID i sa ciljem pobolj\u0161anja kao preventive tako i regresa uspostavio Pro Kolekt, dru\u0161tvo za naplate potra\u017eivanja i procjenu boniteta. U 2016. godini je zavr\u0161io mandat direktora grupacije Pro Kolekt i pre\u0161ao u ekipu Alpha Credo. Na svim svojim pozicijama je bio pored ostalih zadatka intenzivno anga\u017eiran na razvoju i implementaciji IT podr\u0161ke.<\/span><\/p>\n<\/div><div class=\"ekipa-kontakti\">\n<i class=\"fa fa-envelope-o posta\" aria-hidden=\"true\"><\/i> <div class=\"tekst-ekipa\">\nleon@alpha-credo.si\n<\/div>\n<i class=\"fa fa-mobile\" aria-hidden=\"true\"><\/i><div class=\"tekst-ekipa ekipa-desno\">\n+386 (41) 28 19 54\n<\/div>\n<\/div>\n<div class=\"fusion-clearfix\"><\/div><\/div><\/div><div class=\"fusion-layout-column fusion_builder_column fusion-builder-column-8 fusion_builder_column_1_4 1_4 fusion-one-fourth fusion-column-last\" style=\"--awb-padding-top:26px;--awb-padding-right:13px;--awb-padding-left:18px;--awb-bg-image:url(&#039;https:\/\/alpha-credo.com\/wp-content\/uploads\/2021\/11\/jakasuln-3.jpg&#039;);--awb-bg-size:cover;--awb-border-color:rgba(255,255,255,0);--awb-border-top:0px;--awb-border-right:0px;--awb-border-bottom:0px;--awb-border-left:0px;--awb-border-style:solid;--awb-margin-bottom:0px;width:25%;width:calc(25% - ( ( 4% ) * 0.25 ) );\"><div class=\"fusion-column-wrapper fusion-column-has-shadow fusion-flex-column-wrapper-legacy fusion-empty-column-bg-image fusion-column-has-bg-image\" data-bg-url=\"https:\/\/alpha-credo.com\/wp-content\/uploads\/2021\/11\/jakasuln-3.jpg\"><img class=\"fusion-empty-dims-img-placeholder\" src=\"data:image\/svg+xml,%3Csvg%20xmlns%3D%27http%3A%2F%2Fwww.w3.org%2F2000%2Fsvg%27%20width%3D%271000%27%20height%3D%271500%27%20viewBox%3D%270%200%201000%201500%27%3E%3Crect%20width%3D%271000%27%20height%3D%271500%27%20fill-opacity%3D%220%22%2F%3E%3C%2Fsvg%3E\"><div class=\"fusion-clearfix\"><\/div><\/div><\/div><\/div><\/div><\/div><div class=\"fusion-fullwidth fullwidth-box fusion-builder-row-5 nonhundred-percent-fullwidth non-hundred-percent-height-scrolling\" style=\"--awb-border-radius-top-left:0px;--awb-border-radius-top-right:0px;--awb-border-radius-bottom-right:0px;--awb-border-radius-bottom-left:0px;--awb-padding-top:60px;--awb-flex-wrap:wrap;\" ><div class=\"fusion-builder-row fusion-row\"><div class=\"fusion-layout-column fusion_builder_column fusion-builder-column-9 fusion_builder_column_1_4 1_4 fusion-one-fourth fusion-column-first\" style=\"--awb-bg-size:cover;width:25%;width:calc(25% - ( ( 4% + 4% ) * 0.25 ) );margin-right: 4%;\"><div class=\"fusion-column-wrapper fusion-flex-column-wrapper-legacy\"><div class=\"fusion-aligncenter\"><a class=\"fusion-button button-flat fusion-button-default-size button-custom fusion-button-default button-1 fusion-button-default-span fusion-button-default-type gumb-cta2\" style=\"--button_accent_color:#ffffff;--button_accent_hover_color:#ffffff;--button_border_hover_color:#ffffff;--button_gradient_top_color:#007ac2;--button_gradient_bottom_color:#007ac2;--button_gradient_top_color_hover:#000000;--button_gradient_bottom_color_hover:#000000;\" target=\"_self\" href=\"http:\/\/alpha-credo.com\/hr\/tko-smo-mi\/\"><span class=\"fusion-button-text\">&lt; TKO SMO MI<\/span><\/a><\/div><div class=\"fusion-clearfix\"><\/div><\/div><\/div><div class=\"fusion-layout-column fusion_builder_column fusion-builder-column-10 fusion_builder_column_1_2 1_2 fusion-one-half\" style=\"--awb-bg-size:cover;width:50%;width:calc(50% - ( ( 4% + 4% ) * 0.5 ) );margin-right: 4%;\"><div class=\"fusion-column-wrapper fusion-flex-column-wrapper-legacy\"><div class=\"fusion-clearfix\"><\/div><\/div><\/div><div class=\"fusion-layout-column fusion_builder_column fusion-builder-column-11 fusion_builder_column_1_4 1_4 fusion-one-fourth fusion-column-last\" style=\"--awb-bg-size:cover;width:25%;width:calc(25% - ( ( 4% + 4% ) * 0.25 ) );\"><div class=\"fusion-column-wrapper fusion-flex-column-wrapper-legacy\"><div class=\"fusion-aligncenter\"><a class=\"fusion-button button-flat fusion-button-default-size button-custom fusion-button-default button-2 fusion-button-default-span fusion-button-default-type gumb-cta2\" style=\"--button_accent_color:#ffffff;--button_accent_hover_color:#ffffff;--button_border_hover_color:#ffffff;--button_gradient_top_color:#007ac2;--button_gradient_bottom_color:#007ac2;--button_gradient_top_color_hover:#000000;--button_gradient_bottom_color_hover:#000000;\" target=\"_self\" href=\"http:\/\/alpha-credo.com\/hr\/vizija\/\"><span class=\"fusion-button-text\">VIZIJA &gt;<\/span><\/a><\/div><div class=\"fusion-clearfix\"><\/div><\/div><\/div><\/div><\/div>\n","protected":false},"excerpt":{"rendered":"","protected":false},"author":1,"featured_media":0,"parent":0,"menu_order":0,"comment_status":"closed","ping_status":"closed","template":"100-width.php","meta":[],"yoast_head":"<!-- This site is optimized with the Yoast SEO plugin v20.9 - https:\/\/yoast.com\/wordpress\/plugins\/seo\/ -->\n<title>Tim - Alpha Credo<\/title>\n<meta name=\"robots\" content=\"index, follow, max-snippet:-1, max-image-preview:large, max-video-preview:-1\" \/>\n<link rel=\"canonical\" href=\"https:\/\/alpha-credo.com\/hr\/tim\/\" \/>\n<meta property=\"og:locale\" content=\"hr_HR\" \/>\n<meta property=\"og:type\" content=\"article\" \/>\n<meta property=\"og:title\" content=\"Tim - Alpha Credo\" \/>\n<meta property=\"og:url\" content=\"https:\/\/alpha-credo.com\/hr\/tim\/\" \/>\n<meta property=\"og:site_name\" content=\"Alpha Credo\" \/>\n<meta property=\"article:modified_time\" content=\"2023-10-26T08:35:38+00:00\" \/>\n<meta name=\"twitter:card\" content=\"summary_large_image\" \/>\n<meta name=\"twitter:label1\" content=\"Est. reading time\" \/>\n\t<meta name=\"twitter:data1\" content=\"7 minutes\" \/>\n<script type=\"application\/ld+json\" class=\"yoast-schema-graph\">{\"@context\":\"https:\/\/schema.org\",\"@graph\":[{\"@type\":\"WebPage\",\"@id\":\"https:\/\/alpha-credo.com\/hr\/tim\/\",\"url\":\"https:\/\/alpha-credo.com\/hr\/tim\/\",\"name\":\"Tim - Alpha Credo\",\"isPartOf\":{\"@id\":\"https:\/\/alpha-credo.com\/sl\/#website\"},\"datePublished\":\"2017-05-11T07:27:53+00:00\",\"dateModified\":\"2023-10-26T08:35:38+00:00\",\"breadcrumb\":{\"@id\":\"https:\/\/alpha-credo.com\/hr\/tim\/#breadcrumb\"},\"inLanguage\":\"hr-HR\",\"potentialAction\":[{\"@type\":\"ReadAction\",\"target\":[\"https:\/\/alpha-credo.com\/hr\/tim\/\"]}]},{\"@type\":\"BreadcrumbList\",\"@id\":\"https:\/\/alpha-credo.com\/hr\/tim\/#breadcrumb\",\"itemListElement\":[{\"@type\":\"ListItem\",\"position\":1,\"name\":\"Home\",\"item\":\"https:\/\/alpha-credo.com\/\"},{\"@type\":\"ListItem\",\"position\":2,\"name\":\"Tim\"}]},{\"@type\":\"WebSite\",\"@id\":\"https:\/\/alpha-credo.com\/sl\/#website\",\"url\":\"https:\/\/alpha-credo.com\/sl\/\",\"name\":\"Alpha Credo\",\"description\":\"Zavarovalno posredni\u0161ka dru\u017eba\/Insurance Brokerage\",\"potentialAction\":[{\"@type\":\"SearchAction\",\"target\":{\"@type\":\"EntryPoint\",\"urlTemplate\":\"https:\/\/alpha-credo.com\/sl\/?s={search_term_string}\"},\"query-input\":\"required name=search_term_string\"}],\"inLanguage\":\"hr-HR\"}]}<\/script>\n<!-- \/ Yoast SEO plugin. -->","yoast_head_json":{"title":"Tim - Alpha Credo","robots":{"index":"index","follow":"follow","max-snippet":"max-snippet:-1","max-image-preview":"max-image-preview:large","max-video-preview":"max-video-preview:-1"},"canonical":"https:\/\/alpha-credo.com\/hr\/tim\/","og_locale":"hr_HR","og_type":"article","og_title":"Tim - Alpha Credo","og_url":"https:\/\/alpha-credo.com\/hr\/tim\/","og_site_name":"Alpha Credo","article_modified_time":"2023-10-26T08:35:38+00:00","twitter_card":"summary_large_image","twitter_misc":{"Est. reading time":"7 minutes"},"schema":{"@context":"https:\/\/schema.org","@graph":[{"@type":"WebPage","@id":"https:\/\/alpha-credo.com\/hr\/tim\/","url":"https:\/\/alpha-credo.com\/hr\/tim\/","name":"Tim - Alpha Credo","isPartOf":{"@id":"https:\/\/alpha-credo.com\/sl\/#website"},"datePublished":"2017-05-11T07:27:53+00:00","dateModified":"2023-10-26T08:35:38+00:00","breadcrumb":{"@id":"https:\/\/alpha-credo.com\/hr\/tim\/#breadcrumb"},"inLanguage":"hr-HR","potentialAction":[{"@type":"ReadAction","target":["https:\/\/alpha-credo.com\/hr\/tim\/"]}]},{"@type":"BreadcrumbList","@id":"https:\/\/alpha-credo.com\/hr\/tim\/#breadcrumb","itemListElement":[{"@type":"ListItem","position":1,"name":"Home","item":"https:\/\/alpha-credo.com\/"},{"@type":"ListItem","position":2,"name":"Tim"}]},{"@type":"WebSite","@id":"https:\/\/alpha-credo.com\/sl\/#website","url":"https:\/\/alpha-credo.com\/sl\/","name":"Alpha Credo","description":"Zavarovalno posredni\u0161ka dru\u017eba\/Insurance Brokerage","potentialAction":[{"@type":"SearchAction","target":{"@type":"EntryPoint","urlTemplate":"https:\/\/alpha-credo.com\/sl\/?s={search_term_string}"},"query-input":"required name=search_term_string"}],"inLanguage":"hr-HR"}]}},"_links":{"self":[{"href":"https:\/\/alpha-credo.com\/hr\/wp-json\/wp\/v2\/pages\/939"}],"collection":[{"href":"https:\/\/alpha-credo.com\/hr\/wp-json\/wp\/v2\/pages"}],"about":[{"href":"https:\/\/alpha-credo.com\/hr\/wp-json\/wp\/v2\/types\/page"}],"author":[{"embeddable":true,"href":"https:\/\/alpha-credo.com\/hr\/wp-json\/wp\/v2\/users\/1"}],"replies":[{"embeddable":true,"href":"https:\/\/alpha-credo.com\/hr\/wp-json\/wp\/v2\/comments?post=939"}],"version-history":[{"count":15,"href":"https:\/\/alpha-credo.com\/hr\/wp-json\/wp\/v2\/pages\/939\/revisions"}],"predecessor-version":[{"id":4283,"href":"https:\/\/alpha-credo.com\/hr\/wp-json\/wp\/v2\/pages\/939\/revisions\/4283"}],"wp:attachment":[{"href":"https:\/\/alpha-credo.com\/hr\/wp-json\/wp\/v2\/media?parent=939"}],"curies":[{"name":"wp","href":"https:\/\/api.w.org\/{rel}","templated":true}]}}