{"id":1145,"date":"2019-04-11T10:28:20","date_gmt":"2019-04-11T08:28:20","guid":{"rendered":"http:\/\/alpha-credo.com\/cykl-pracy\/"},"modified":"2020-12-16T12:58:29","modified_gmt":"2020-12-16T11:58:29","slug":"cykl-pracy","status":"publish","type":"page","link":"https:\/\/alpha-credo.com\/pl\/cykl-pracy\/","title":{"rendered":"Cykl pracy"},"content":{"rendered":"<div class=\"fusion-fullwidth fullwidth-box fusion-builder-row-1 nonhundred-percent-fullwidth non-hundred-percent-height-scrolling\" style=\"--awb-border-radius-top-left:0px;--awb-border-radius-top-right:0px;--awb-border-radius-bottom-right:0px;--awb-border-radius-bottom-left:0px;--awb-padding-right:0px;--awb-padding-left:0px;--awb-background-color:#0082c8;--awb-flex-wrap:wrap;\" ><div class=\"fusion-builder-row fusion-row\"><div class=\"fusion-layout-column fusion_builder_column fusion-builder-column-0 fusion_builder_column_1_1 1_1 fusion-one-full fusion-column-first fusion-column-last\" style=\"--awb-padding-top:20px;--awb-padding-bottom:8px;--awb-bg-size:cover;--awb-margin-bottom:0px;\"><div class=\"fusion-column-wrapper fusion-flex-column-wrapper-legacy\"><div class=\"fusion-text fusion-text-1\"><p><span style=\"color: #ffffff; font-size: 36px;\">CYKL PRACY<\/span><\/p>\n<\/div><div class=\"fusion-clearfix\"><\/div><\/div><\/div><\/div><\/div><div class=\"fusion-fullwidth fullwidth-box fusion-builder-row-2 fusion-parallax-none row-koraki nonhundred-percent-fullwidth non-hundred-percent-height-scrolling\" style=\"--awb-background-position:right center;--awb-border-radius-top-left:0px;--awb-border-radius-top-right:0px;--awb-border-radius-bottom-right:0px;--awb-border-radius-bottom-left:0px;--awb-padding-top:20px;--awb-padding-bottom:0px;--awb-margin-top:75px;--awb-margin-bottom:0px;--awb-background-image:url(&quot;http:\/\/alpha-credo.com\/wp-content\/uploads\/2017\/09\/prvikorakv2.jpg&quot;);--awb-background-size:cover;--awb-flex-wrap:wrap;\" ><div class=\"fusion-builder-row fusion-row\"><div class=\"fusion-layout-column fusion_builder_column fusion-builder-column-1 fusion_builder_column_1_1 1_1 fusion-one-full fusion-column-first fusion-column-last\" style=\"--awb-padding-top:20px;--awb-bg-position:right center;--awb-bg-size:cover;\"><div class=\"fusion-column-wrapper fusion-flex-column-wrapper-legacy\"><div class=\"fusion-text fusion-text-2\"><h2><span style=\"color: #0082c8; font-size: 24px !Important;\"><strong>USTALENIE STOSUNKU UMOWNEGO<\/strong><\/span><\/h2>\n<\/div><div class=\"fusion-clearfix\"><\/div><\/div><\/div><div class=\"fusion-layout-column fusion_builder_column fusion-builder-column-2 fusion_builder_column_1_1 1_1 fusion-one-full fusion-column-first fusion-column-last\" style=\"--awb-bg-position:right center;--awb-bg-size:cover;--awb-margin-bottom:0px;\"><div class=\"fusion-column-wrapper fusion-flex-column-wrapper-legacy\"><div class=\"fusion-text fusion-text-3\"><p><strong>a.<\/strong> NDA<br \/>\n<strong>b.<\/strong> Umowa brokerska<br \/>\n<strong>c.<\/strong> Autoryzacja<\/p>\n<\/div><div class=\"fusion-clearfix\"><\/div><\/div><\/div><\/div><\/div><div class=\"fusion-fullwidth fullwidth-box fusion-builder-row-3 fusion-parallax-none row-koraki2 nonhundred-percent-fullwidth non-hundred-percent-height-scrolling\" style=\"--awb-background-position:right center;--awb-border-radius-top-left:0px;--awb-border-radius-top-right:0px;--awb-border-radius-bottom-right:0px;--awb-border-radius-bottom-left:0px;--awb-padding-top:0px;--awb-padding-bottom:30px;--awb-margin-top:-100px;--awb-margin-bottom:0px;--awb-background-image:url(&quot;http:\/\/alpha-credo.com\/wp-content\/uploads\/2017\/09\/drugikorakv2.jpg&quot;);--awb-background-size:cover;--awb-flex-wrap:wrap;\" ><div class=\"fusion-builder-row fusion-row\"><div class=\"fusion-layout-column fusion_builder_column fusion-builder-column-3 fusion_builder_column_1_1 1_1 fusion-one-full fusion-column-first fusion-column-last\" style=\"--awb-padding-top:150px;--awb-bg-position:right center;--awb-bg-size:cover;\"><div class=\"fusion-column-wrapper fusion-flex-column-wrapper-legacy\"><div class=\"fusion-text fusion-text-4\"><h2><span style=\"color: #0082c8; font-size: 24px !Important;\"><strong>UZYSKANIE INFORMACJI NA TEMAT \u017bYCZE\u0143 I POTRZEB KLIENTA<\/strong><\/span><\/h2>\n<\/div><div class=\"fusion-clearfix\"><\/div><\/div><\/div><div class=\"fusion-layout-column fusion_builder_column fusion-builder-column-4 fusion_builder_column_1_1 1_1 fusion-one-full fusion-column-first fusion-column-last\" style=\"--awb-bg-position:right center;--awb-bg-size:cover;\"><div class=\"fusion-column-wrapper fusion-flex-column-wrapper-legacy\"><div class=\"fusion-text fusion-text-5\"><p><strong>a.<\/strong> Dzia\u0142alno\u015b\u0107<br \/>\n<strong>b.<\/strong> Nabywcy<br \/>\n<strong>c.<\/strong> Warunki p\u0142atno\u015bci<strong><br \/>\nd.<\/strong> Ekspozycja<strong><br \/>\ne.<\/strong> Procesy<br \/>\n<strong>f.<\/strong> Op\u00f3\u017anienia<\/p>\n<\/div><div class=\"fusion-clearfix\"><\/div><\/div><\/div><\/div><\/div><div class=\"fusion-fullwidth fullwidth-box fusion-builder-row-4 fusion-parallax-none row-koraki3 nonhundred-percent-fullwidth non-hundred-percent-height-scrolling\" style=\"--awb-background-position:right center;--awb-border-radius-top-left:0px;--awb-border-radius-top-right:0px;--awb-border-radius-bottom-right:0px;--awb-border-radius-bottom-left:0px;--awb-padding-top:0px;--awb-padding-bottom:30px;--awb-margin-top:-270px;--awb-margin-bottom:0px;--awb-background-image:url(&quot;http:\/\/alpha-credo.com\/wp-content\/uploads\/2017\/09\/tretjikorakv2.jpg&quot;);--awb-background-size:cover;--awb-flex-wrap:wrap;\" ><div class=\"fusion-builder-row fusion-row\"><div class=\"fusion-layout-column fusion_builder_column fusion-builder-column-5 fusion_builder_column_1_1 1_1 fusion-one-full fusion-column-first fusion-column-last\" style=\"--awb-padding-top:230px;--awb-bg-position:right center;--awb-bg-size:cover;\"><div class=\"fusion-column-wrapper fusion-flex-column-wrapper-legacy\"><div class=\"fusion-text fusion-text-6\"><h2><span style=\"color: #0082c8; font-size: 24px !Important;\"><strong>PRZETARG<\/strong><\/span><\/h2>\n<\/div><div class=\"fusion-clearfix\"><\/div><\/div><\/div><div class=\"fusion-layout-column fusion_builder_column fusion-builder-column-6 fusion_builder_column_1_1 1_1 fusion-one-full fusion-column-first fusion-column-last\" style=\"--awb-bg-position:right center;--awb-bg-size:cover;\"><div class=\"fusion-column-wrapper fusion-flex-column-wrapper-legacy\"><div class=\"fusion-text fusion-text-7\"><p><strong>a.<\/strong> Opieraj\u0105c si\u0119 na naszej bogatej bazie wiedzy, zalecamy jaki rodzaj ubezpieczenia jest potrzebny, jakie s\u0105 warunki samowystarczalno\u015bci, limity kredytowe itp.<br \/>\n<strong>b.<\/strong> Firmy zajmuj\u0105ce si\u0119 ubezpieczeniami kredyt\u00f3w przygotowuj\u0105 swoje oferty zgodnie z po\u017c\u0105danymi parametrami.<strong>.<br \/>\nc.<\/strong> Wnikliwie analizujemy wszystkie zebrane oferty i przygotowujemy dokument por\u00f3wnawczy. R\u00f3\u017cni ubezpieczyciele kredyt\u00f3w stosuj\u0105 r\u00f3\u017cne standardy obliczania sk\u0142adek, r\u00f3\u017cne systemy bonus\/malus itp. Bardzo wa\u017cny jest r\u00f3wnie\u017c stosunek osi\u0105gni\u0119tej ochrony ubezpieczeniowej do kosztu ubezpieczenia.<br \/>\n<strong>d.<\/strong> W razie potrzeby prowadzone s\u0105 dodatkowe negocjacje z dwoma towarzystwami ubezpieczeniowymi, kt\u00f3re przedstawi\u0142y najlepsze oferty.<strong><br \/>\ne.<\/strong> Ostateczn\u0105 decyzj\u0119 podejmuj\u0105 Pa\u0144stwo na podstawie analizy ostatecznych ofert.<\/p>\n<\/div><div class=\"fusion-clearfix\"><\/div><\/div><\/div><\/div><\/div><div class=\"fusion-fullwidth fullwidth-box fusion-builder-row-5 fusion-parallax-none row-koraki4 nonhundred-percent-fullwidth non-hundred-percent-height-scrolling\" style=\"--awb-background-position:right center;--awb-border-radius-top-left:0px;--awb-border-radius-top-right:0px;--awb-border-radius-bottom-right:0px;--awb-border-radius-bottom-left:0px;--awb-padding-top:20px;--awb-padding-bottom:0px;--awb-margin-top:-70px;--awb-margin-bottom:80px;--awb-background-image:url(&quot;http:\/\/alpha-credo.com\/wp-content\/uploads\/2017\/09\/cetrtikorakv2.jpg&quot;);--awb-background-size:cover;--awb-flex-wrap:wrap;\" ><div class=\"fusion-builder-row fusion-row\"><div class=\"fusion-layout-column fusion_builder_column fusion-builder-column-7 fusion_builder_column_1_1 1_1 fusion-one-full fusion-column-first fusion-column-last\" style=\"--awb-padding-top:20px;--awb-bg-position:right center;--awb-bg-size:cover;\"><div class=\"fusion-column-wrapper fusion-flex-column-wrapper-legacy\"><div class=\"fusion-text fusion-text-8\"><h2><span style=\"color: #0082c8; font-size: 24px !Important;\"><strong>PODPISANIE UMOWY UBEZPIECZENIA KREDYTU<\/strong><\/span><\/h2>\n<\/div><div class=\"fusion-clearfix\"><\/div><\/div><\/div><div class=\"fusion-layout-column fusion_builder_column fusion-builder-column-8 fusion_builder_column_1_1 1_1 fusion-one-full fusion-column-first fusion-column-last\" style=\"--awb-bg-position:right center;--awb-bg-size:cover;--awb-margin-bottom:0px;\"><div class=\"fusion-column-wrapper fusion-flex-column-wrapper-legacy\"><div class=\"fusion-text fusion-text-9\"><p><strong>a.<\/strong> Aktywnie uczestniczymy w przygotowaniu ostatecznej tre\u015bci umowy.<br \/>\n<strong>b.<\/strong> Umowa ubezpieczenia kredytu zawierana jest bezpo\u015brednio z firm\u0105 ubezpieczeniow\u0105 kredytu.<strong><br \/>\nc.<\/strong> Wsp\u00f3\u0142pracujemy z ubezpieczonymi w zakresie zarz\u0105dzania nale\u017cno\u015bciami przez ca\u0142y rok.<\/p>\n<\/div><div class=\"fusion-clearfix\"><\/div><\/div><\/div><\/div><\/div><div class=\"fusion-fullwidth fullwidth-box fusion-builder-row-6 fusion-parallax-none row-koraki4 nonhundred-percent-fullwidth non-hundred-percent-height-scrolling\" style=\"--awb-background-position:right center;--awb-border-radius-top-left:0px;--awb-border-radius-top-right:0px;--awb-border-radius-bottom-right:0px;--awb-border-radius-bottom-left:0px;--awb-padding-top:20px;--awb-padding-bottom:0px;--awb-margin-top:-70px;--awb-margin-bottom:80px;--awb-background-image:url(&quot;http:\/\/alpha-credo.com\/wp-content\/uploads\/2017\/09\/korak5.jpg&quot;);--awb-background-size:cover;--awb-flex-wrap:wrap;\" ><div class=\"fusion-builder-row fusion-row\"><div class=\"fusion-layout-column fusion_builder_column fusion-builder-column-9 fusion_builder_column_1_1 1_1 fusion-one-full fusion-column-first fusion-column-last\" style=\"--awb-padding-top:20px;--awb-bg-position:right center;--awb-bg-size:cover;\"><div class=\"fusion-column-wrapper fusion-flex-column-wrapper-legacy\"><div class=\"fusion-text fusion-text-10\"><h2><span style=\"color: #0082c8; font-size: 24px !Important;\"><strong>WSP\u00d3\u0141PRACA W ZAKRESIE ZARZ\u0104DZANIA NALE\u017bNO\u015aCIAMI<br \/>\n<\/strong><\/span><\/h2>\n<\/div><div class=\"fusion-clearfix\"><\/div><\/div><\/div><div class=\"fusion-layout-column fusion_builder_column fusion-builder-column-10 fusion_builder_column_1_1 1_1 fusion-one-full fusion-column-first fusion-column-last\" style=\"--awb-bg-position:right center;--awb-bg-size:cover;--awb-margin-bottom:0px;\"><div class=\"fusion-column-wrapper fusion-flex-column-wrapper-legacy\"><div class=\"fusion-text fusion-text-11\"><p><strong>a.<\/strong> Alpha Credo aktywnie uczestniczy w zatwierdzaniu limit\u00f3w kredytowych.<br \/>\n<strong>b.<\/strong> W przypadku op\u00f3\u017anie\u0144 w p\u0142atno\u015bciach pomagamy naszym klientom w windykacji nale\u017cno\u015bci.<strong>.<br \/>\nc.<\/strong> Pomagamy naszym klientom przy zg\u0142aszaniu roszcze\u0144 odszkodowawczych.<\/p>\n<\/div><div class=\"fusion-clearfix\"><\/div><\/div><\/div><\/div><\/div>\n","protected":false},"excerpt":{"rendered":"","protected":false},"author":1,"featured_media":0,"parent":0,"menu_order":0,"comment_status":"closed","ping_status":"closed","template":"100-width.php","meta":[],"yoast_head":"<!-- This site is optimized with the Yoast SEO plugin v20.9 - https:\/\/yoast.com\/wordpress\/plugins\/seo\/ -->\n<title>Cykl pracy - Alpha Credo<\/title>\n<meta name=\"robots\" content=\"index, follow, max-snippet:-1, max-image-preview:large, max-video-preview:-1\" \/>\n<link rel=\"canonical\" href=\"https:\/\/alpha-credo.com\/workflow\/\" \/>\n<meta property=\"og:locale\" content=\"pl_PL\" \/>\n<meta property=\"og:type\" content=\"article\" \/>\n<meta property=\"og:title\" content=\"Cykl pracy - Alpha Credo\" \/>\n<meta property=\"og:url\" content=\"https:\/\/alpha-credo.com\/workflow\/\" \/>\n<meta property=\"og:site_name\" content=\"Alpha Credo\" \/>\n<meta property=\"article:modified_time\" content=\"2020-12-16T11:58:29+00:00\" \/>\n<meta name=\"twitter:card\" content=\"summary_large_image\" \/>\n<meta name=\"twitter:label1\" content=\"Szacowany czas czytania\" \/>\n\t<meta name=\"twitter:data1\" content=\"9 minut\" \/>\n<script type=\"application\/ld+json\" class=\"yoast-schema-graph\">{\"@context\":\"https:\/\/schema.org\",\"@graph\":[{\"@type\":\"WebPage\",\"@id\":\"https:\/\/alpha-credo.com\/workflow\/\",\"url\":\"https:\/\/alpha-credo.com\/workflow\/\",\"name\":\"Cykl pracy - Alpha Credo\",\"isPartOf\":{\"@id\":\"https:\/\/alpha-credo.com\/sl\/#website\"},\"datePublished\":\"2019-04-11T08:28:20+00:00\",\"dateModified\":\"2020-12-16T11:58:29+00:00\",\"breadcrumb\":{\"@id\":\"https:\/\/alpha-credo.com\/workflow\/#breadcrumb\"},\"inLanguage\":\"pl-PL\",\"potentialAction\":[{\"@type\":\"ReadAction\",\"target\":[\"https:\/\/alpha-credo.com\/workflow\/\"]}]},{\"@type\":\"BreadcrumbList\",\"@id\":\"https:\/\/alpha-credo.com\/workflow\/#breadcrumb\",\"itemListElement\":[{\"@type\":\"ListItem\",\"position\":1,\"name\":\"Home\",\"item\":\"https:\/\/alpha-credo.com\/pl\/\"},{\"@type\":\"ListItem\",\"position\":2,\"name\":\"Cykl pracy\"}]},{\"@type\":\"WebSite\",\"@id\":\"https:\/\/alpha-credo.com\/sl\/#website\",\"url\":\"https:\/\/alpha-credo.com\/sl\/\",\"name\":\"Alpha Credo\",\"description\":\"Zavarovalno posredni\u0161ka dru\u017eba\/Insurance Brokerage\",\"potentialAction\":[{\"@type\":\"SearchAction\",\"target\":{\"@type\":\"EntryPoint\",\"urlTemplate\":\"https:\/\/alpha-credo.com\/sl\/?s={search_term_string}\"},\"query-input\":\"required name=search_term_string\"}],\"inLanguage\":\"pl-PL\"}]}<\/script>\n<!-- \/ Yoast SEO plugin. -->","yoast_head_json":{"title":"Cykl pracy - Alpha Credo","robots":{"index":"index","follow":"follow","max-snippet":"max-snippet:-1","max-image-preview":"max-image-preview:large","max-video-preview":"max-video-preview:-1"},"canonical":"https:\/\/alpha-credo.com\/workflow\/","og_locale":"pl_PL","og_type":"article","og_title":"Cykl pracy - Alpha Credo","og_url":"https:\/\/alpha-credo.com\/workflow\/","og_site_name":"Alpha Credo","article_modified_time":"2020-12-16T11:58:29+00:00","twitter_card":"summary_large_image","twitter_misc":{"Szacowany czas czytania":"9 minut"},"schema":{"@context":"https:\/\/schema.org","@graph":[{"@type":"WebPage","@id":"https:\/\/alpha-credo.com\/workflow\/","url":"https:\/\/alpha-credo.com\/workflow\/","name":"Cykl pracy - Alpha Credo","isPartOf":{"@id":"https:\/\/alpha-credo.com\/sl\/#website"},"datePublished":"2019-04-11T08:28:20+00:00","dateModified":"2020-12-16T11:58:29+00:00","breadcrumb":{"@id":"https:\/\/alpha-credo.com\/workflow\/#breadcrumb"},"inLanguage":"pl-PL","potentialAction":[{"@type":"ReadAction","target":["https:\/\/alpha-credo.com\/workflow\/"]}]},{"@type":"BreadcrumbList","@id":"https:\/\/alpha-credo.com\/workflow\/#breadcrumb","itemListElement":[{"@type":"ListItem","position":1,"name":"Home","item":"https:\/\/alpha-credo.com\/pl\/"},{"@type":"ListItem","position":2,"name":"Cykl pracy"}]},{"@type":"WebSite","@id":"https:\/\/alpha-credo.com\/sl\/#website","url":"https:\/\/alpha-credo.com\/sl\/","name":"Alpha Credo","description":"Zavarovalno posredni\u0161ka dru\u017eba\/Insurance Brokerage","potentialAction":[{"@type":"SearchAction","target":{"@type":"EntryPoint","urlTemplate":"https:\/\/alpha-credo.com\/sl\/?s={search_term_string}"},"query-input":"required name=search_term_string"}],"inLanguage":"pl-PL"}]}},"_links":{"self":[{"href":"https:\/\/alpha-credo.com\/pl\/wp-json\/wp\/v2\/pages\/1145"}],"collection":[{"href":"https:\/\/alpha-credo.com\/pl\/wp-json\/wp\/v2\/pages"}],"about":[{"href":"https:\/\/alpha-credo.com\/pl\/wp-json\/wp\/v2\/types\/page"}],"author":[{"embeddable":true,"href":"https:\/\/alpha-credo.com\/pl\/wp-json\/wp\/v2\/users\/1"}],"replies":[{"embeddable":true,"href":"https:\/\/alpha-credo.com\/pl\/wp-json\/wp\/v2\/comments?post=1145"}],"version-history":[{"count":16,"href":"https:\/\/alpha-credo.com\/pl\/wp-json\/wp\/v2\/pages\/1145\/revisions"}],"predecessor-version":[{"id":2315,"href":"https:\/\/alpha-credo.com\/pl\/wp-json\/wp\/v2\/pages\/1145\/revisions\/2315"}],"wp:attachment":[{"href":"https:\/\/alpha-credo.com\/pl\/wp-json\/wp\/v2\/media?parent=1145"}],"curies":[{"name":"wp","href":"https:\/\/api.w.org\/{rel}","templated":true}]}}