{"id":1203,"date":"2019-04-11T11:31:32","date_gmt":"2019-04-11T09:31:32","guid":{"rendered":"http:\/\/alpha-credo.com\/polityka-prywatnosci\/"},"modified":"2019-04-11T11:32:29","modified_gmt":"2019-04-11T09:32:29","slug":"polityka-prywatnosci","status":"publish","type":"page","link":"https:\/\/alpha-credo.com\/pl\/polityka-prywatnosci\/","title":{"rendered":"Polityka prywatno\u015bci"},"content":{"rendered":"<h3>Kim jeste\u015bmy<\/h3>\n<p>Nasz adres internetowy to: http:\/\/alpha-credo.com\/<\/p>\n<p>ALPHA CREDO d.o.o.<\/p>\n<p>Dunajska cesta 159, Lublana, 1000 Lublana<\/p>\n<h3>Jakie dane osobowe zbieramy i dlaczego je zbieramy<\/h3>\n<p><strong>Google Analytics<\/strong><br \/>\nU\u017cywamy Google Analytics do \u015bledzenia liczby odwiedzaj\u0105cych.<\/p>\n<h2>Komu udost\u0119pniamy Pa\u0144stwa dane<\/h2>\n<p>Strona udost\u0119pnia dane dotycz\u0105ce odwiedzin tylko Google Analytics i narz\u0119dziom reklamowym Facebooka. alpha-credo.si nie udost\u0119pnia \u017cadnych innych informacji osobom trzecim.<\/p>\n<h2>Jak d\u0142ugo przechowujemy Pa\u0144stwa dane<\/h2>\n<p>Je\u015bli zostawi\u0105 Pa\u0144stwo komentarz, komentarz ten i jego metadane s\u0105 zachowywane na czas nieokre\u015blony. Dzi\u0119ki temu mo\u017cemy automatycznie rozpoznawa\u0107 i zatwierdza\u0107 wszelkie komentarze uzupe\u0142niaj\u0105ce zamiast trzyma\u0107 je w kolejce do moderacji.<\/p>\n<p>W przypadku u\u017cytkownik\u00f3w, kt\u00f3rzy zarejestruj\u0105 si\u0119 na naszej stronie internetowej (je\u015bli dotyczy), przechowujemy r\u00f3wnie\u017c dane osobowe, kt\u00f3re podaj\u0105 w swoim profilu u\u017cytkownika. Wszyscy u\u017cytkownicy mog\u0105 w ka\u017cdej chwili przegl\u0105da\u0107, edytowa\u0107 lub usuwa\u0107 swoje dane osobowe (z wyj\u0105tkiem tego, \u017ce nie mog\u0105 zmieni\u0107 swojej nazwy u\u017cytkownika). Administratorzy stron internetowych mog\u0105 r\u00f3wnie\u017c ogl\u0105da\u0107 i edytowa\u0107 te informacje.<\/p>\n<h2>Jakie maj\u0105 Pa\u0144stwo prawa do swoich danych<\/h2>\n<p>Je\u015bli maj\u0105 Pa\u0144stwo konto na tej stronie lub zostawili komentarze, mog\u0105 Pa\u0144stwo poprosi\u0107 o wyeksportowany plik z danymi osobowymi, kt\u00f3re przechowujemy na Pa\u0144stwa temat, w tym wszelkimi danymi, kt\u00f3re Pa\u0144stwo nam podali. Mog\u0105 Pa\u0144stwo r\u00f3wnie\u017c poprosi\u0107 o usuni\u0119cie wszelkich danych osobowych, kt\u00f3re posiadamy na Pa\u0144stwa temat. Nie obejmuje to \u017cadnych danych, kt\u00f3re jeste\u015bmy zobowi\u0105zani przechowywa\u0107 dla cel\u00f3w administracyjnych, prawnych lub bezpiecze\u0144stwa.<\/p>\n<h2>Gdzie wysy\u0142amy Pa\u0144stwa dane<\/h2>\n<p>Komentarze odwiedzaj\u0105cych mog\u0105 by\u0107 sprawdzane za pomoc\u0105 zautomatyzowanej us\u0142ugi wykrywania spamu.<\/p>\n<h2>\u00a0Informacje dodatkowe<\/h2>\n<h3>Jak chronimy Pa\u0144stwa dane<\/h3>\n<p>Pa\u0144stwa dane s\u0105 przetwarzane przez bezpieczny serwer, kt\u00f3ry znajduje si\u0119 na webicom.net. Ani my, ani host nie przechowujemy \u017cadnych Pa\u0144stwo danych, dlatego nie mo\u017cemy si\u0119 nimi dzieli\u0107. Wszystkie Pa\u0144stwa dane s\u0105 przechowywane wy\u0142\u0105cznie w Google Analytics i narz\u0119dziach marketingowych Facebook.<\/p>\n<h3>Pliki cookie?<\/h3>\n<p>Cookies to ma\u0142e pliki tekstowe, kt\u00f3re s\u0105 przechowywane na Pa\u0144stwa komputerze, gdy odwiedzaj\u0105 Pa\u0144stwo nasz\u0105 stron\u0119 internetow\u0105 i nie szkodz\u0105 Pa\u0144stwa sprz\u0119towi lub oprogramowaniu. Ich przechowywanie jest pod pe\u0142n\u0105 kontrol\u0105 przegl\u0105darki u\u017cytkownika &#8211; mo\u017cna w niej ograniczy\u0107 lub wy\u0142\u0105czy\u0107 przechowywanie plik\u00f3w cookie. Pliki cookie nie s\u0105 szkodliwe i zawsze s\u0105 ograniczone czasowo.<\/p>\n<p>Stosowanie plik\u00f3w cookie w Unii Europejskiej (UE) jest okre\u015blone w Dyrektywie o prywatno\u015bci i komunikacji elektronicznej 2002\/58\/WE, artyku\u0142 o plikach cookie i podobnych technologiach zosta\u0142 zmieniony przez Dyrektyw\u0119 136\/2009.<\/p>\n<p>W ustawodawstwie s\u0142owe\u0144skim stosowanie plik\u00f3w cookie okre\u015bla ustawa o komunikacji elektronicznej (ZEKom-1) (Dziennik Urz\u0119dowy nr 109\/2012), kt\u00f3rej art. 157 stanowi podstaw\u0119 prawn\u0105 dla ochrony prywatno\u015bci u\u017cytkownik\u00f3w Internetu.<\/p>\n<h3>Dlaczego potrzebne s\u0105 pliki cookie?<\/h3>\n<p>Maj\u0105 one zasadnicze znaczenie dla zapewnienia przyjaznych dla u\u017cytkownika us\u0142ug internetowych. Interakcja pomi\u0119dzy u\u017cytkownikiem sieci Web a stron\u0105 jest szybsza i \u0142atwiejsza dzi\u0119ki zastosowaniu plik\u00f3w cookie. Z ich pomoc\u0105 strona zapami\u0119tuje indywidualne preferencje i do\u015bwiadczenia, oszcz\u0119dzaj\u0105c w ten spos\u00f3b czas i czyni\u0105c przegl\u0105danie bardziej wydajnym i przyjaznym.<\/p>\n<p>Strona przyznaje ka\u017cdemu u\u017cytkownikowi plik cookie w celu identyfikacji, monitorowania koszyka zakup\u00f3w oraz zapewnienia identyfikowalno\u015bci (tj. \u201ecookie\u201d) dla ka\u017cdego u\u017cytkownika na pocz\u0105tku ka\u017cdego przypadku korzystania z witryny internetowej, kt\u00f3ry jest przechowywany w pami\u0119ci serwera tylko w czasie trwania wizyty na stronie internetowej i jest usuwany po godzinie nieaktywno\u015bci. Sprzedawca mo\u017ce r\u00f3wnie\u017c przechowywa\u0107 na komputerze u\u017cytkownika pewne sta\u0142e pliki cookie, takie jak na przyk\u0142ad numer identyfikacyjny u\u017cytkownika w zaszyfrowanym formacie do identyfikacji nast\u0119pnej wizyty na stronie internetowej oraz, po\u015brednio, zewn\u0119trzne pliki cookie Google Analytics, kt\u00f3re s\u0142u\u017c\u0105 do analizy wizyt na stronie. Strona internetowa mo\u017ce wykorzysta\u0107 te dane w anonimowej, podsumowanej formie do cel\u00f3w analizy statystycznej.<\/p>\n<h3>Kilka przyk\u0142ad\u00f3w wykorzystania plik\u00f3w cookie:<\/h3>\n<ul>\n<li><strong>Dla lepszego do\u015bwiadczenia z korzystania u\u017cytkownika ze strony internetowej<\/strong>, dostosowujemy do odwiedzaj\u0105cych profil wy\u015bwietlanych tre\u015bci na podstawie poprzednich wizyt, aby<\/li>\n<li><strong>zapisywa\u0107 wybory<\/strong>\u00a0przy tworzeniu zaw\u0119\u017conego zakresu wyboru urz\u0105dze\u0144 i ofert oraz ich por\u00f3wna\u0144, aby<\/li>\n<li><strong>identyfikowa\u0107 urz\u0105dzenia<\/strong>\u00a0(komputer, tablet, telefon kom\u00f3rkowy), co umo\u017cliwia dostosowanie wy\u015bwietlania zawarto\u015bci do urz\u0105dzenia, aby<\/li>\n<li><strong>monitorowa\u0107 wizyty<\/strong>, co pozwala na sprawdzenie wydajno\u015bci wy\u015bwietlania tre\u015bci i adekwatno\u015bci reklam oraz na ci\u0105g\u0142e doskonalenie Pa\u0144stwa strony internetowej, co jest niezb\u0119dne<\/li>\n<li><strong>dla funkcjonowania niekt\u00f3rych<\/strong>\u00a0us\u0142ug (np. banki internetowe, sklepy internetowe i inne formy handlu elektronicznego &#8230;)<\/li>\n<\/ul>\n<h3>Wy\u0142\u0105czanie plik\u00f3w cookie<\/h3>\n<p>Decyzja o zapisywaniu plik\u00f3w cookie na urz\u0105dzeniu nale\u017cy do Pa\u0144stwa. Mog\u0105 Pa\u0144stwo kontrolowa\u0107 i modyfikowa\u0107 ustawienia plik\u00f3w cookie w swojej przegl\u0105darce internetowej.<\/p>\n<p>Aby uzyska\u0107 informacje na temat ustawie\u0144 plik\u00f3w cookie, nale\u017cy wybra\u0107 u\u017cywan\u0105 przegl\u0105dark\u0119 internetow\u0105.<\/p>\n<ul>\n<li style=\"list-style-type: none;\">\n<ul>\n<li style=\"list-style-type: none;\">\n<ul>\n<li style=\"list-style-type: none;\">\n<ul>\n<li style=\"list-style-type: none;\">\n<ul>\n<li><a href=\"https:\/\/support.google.com\/chrome\/answer\/95647?hl=sl-sl&amp;p=cpn_cookies\">Chrome<\/a><\/li>\n<li><a href=\"https:\/\/support.mozilla.org\/sl\/kb\/Kako%20aktivirate%20in%20deaktivirate%20pi\u0161kote\">Firefox<\/a><\/li>\n<li><a href=\"https:\/\/www.opera.com\/help\/tutorials\/security\/cookies\/\">Opera<\/a><\/li>\n<li><a href=\"https:\/\/windows.microsoft.com\/sl-si\/windows7\/how-to-manage-cookies-in-internet-explorer-9\">Internet Explorer 9<\/a><\/li>\n<li><a href=\"https:\/\/windows.microsoft.com\/sl-si\/windows-vista\/block-or-allow-cookies\">Internet Explorer 7 lub 8<\/a><\/li>\n<li><a href=\"https:\/\/support.apple.com\/kb\/PH11913\">Safari<\/a><\/li>\n<\/ul>\n<\/li>\n<\/ul>\n<\/li>\n<\/ul>\n<\/li>\n<\/ul>\n<\/li>\n<\/ul>\n<p>W przypadku zmiany ustawie\u0144 lub usuni\u0119cia plik\u00f3w cookie przegl\u0105darki, zmiany lub przeinstalowania przegl\u0105darki lub urz\u0105dzenia, mo\u017ce by\u0107 konieczne ponowne wy\u0142\u0105czenie plik\u00f3w cookie. Procedura zarz\u0105dzania plikami cookie i ich usuwania r\u00f3\u017cni si\u0119 w zale\u017cno\u015bci od przegl\u0105darki. Je\u015bli potrzebuj\u0105 Pa\u0144stwo pomocy, zalecamy uruchomi\u0107 pomoc dla u\u017cytkownik\u00f3w w przegl\u0105darce. Mog\u0105 r\u00f3wnie\u017c wy\u0142\u0105czy\u0107 Pa\u0144stwo \u015bledzenie Google Analytics korzystaj\u0105c z innego linka.<\/p>\n","protected":false},"excerpt":{"rendered":"<p>Kim jeste\u015bmy Nasz adres internetowy to: http:\/\/alpha-credo.com\/ ALPHA CREDO d.o.o. Dunajska cesta 159, Lublana, 1000 Lublana Jakie dane osobowe zbieramy i dlaczego je zbieramy Google Analytics U\u017cywamy Google Analytics do \u015bledzenia liczby odwiedzaj\u0105cych. Komu udost\u0119pniamy Pa\u0144stwa dane Strona udost\u0119pnia dane dotycz\u0105ce odwiedzin tylko Google Analytics i narz\u0119dziom reklamowym Facebooka. alpha-credo.si nie udost\u0119pnia \u017cadnych innych informacji [&hellip;]<\/p>\n","protected":false},"author":1,"featured_media":0,"parent":0,"menu_order":0,"comment_status":"closed","ping_status":"closed","template":"","meta":[],"yoast_head":"<!-- This site is optimized with the Yoast SEO plugin v20.9 - https:\/\/yoast.com\/wordpress\/plugins\/seo\/ -->\n<title>Polityka prywatno\u015bci - Alpha Credo<\/title>\n<meta name=\"robots\" content=\"index, follow, max-snippet:-1, max-image-preview:large, max-video-preview:-1\" \/>\n<link rel=\"canonical\" href=\"https:\/\/alpha-credo.com\/privacy-policy\/\" \/>\n<meta property=\"og:locale\" content=\"pl_PL\" \/>\n<meta property=\"og:type\" content=\"article\" \/>\n<meta property=\"og:title\" content=\"Polityka prywatno\u015bci - Alpha Credo\" \/>\n<meta property=\"og:description\" content=\"Kim jeste\u015bmy Nasz adres internetowy to: http:\/\/alpha-credo.com\/ ALPHA CREDO d.o.o. Dunajska cesta 159, Lublana, 1000 Lublana Jakie dane osobowe zbieramy i dlaczego je zbieramy Google Analytics U\u017cywamy Google Analytics do \u015bledzenia liczby odwiedzaj\u0105cych. Komu udost\u0119pniamy Pa\u0144stwa dane Strona udost\u0119pnia dane dotycz\u0105ce odwiedzin tylko Google Analytics i narz\u0119dziom reklamowym Facebooka. alpha-credo.si nie udost\u0119pnia \u017cadnych innych informacji [&hellip;]\" \/>\n<meta property=\"og:url\" content=\"https:\/\/alpha-credo.com\/privacy-policy\/\" \/>\n<meta property=\"og:site_name\" content=\"Alpha Credo\" \/>\n<meta property=\"article:modified_time\" content=\"2019-04-11T09:32:29+00:00\" \/>\n<meta name=\"twitter:card\" content=\"summary_large_image\" \/>\n<meta name=\"twitter:label1\" content=\"Szacowany czas czytania\" \/>\n\t<meta name=\"twitter:data1\" content=\"5 minut\" \/>\n<script type=\"application\/ld+json\" class=\"yoast-schema-graph\">{\"@context\":\"https:\/\/schema.org\",\"@graph\":[{\"@type\":\"WebPage\",\"@id\":\"https:\/\/alpha-credo.com\/privacy-policy\/\",\"url\":\"https:\/\/alpha-credo.com\/privacy-policy\/\",\"name\":\"Polityka prywatno\u015bci - Alpha Credo\",\"isPartOf\":{\"@id\":\"https:\/\/alpha-credo.com\/sl\/#website\"},\"datePublished\":\"2019-04-11T09:31:32+00:00\",\"dateModified\":\"2019-04-11T09:32:29+00:00\",\"breadcrumb\":{\"@id\":\"https:\/\/alpha-credo.com\/privacy-policy\/#breadcrumb\"},\"inLanguage\":\"pl-PL\",\"potentialAction\":[{\"@type\":\"ReadAction\",\"target\":[\"https:\/\/alpha-credo.com\/privacy-policy\/\"]}]},{\"@type\":\"BreadcrumbList\",\"@id\":\"https:\/\/alpha-credo.com\/privacy-policy\/#breadcrumb\",\"itemListElement\":[{\"@type\":\"ListItem\",\"position\":1,\"name\":\"Home\",\"item\":\"https:\/\/alpha-credo.com\/pl\/\"},{\"@type\":\"ListItem\",\"position\":2,\"name\":\"Polityka prywatno\u015bci\"}]},{\"@type\":\"WebSite\",\"@id\":\"https:\/\/alpha-credo.com\/sl\/#website\",\"url\":\"https:\/\/alpha-credo.com\/sl\/\",\"name\":\"Alpha Credo\",\"description\":\"Zavarovalno posredni\u0161ka dru\u017eba\/Insurance Brokerage\",\"potentialAction\":[{\"@type\":\"SearchAction\",\"target\":{\"@type\":\"EntryPoint\",\"urlTemplate\":\"https:\/\/alpha-credo.com\/sl\/?s={search_term_string}\"},\"query-input\":\"required name=search_term_string\"}],\"inLanguage\":\"pl-PL\"}]}<\/script>\n<!-- \/ Yoast SEO plugin. -->","yoast_head_json":{"title":"Polityka prywatno\u015bci - Alpha Credo","robots":{"index":"index","follow":"follow","max-snippet":"max-snippet:-1","max-image-preview":"max-image-preview:large","max-video-preview":"max-video-preview:-1"},"canonical":"https:\/\/alpha-credo.com\/privacy-policy\/","og_locale":"pl_PL","og_type":"article","og_title":"Polityka prywatno\u015bci - Alpha Credo","og_description":"Kim jeste\u015bmy Nasz adres internetowy to: http:\/\/alpha-credo.com\/ ALPHA CREDO d.o.o. Dunajska cesta 159, Lublana, 1000 Lublana Jakie dane osobowe zbieramy i dlaczego je zbieramy Google Analytics U\u017cywamy Google Analytics do \u015bledzenia liczby odwiedzaj\u0105cych. Komu udost\u0119pniamy Pa\u0144stwa dane Strona udost\u0119pnia dane dotycz\u0105ce odwiedzin tylko Google Analytics i narz\u0119dziom reklamowym Facebooka. alpha-credo.si nie udost\u0119pnia \u017cadnych innych informacji [&hellip;]","og_url":"https:\/\/alpha-credo.com\/privacy-policy\/","og_site_name":"Alpha Credo","article_modified_time":"2019-04-11T09:32:29+00:00","twitter_card":"summary_large_image","twitter_misc":{"Szacowany czas czytania":"5 minut"},"schema":{"@context":"https:\/\/schema.org","@graph":[{"@type":"WebPage","@id":"https:\/\/alpha-credo.com\/privacy-policy\/","url":"https:\/\/alpha-credo.com\/privacy-policy\/","name":"Polityka prywatno\u015bci - Alpha Credo","isPartOf":{"@id":"https:\/\/alpha-credo.com\/sl\/#website"},"datePublished":"2019-04-11T09:31:32+00:00","dateModified":"2019-04-11T09:32:29+00:00","breadcrumb":{"@id":"https:\/\/alpha-credo.com\/privacy-policy\/#breadcrumb"},"inLanguage":"pl-PL","potentialAction":[{"@type":"ReadAction","target":["https:\/\/alpha-credo.com\/privacy-policy\/"]}]},{"@type":"BreadcrumbList","@id":"https:\/\/alpha-credo.com\/privacy-policy\/#breadcrumb","itemListElement":[{"@type":"ListItem","position":1,"name":"Home","item":"https:\/\/alpha-credo.com\/pl\/"},{"@type":"ListItem","position":2,"name":"Polityka prywatno\u015bci"}]},{"@type":"WebSite","@id":"https:\/\/alpha-credo.com\/sl\/#website","url":"https:\/\/alpha-credo.com\/sl\/","name":"Alpha Credo","description":"Zavarovalno posredni\u0161ka dru\u017eba\/Insurance Brokerage","potentialAction":[{"@type":"SearchAction","target":{"@type":"EntryPoint","urlTemplate":"https:\/\/alpha-credo.com\/sl\/?s={search_term_string}"},"query-input":"required name=search_term_string"}],"inLanguage":"pl-PL"}]}},"_links":{"self":[{"href":"https:\/\/alpha-credo.com\/pl\/wp-json\/wp\/v2\/pages\/1203"}],"collection":[{"href":"https:\/\/alpha-credo.com\/pl\/wp-json\/wp\/v2\/pages"}],"about":[{"href":"https:\/\/alpha-credo.com\/pl\/wp-json\/wp\/v2\/types\/page"}],"author":[{"embeddable":true,"href":"https:\/\/alpha-credo.com\/pl\/wp-json\/wp\/v2\/users\/1"}],"replies":[{"embeddable":true,"href":"https:\/\/alpha-credo.com\/pl\/wp-json\/wp\/v2\/comments?post=1203"}],"version-history":[{"count":1,"href":"https:\/\/alpha-credo.com\/pl\/wp-json\/wp\/v2\/pages\/1203\/revisions"}],"predecessor-version":[{"id":1204,"href":"https:\/\/alpha-credo.com\/pl\/wp-json\/wp\/v2\/pages\/1203\/revisions\/1204"}],"wp:attachment":[{"href":"https:\/\/alpha-credo.com\/pl\/wp-json\/wp\/v2\/media?parent=1203"}],"curies":[{"name":"wp","href":"https:\/\/api.w.org\/{rel}","templated":true}]}}