{"id":1262,"date":"2019-04-11T11:55:42","date_gmt":"2019-04-11T09:55:42","guid":{"rendered":"http:\/\/alpha-credo.com\/optymalizacja-kapitalu-obrotowego\/"},"modified":"2020-12-16T13:04:41","modified_gmt":"2020-12-16T12:04:41","slug":"optymalizacja-kapitalu-obrotowego","status":"publish","type":"page","link":"https:\/\/alpha-credo.com\/pl\/optymalizacja-kapitalu-obrotowego\/","title":{"rendered":"Optymalizacja kapita\u0142u obrotowego"},"content":{"rendered":"<div class=\"fusion-fullwidth fullwidth-box fusion-builder-row-1 nonhundred-percent-fullwidth non-hundred-percent-height-scrolling\" style=\"--awb-border-radius-top-left:0px;--awb-border-radius-top-right:0px;--awb-border-radius-bottom-right:0px;--awb-border-radius-bottom-left:0px;--awb-background-color:#0082c8;--awb-flex-wrap:wrap;\" ><div class=\"fusion-builder-row fusion-row\"><div class=\"fusion-layout-column fusion_builder_column fusion-builder-column-0 fusion_builder_column_1_1 1_1 fusion-one-full fusion-column-first fusion-column-last\" style=\"--awb-padding-top:20px;--awb-padding-bottom:8px;--awb-bg-size:cover;--awb-margin-bottom:0px;\"><div class=\"fusion-column-wrapper fusion-flex-column-wrapper-legacy\"><div class=\"fusion-text fusion-text-1\"><p><span style=\"color: #ffffff; font-size: 36px;\">Optymalizacja kapita\u0142u obrotowego<\/span><\/p>\n<\/div><div class=\"fusion-clearfix\"><\/div><\/div><\/div><\/div><\/div><div class=\"fusion-fullwidth fullwidth-box fusion-builder-row-2 nonhundred-percent-fullwidth non-hundred-percent-height-scrolling\" style=\"--awb-border-radius-top-left:0px;--awb-border-radius-top-right:0px;--awb-border-radius-bottom-right:0px;--awb-border-radius-bottom-left:0px;--awb-margin-top:75px;--awb-margin-bottom:50px;--awb-flex-wrap:wrap;\" ><div class=\"fusion-builder-row fusion-row\"><div class=\"fusion-layout-column fusion_builder_column fusion-builder-column-1 fusion_builder_column_1_1 1_1 fusion-one-full fusion-column-first fusion-column-last\" style=\"--awb-bg-size:cover;\"><div class=\"fusion-column-wrapper fusion-flex-column-wrapper-legacy\"><div class=\"fusion-text fusion-text-2\"><p>Program ubezpieczenia kredytu zmniejsza obci\u0105\u017cenie dla skarbnika. U\u0142atwia analiz\u0119 kredytow\u0105 i windykacj\u0119 nale\u017cno\u015bci, nie wspominaj\u0105c o zwolnieniu przedsi\u0119biorstwa z d\u0142ugotrwa\u0142ych procedur upad\u0142o\u015bciowych. Pomimo wdro\u017conego programu ubezpieczenia kredytu, ka\u017cda sp\u00f3\u0142ka powinna zwr\u00f3ci\u0107 szczeg\u00f3ln\u0105 uwag\u0119 na wa\u017cn\u0105 kwesti\u0119 w swojej polityce kredytowej &#8211; warunki p\u0142atno\u015bci, kt\u00f3re oferuje swoim nabywcom. D\u0142ugo\u015b\u0107 okres\u00f3w odroczenia p\u0142atno\u015bci ma istotny wp\u0142yw na potrzeby finansowe sp\u00f3\u0142ki, a tak\u017ce na jej wyniki finansowe. Pozycja kapita\u0142u obrotowego przedsi\u0119biorstwa jest okre\u015blana jako po\u0142\u0105czenie poziomu sprzeda\u017cy, zatwierdzonych warunk\u00f3w p\u0142atno\u015bci dla nabywc\u00f3w, warunk\u00f3w p\u0142atno\u015bci akceptowanych od dostawc\u00f3w oraz rentowno\u015bci sp\u00f3\u0142ki. Warunki p\u0142atno\u015bci cz\u0119sto odzwierciedlaj\u0105 zdolno\u015b\u0107 do generowania dodatkowej sprzeda\u017cy. Ni\u017cszy kredyt kupiecki skutkuje zwykle umiarkowanym poziomem sprzeda\u017cy. Z drugiej strony, wi\u0119kszy kredyt kupiecki prowadzi do zwi\u0119kszenia poziomu sprzeda\u017cy, ale r\u00f3wnie\u017c do zwi\u0119kszenia ilo\u015bci wymaganych \u015brodk\u00f3w finansowych w ramach \u0142a\u0144cucha dostaw.<\/p>\n<p>Jeste\u015bmy specjalistami w zakresie przekszta\u0142cania potrzeb kapita\u0142u obrotowego z korzy\u015bci\u0105 dla naszych klient\u00f3w. Oszcz\u0119dno\u015bci osi\u0105gamy poprzez wdro\u017cenie elastycznych i efektywnych kosztowo rozwi\u0105za\u0144 w zakresie kapita\u0142u obrotowego poprzez wdro\u017cenie r\u00f3\u017cnych rozwi\u0105za\u0144 finansowania handlu (od faktoringu, z regresem lub bez; dyskontowanie faktur itp.), a tak\u017ce poprzez uwzgl\u0119dnienie mo\u017cliwo\u015bci negocjacyjnych naszego klienta. Mo\u017cemy wygenerowa\u0107 dodatkow\u0105 p\u0142ynno\u015b\u0107 lub po prostu stworzy\u0107 fundusze w celu ukierunkowania zyskownych mo\u017cliwo\u015bci zwi\u0105zanych z finansowaniem handlu.<\/p>\n<p>Pomimo tego, \u017ce promujemy programy ubezpieczenia kredyt\u00f3w, naszym nadrz\u0119dnym celem jest zmotywowanie organizacji naszych klient\u00f3w do przyj\u0119cia inteligentnej kultury zarz\u0105dzania ryzykiem kredytowym, w ramach kt\u00f3rej wszyscy pracownicy s\u0105 \u015bwiadomi problem\u00f3w zwi\u0105zanych z ryzykiem kredytowym i dostosowuj\u0105 swoje postawy i zachowania, aby podejmowa\u0107 lepsze decyzje, a tak\u017ce aby by\u0107 w stanie skutecznie radzi\u0107 sobie z kompromisem pomi\u0119dzy wymaganiami handlowymi a podejmowaniem ryzyka.<\/p>\n<\/div><div class=\"fusion-clearfix\"><\/div><\/div><\/div><\/div><\/div><div class=\"fusion-fullwidth fullwidth-box fusion-builder-row-3 fusion-parallax-none nonhundred-percent-fullwidth non-hundred-percent-height-scrolling fusion-equal-height-columns\" style=\"--awb-border-radius-top-left:0px;--awb-border-radius-top-right:0px;--awb-border-radius-bottom-right:0px;--awb-border-radius-bottom-left:0px;--awb-padding-top:110px;--awb-padding-bottom:90px;--awb-margin-top:50px;--awb-margin-bottom:-1px;--awb-background-image:url(&quot;http:\/\/alpha-credo.com\/wp-content\/uploads\/2017\/05\/spoznajtenas-bcg.jpg&quot;);--awb-background-size:cover;--awb-flex-wrap:wrap;\" ><div class=\"fusion-builder-row fusion-row\"><div class=\"fusion-layout-column fusion_builder_column fusion-builder-column-2 fusion_builder_column_1_3 1_3 fusion-one-third fusion-column-first\" style=\"--awb-bg-size:cover;width:33.333333333333%;width:calc(33.333333333333% - ( ( 4% + 4% ) * 0.33333333333333 ) );margin-right: 4%;\"><div class=\"fusion-column-wrapper fusion-flex-column-wrapper-legacy\"><div class=\"fusion-clearfix\"><\/div><\/div><\/div><div class=\"fusion-layout-column fusion_builder_column fusion-builder-column-3 fusion_builder_column_1_3 1_3 fusion-one-third\" style=\"--awb-bg-size:cover;width:33.333333333333%;width:calc(33.333333333333% - ( ( 4% + 4% ) * 0.33333333333333 ) );margin-right: 4%;\"><div class=\"fusion-column-wrapper fusion-flex-column-wrapper-legacy\"><div class=\"fusion-clearfix\"><\/div><\/div><\/div><div class=\"fusion-layout-column fusion_builder_column fusion-builder-column-4 fusion_builder_column_1_3 1_3 fusion-one-third fusion-column-last\" style=\"--awb-bg-size:cover;width:33.333333333333%;width:calc(33.333333333333% - ( ( 4% + 4% ) * 0.33333333333333 ) );\"><div class=\"fusion-column-wrapper fusion-flex-column-wrapper-legacy\"><div class=\"fusion-text fusion-text-3\"><h1 style=\"text-align: center;\"><span style=\"color: #ffffff;\">Dowiedz si\u0119 o nas wi\u0119cej<\/span><\/h1>\n<\/div><div class=\"fusion-aligncenter\"><a class=\"fusion-button button-flat fusion-button-default-size button-custom fusion-button-default button-1 fusion-button-default-span fusion-button-default-type gumb-cta2\" style=\"--button_accent_color:#ffffff;--button_accent_hover_color:#ffffff;--button_border_hover_color:#ffffff;--button_gradient_top_color:#007ac2;--button_gradient_bottom_color:#007ac2;--button_gradient_top_color_hover:#000000;--button_gradient_bottom_color_hover:#000000;\" target=\"_self\" href=\"http:\/\/alpha-credo.com\/zespol\/?lang=pl\"><span class=\"fusion-button-text\">ZESP\u00d3\u0141<\/span><\/a><\/div><div class=\"fusion-clearfix\"><\/div><\/div><\/div><\/div><\/div>\n","protected":false},"excerpt":{"rendered":"","protected":false},"author":1,"featured_media":0,"parent":0,"menu_order":0,"comment_status":"closed","ping_status":"closed","template":"100-width.php","meta":[],"yoast_head":"<!-- This site is optimized with the Yoast SEO plugin v20.9 - https:\/\/yoast.com\/wordpress\/plugins\/seo\/ -->\n<title>Optymalizacja kapita\u0142u obrotowego - Alpha Credo<\/title>\n<meta name=\"robots\" content=\"index, follow, max-snippet:-1, max-image-preview:large, max-video-preview:-1\" \/>\n<link rel=\"canonical\" href=\"https:\/\/alpha-credo.com\/working_capital\/\" \/>\n<meta property=\"og:locale\" content=\"pl_PL\" \/>\n<meta property=\"og:type\" content=\"article\" \/>\n<meta property=\"og:title\" content=\"Optymalizacja kapita\u0142u obrotowego - Alpha Credo\" \/>\n<meta property=\"og:url\" content=\"https:\/\/alpha-credo.com\/working_capital\/\" \/>\n<meta property=\"og:site_name\" content=\"Alpha Credo\" \/>\n<meta property=\"article:modified_time\" content=\"2020-12-16T12:04:41+00:00\" \/>\n<meta name=\"twitter:card\" content=\"summary_large_image\" \/>\n<meta name=\"twitter:label1\" content=\"Szacowany czas czytania\" \/>\n\t<meta name=\"twitter:data1\" content=\"6 minut\" \/>\n<script type=\"application\/ld+json\" class=\"yoast-schema-graph\">{\"@context\":\"https:\/\/schema.org\",\"@graph\":[{\"@type\":\"WebPage\",\"@id\":\"https:\/\/alpha-credo.com\/working_capital\/\",\"url\":\"https:\/\/alpha-credo.com\/working_capital\/\",\"name\":\"Optymalizacja kapita\u0142u obrotowego - Alpha Credo\",\"isPartOf\":{\"@id\":\"https:\/\/alpha-credo.com\/sl\/#website\"},\"datePublished\":\"2019-04-11T09:55:42+00:00\",\"dateModified\":\"2020-12-16T12:04:41+00:00\",\"breadcrumb\":{\"@id\":\"https:\/\/alpha-credo.com\/working_capital\/#breadcrumb\"},\"inLanguage\":\"pl-PL\",\"potentialAction\":[{\"@type\":\"ReadAction\",\"target\":[\"https:\/\/alpha-credo.com\/working_capital\/\"]}]},{\"@type\":\"BreadcrumbList\",\"@id\":\"https:\/\/alpha-credo.com\/working_capital\/#breadcrumb\",\"itemListElement\":[{\"@type\":\"ListItem\",\"position\":1,\"name\":\"Home\",\"item\":\"https:\/\/alpha-credo.com\/pl\/\"},{\"@type\":\"ListItem\",\"position\":2,\"name\":\"Optymalizacja kapita\u0142u obrotowego\"}]},{\"@type\":\"WebSite\",\"@id\":\"https:\/\/alpha-credo.com\/sl\/#website\",\"url\":\"https:\/\/alpha-credo.com\/sl\/\",\"name\":\"Alpha Credo\",\"description\":\"Zavarovalno posredni\u0161ka dru\u017eba\/Insurance Brokerage\",\"potentialAction\":[{\"@type\":\"SearchAction\",\"target\":{\"@type\":\"EntryPoint\",\"urlTemplate\":\"https:\/\/alpha-credo.com\/sl\/?s={search_term_string}\"},\"query-input\":\"required name=search_term_string\"}],\"inLanguage\":\"pl-PL\"}]}<\/script>\n<!-- \/ Yoast SEO plugin. -->","yoast_head_json":{"title":"Optymalizacja kapita\u0142u obrotowego - Alpha Credo","robots":{"index":"index","follow":"follow","max-snippet":"max-snippet:-1","max-image-preview":"max-image-preview:large","max-video-preview":"max-video-preview:-1"},"canonical":"https:\/\/alpha-credo.com\/working_capital\/","og_locale":"pl_PL","og_type":"article","og_title":"Optymalizacja kapita\u0142u obrotowego - Alpha Credo","og_url":"https:\/\/alpha-credo.com\/working_capital\/","og_site_name":"Alpha Credo","article_modified_time":"2020-12-16T12:04:41+00:00","twitter_card":"summary_large_image","twitter_misc":{"Szacowany czas czytania":"6 minut"},"schema":{"@context":"https:\/\/schema.org","@graph":[{"@type":"WebPage","@id":"https:\/\/alpha-credo.com\/working_capital\/","url":"https:\/\/alpha-credo.com\/working_capital\/","name":"Optymalizacja kapita\u0142u obrotowego - Alpha Credo","isPartOf":{"@id":"https:\/\/alpha-credo.com\/sl\/#website"},"datePublished":"2019-04-11T09:55:42+00:00","dateModified":"2020-12-16T12:04:41+00:00","breadcrumb":{"@id":"https:\/\/alpha-credo.com\/working_capital\/#breadcrumb"},"inLanguage":"pl-PL","potentialAction":[{"@type":"ReadAction","target":["https:\/\/alpha-credo.com\/working_capital\/"]}]},{"@type":"BreadcrumbList","@id":"https:\/\/alpha-credo.com\/working_capital\/#breadcrumb","itemListElement":[{"@type":"ListItem","position":1,"name":"Home","item":"https:\/\/alpha-credo.com\/pl\/"},{"@type":"ListItem","position":2,"name":"Optymalizacja kapita\u0142u obrotowego"}]},{"@type":"WebSite","@id":"https:\/\/alpha-credo.com\/sl\/#website","url":"https:\/\/alpha-credo.com\/sl\/","name":"Alpha Credo","description":"Zavarovalno posredni\u0161ka dru\u017eba\/Insurance Brokerage","potentialAction":[{"@type":"SearchAction","target":{"@type":"EntryPoint","urlTemplate":"https:\/\/alpha-credo.com\/sl\/?s={search_term_string}"},"query-input":"required name=search_term_string"}],"inLanguage":"pl-PL"}]}},"_links":{"self":[{"href":"https:\/\/alpha-credo.com\/pl\/wp-json\/wp\/v2\/pages\/1262"}],"collection":[{"href":"https:\/\/alpha-credo.com\/pl\/wp-json\/wp\/v2\/pages"}],"about":[{"href":"https:\/\/alpha-credo.com\/pl\/wp-json\/wp\/v2\/types\/page"}],"author":[{"embeddable":true,"href":"https:\/\/alpha-credo.com\/pl\/wp-json\/wp\/v2\/users\/1"}],"replies":[{"embeddable":true,"href":"https:\/\/alpha-credo.com\/pl\/wp-json\/wp\/v2\/comments?post=1262"}],"version-history":[{"count":9,"href":"https:\/\/alpha-credo.com\/pl\/wp-json\/wp\/v2\/pages\/1262\/revisions"}],"predecessor-version":[{"id":2325,"href":"https:\/\/alpha-credo.com\/pl\/wp-json\/wp\/v2\/pages\/1262\/revisions\/2325"}],"wp:attachment":[{"href":"https:\/\/alpha-credo.com\/pl\/wp-json\/wp\/v2\/media?parent=1262"}],"curies":[{"name":"wp","href":"https:\/\/api.w.org\/{rel}","templated":true}]}}