{"id":2673,"date":"2021-03-16T17:12:25","date_gmt":"2021-03-16T16:12:25","guid":{"rendered":"https:\/\/alpha-credo.com\/?page_id=2673"},"modified":"2021-03-16T17:20:25","modified_gmt":"2021-03-16T16:20:25","slug":"informacja-dla-ubezpieczajacych","status":"publish","type":"page","link":"https:\/\/alpha-credo.com\/pl\/informacja-dla-ubezpieczajacych\/","title":{"rendered":"Informacja dla ubezpieczaj\u0105cych"},"content":{"rendered":"<div class=\"fusion-fullwidth fullwidth-box fusion-builder-row-1 nonhundred-percent-fullwidth non-hundred-percent-height-scrolling\" style=\"--awb-border-radius-top-left:0px;--awb-border-radius-top-right:0px;--awb-border-radius-bottom-right:0px;--awb-border-radius-bottom-left:0px;--awb-background-color:#0082c8;--awb-flex-wrap:wrap;\" ><div class=\"fusion-builder-row fusion-row\"><div class=\"fusion-layout-column fusion_builder_column fusion-builder-column-0 fusion_builder_column_1_1 1_1 fusion-one-full fusion-column-first fusion-column-last\" style=\"--awb-padding-top:20px;--awb-padding-bottom:8px;--awb-bg-size:cover;--awb-margin-bottom:0px;\"><div class=\"fusion-column-wrapper fusion-flex-column-wrapper-legacy\"><div class=\"fusion-text fusion-text-1\"><p><span style=\"color: #ffffff; font-size: 36px;\">Informacja dla ubezpieczaj\u0105cych<\/span><\/p>\n<\/div><div class=\"fusion-clearfix\"><\/div><\/div><\/div><\/div><\/div><div class=\"fusion-fullwidth fullwidth-box fusion-builder-row-2 nonhundred-percent-fullwidth non-hundred-percent-height-scrolling\" style=\"--awb-border-radius-top-left:0px;--awb-border-radius-top-right:0px;--awb-border-radius-bottom-right:0px;--awb-border-radius-bottom-left:0px;--awb-margin-top:75px;--awb-margin-bottom:50px;--awb-flex-wrap:wrap;\" ><div class=\"fusion-builder-row fusion-row\"><div class=\"fusion-layout-column fusion_builder_column fusion-builder-column-1 fusion_builder_column_1_1 1_1 fusion-one-full fusion-column-first fusion-column-last\" style=\"--awb-bg-size:cover;\"><div class=\"fusion-column-wrapper fusion-flex-column-wrapper-legacy\"><div class=\"fusion-text fusion-text-2\"><h3>INFORMACJA ZGODNIE Z USTAW\u0104 UBEZPIECZENIOW\u0104 (ZZavar-1, art. 553)<\/h3>\n<p>Zgodnie z art. 551 w zwi\u0105zku z art. 545, 550 i 553 ustawy o ubezpieczeniach (Dziennik Urz\u0119dowy Republiki S\u0142owenii, nr 93\/15 i 9\/19) oraz w celu ochrony Pa\u0144stwa interes\u00f3w jako ubezpieczyciela, informujemy Pa\u0144stwa:<\/p>\n<ul>\n<li>\u017ce Ubezpieczeniowa Sp\u00f3\u0142ka Brokerska ALPHA CREDO d.o.o., z siedzib\u0105 przy Dunajska cesta 159, 1000 Ljubljana, posiada zezwolenie Agencji Nadzoru Ubezpiecze\u0144 nr 40110-0900\/2013-4, z dnia 23 maja 2013 r. na wykonywanie ubezpieczeniowych transakcji brokerskich, kt\u00f3re mo\u017cna sprawdzi\u0107 w rejestrze agent\u00f3w i broker\u00f3w w Agencji Nadzoru Ubezpiecze\u0144 (https:\/\/www.a-zn.si\/zastopniki-in-posredniki\/register-zastopnikov-posrednikov\/),<\/li>\n<li>\u017ce zgodnie z postanowieniami art. 572 ZZavar-1, Ubezpieczeniowa Sp\u00f3\u0142ka Brokerska zosta\u0142a zg\u0142oszona do \u015bwiadczenia us\u0142ug na ca\u0142ym terytorium Unii Europejskiej,<\/li>\n<li>\u017ce Ubezpieczeniowa Sp\u00f3\u0142ka Brokerska dzia\u0142a we w\u0142asnym imieniu i na w\u0142asn\u0105 rzecz,<\/li>\n<li>d\u017ce Ubezpieczeniowa Sp\u00f3\u0142ka Brokerska zawar\u0142a odpowiednie ubezpieczenie odpowiedzialno\u015bci cywilnej z tytu\u0142u wykonywania zawodu w celu pokrycia zobowi\u0105za\u0144 wynikaj\u0105cych z odpowiedzialno\u015bci za szkody, zgodnie z wymogami ust. 4 art. 551 ZZavar-1,<\/li>\n<li>d\u017ce Ubezpieczeniowa Sp\u00f3\u0142ka Brokerska lub jej Brokerzy Ubezpieczeniowi nie posiadaj\u0105 bezpo\u015brednio lub po\u015brednio udzia\u0142u stanowi\u0105cego wi\u0119cej ni\u017c 10% praw g\u0142osu lub udzia\u0142u w kapitale zak\u0142adu ubezpieczeniowego,<\/li>\n<li>\u017ce zak\u0142ad ubezpiecze\u0144 lub jego podmiot zale\u017cny nie posiada bezpo\u015brednio lub po\u015brednio udzia\u0142u stanowi\u0105cego wi\u0119cej ni\u017c 10% praw g\u0142osu lub udzia\u0142u w kapitale Ubezpieczeniowej Sp\u00f3\u0142ki Brokerskiej,<\/li>\n<li>\u017ce us\u0142ugi brokerskie nie obci\u0105\u017caj\u0105 klienta, gdy\u017c Ubezpieczeniowej Sp\u00f3\u0142ce Brokerskiej przys\u0142uguje roszczenie z tytu\u0142u \u015bwiadczonych us\u0142ug do wybranego zak\u0142adu ubezpiecze\u0144 (prowizja pokryta ju\u017c ze sk\u0142adki ubezpieczeniowej),<\/li>\n<li>\u017ce zgodnie z art. 554 paragraf pierwszy ZZavar-1, Ubezpieczeniowa Sp\u00f3\u0142ka Brokerska nie ma prawa \u017c\u0105da\u0107 od ubezpieczaj\u0105cego zap\u0142aty prowizji lub jakiegokolwiek innego wynagrodzenia, chyba \u017ce co innego wynika z wyra\u017anej pisemnej umowy brokerskiej zawartej z ubezpieczaj\u0105cym,<\/li>\n<li>d\u017ce zgodnie z art. 579 Ubezpieczeniowa Sp\u00f3\u0142ka Brokerska ustanowi\u0142o wewn\u0119trzn\u0105 procedur\u0119 rozpatrywania skarg (okre\u015blaj\u0105c\u0105 r\u00f3wnie\u017c podmiot \u015bwiadcz\u0105cy pozas\u0105dowe metody rozwi\u0105zywania spor\u00f3w), kt\u00f3ra jest opublikowana na stronie internetowej sp\u00f3\u0142ki (www.alpha-credo.com).<\/li>\n<\/ul>\n<\/div><div class=\"fusion-clearfix\"><\/div><\/div><\/div><\/div><\/div><div class=\"fusion-fullwidth fullwidth-box fusion-builder-row-3 nonhundred-percent-fullwidth non-hundred-percent-height-scrolling\" style=\"--awb-border-radius-top-left:0px;--awb-border-radius-top-right:0px;--awb-border-radius-bottom-right:0px;--awb-border-radius-bottom-left:0px;--awb-flex-wrap:wrap;\" ><div class=\"fusion-builder-row fusion-row\"><div class=\"fusion-layout-column fusion_builder_column fusion-builder-column-2 fusion_builder_column_1_2 1_2 fusion-one-half fusion-column-first\" style=\"--awb-bg-size:cover;width:50%;width:calc(50% - ( ( 4% ) * 0.5 ) );margin-right: 4%;\"><div class=\"fusion-column-wrapper fusion-column-has-shadow fusion-flex-column-wrapper-legacy\"><div class=\"fusion-text fusion-text-3\"><p>Dr. Ale\u0161 Berk Skok, Insurance Broker &amp; Partner<\/p>\n<p># broker licence of ISA: 40110-0945\/2014-4<\/p>\n<p>date of ISA broker licence: 29.5.2014<\/p>\n<\/div><div class=\"fusion-clearfix\"><\/div><\/div><\/div><div class=\"fusion-layout-column fusion_builder_column fusion-builder-column-3 fusion_builder_column_1_2 1_2 fusion-one-half fusion-column-last\" style=\"--awb-bg-size:cover;width:50%;width:calc(50% - ( ( 4% ) * 0.5 ) );\"><div class=\"fusion-column-wrapper fusion-column-has-shadow fusion-flex-column-wrapper-legacy\"><div class=\"fusion-text fusion-text-4\"><p style=\"text-align: right;\">Janez Jelov\u0161ek, Insurance Broker &amp; Partner<\/p>\n<p style=\"text-align: right;\"># broker licence of ISA: 40110-0969\/2013-4<\/p>\n<p style=\"text-align: right;\">date of ISA broker licence: 4.6.2013<\/p>\n<\/div><div class=\"fusion-clearfix\"><\/div><\/div><\/div><\/div><\/div>\n","protected":false},"excerpt":{"rendered":"","protected":false},"author":5,"featured_media":0,"parent":0,"menu_order":0,"comment_status":"closed","ping_status":"closed","template":"100-width.php","meta":[],"yoast_head":"<!-- This site is optimized with the Yoast SEO plugin v20.9 - https:\/\/yoast.com\/wordpress\/plugins\/seo\/ -->\n<title>Informacja dla ubezpieczaj\u0105cych - Alpha Credo<\/title>\n<meta name=\"robots\" content=\"index, follow, max-snippet:-1, max-image-preview:large, max-video-preview:-1\" \/>\n<link rel=\"canonical\" href=\"https:\/\/alpha-credo.com\/notice-to-policyholders\/\" \/>\n<meta property=\"og:locale\" content=\"pl_PL\" \/>\n<meta property=\"og:type\" content=\"article\" \/>\n<meta property=\"og:title\" content=\"Informacja dla ubezpieczaj\u0105cych - Alpha Credo\" \/>\n<meta property=\"og:url\" content=\"https:\/\/alpha-credo.com\/notice-to-policyholders\/\" \/>\n<meta property=\"og:site_name\" content=\"Alpha Credo\" \/>\n<meta property=\"article:modified_time\" content=\"2021-03-16T16:20:25+00:00\" \/>\n<meta name=\"twitter:card\" content=\"summary_large_image\" \/>\n<meta name=\"twitter:label1\" content=\"Szacowany czas czytania\" \/>\n\t<meta name=\"twitter:data1\" content=\"8 minut\" \/>\n<script type=\"application\/ld+json\" class=\"yoast-schema-graph\">{\"@context\":\"https:\/\/schema.org\",\"@graph\":[{\"@type\":\"WebPage\",\"@id\":\"https:\/\/alpha-credo.com\/notice-to-policyholders\/\",\"url\":\"https:\/\/alpha-credo.com\/notice-to-policyholders\/\",\"name\":\"Informacja dla ubezpieczaj\u0105cych - Alpha Credo\",\"isPartOf\":{\"@id\":\"https:\/\/alpha-credo.com\/sl\/#website\"},\"datePublished\":\"2021-03-16T16:12:25+00:00\",\"dateModified\":\"2021-03-16T16:20:25+00:00\",\"breadcrumb\":{\"@id\":\"https:\/\/alpha-credo.com\/notice-to-policyholders\/#breadcrumb\"},\"inLanguage\":\"pl-PL\",\"potentialAction\":[{\"@type\":\"ReadAction\",\"target\":[\"https:\/\/alpha-credo.com\/notice-to-policyholders\/\"]}]},{\"@type\":\"BreadcrumbList\",\"@id\":\"https:\/\/alpha-credo.com\/notice-to-policyholders\/#breadcrumb\",\"itemListElement\":[{\"@type\":\"ListItem\",\"position\":1,\"name\":\"Home\",\"item\":\"https:\/\/alpha-credo.com\/pl\/\"},{\"@type\":\"ListItem\",\"position\":2,\"name\":\"Informacja dla ubezpieczaj\u0105cych\"}]},{\"@type\":\"WebSite\",\"@id\":\"https:\/\/alpha-credo.com\/sl\/#website\",\"url\":\"https:\/\/alpha-credo.com\/sl\/\",\"name\":\"Alpha Credo\",\"description\":\"Zavarovalno posredni\u0161ka dru\u017eba\/Insurance Brokerage\",\"potentialAction\":[{\"@type\":\"SearchAction\",\"target\":{\"@type\":\"EntryPoint\",\"urlTemplate\":\"https:\/\/alpha-credo.com\/sl\/?s={search_term_string}\"},\"query-input\":\"required name=search_term_string\"}],\"inLanguage\":\"pl-PL\"}]}<\/script>\n<!-- \/ Yoast SEO plugin. -->","yoast_head_json":{"title":"Informacja dla ubezpieczaj\u0105cych - Alpha Credo","robots":{"index":"index","follow":"follow","max-snippet":"max-snippet:-1","max-image-preview":"max-image-preview:large","max-video-preview":"max-video-preview:-1"},"canonical":"https:\/\/alpha-credo.com\/notice-to-policyholders\/","og_locale":"pl_PL","og_type":"article","og_title":"Informacja dla ubezpieczaj\u0105cych - Alpha Credo","og_url":"https:\/\/alpha-credo.com\/notice-to-policyholders\/","og_site_name":"Alpha Credo","article_modified_time":"2021-03-16T16:20:25+00:00","twitter_card":"summary_large_image","twitter_misc":{"Szacowany czas czytania":"8 minut"},"schema":{"@context":"https:\/\/schema.org","@graph":[{"@type":"WebPage","@id":"https:\/\/alpha-credo.com\/notice-to-policyholders\/","url":"https:\/\/alpha-credo.com\/notice-to-policyholders\/","name":"Informacja dla ubezpieczaj\u0105cych - Alpha Credo","isPartOf":{"@id":"https:\/\/alpha-credo.com\/sl\/#website"},"datePublished":"2021-03-16T16:12:25+00:00","dateModified":"2021-03-16T16:20:25+00:00","breadcrumb":{"@id":"https:\/\/alpha-credo.com\/notice-to-policyholders\/#breadcrumb"},"inLanguage":"pl-PL","potentialAction":[{"@type":"ReadAction","target":["https:\/\/alpha-credo.com\/notice-to-policyholders\/"]}]},{"@type":"BreadcrumbList","@id":"https:\/\/alpha-credo.com\/notice-to-policyholders\/#breadcrumb","itemListElement":[{"@type":"ListItem","position":1,"name":"Home","item":"https:\/\/alpha-credo.com\/pl\/"},{"@type":"ListItem","position":2,"name":"Informacja dla ubezpieczaj\u0105cych"}]},{"@type":"WebSite","@id":"https:\/\/alpha-credo.com\/sl\/#website","url":"https:\/\/alpha-credo.com\/sl\/","name":"Alpha Credo","description":"Zavarovalno posredni\u0161ka dru\u017eba\/Insurance Brokerage","potentialAction":[{"@type":"SearchAction","target":{"@type":"EntryPoint","urlTemplate":"https:\/\/alpha-credo.com\/sl\/?s={search_term_string}"},"query-input":"required name=search_term_string"}],"inLanguage":"pl-PL"}]}},"_links":{"self":[{"href":"https:\/\/alpha-credo.com\/pl\/wp-json\/wp\/v2\/pages\/2673"}],"collection":[{"href":"https:\/\/alpha-credo.com\/pl\/wp-json\/wp\/v2\/pages"}],"about":[{"href":"https:\/\/alpha-credo.com\/pl\/wp-json\/wp\/v2\/types\/page"}],"author":[{"embeddable":true,"href":"https:\/\/alpha-credo.com\/pl\/wp-json\/wp\/v2\/users\/5"}],"replies":[{"embeddable":true,"href":"https:\/\/alpha-credo.com\/pl\/wp-json\/wp\/v2\/comments?post=2673"}],"version-history":[{"count":4,"href":"https:\/\/alpha-credo.com\/pl\/wp-json\/wp\/v2\/pages\/2673\/revisions"}],"predecessor-version":[{"id":2678,"href":"https:\/\/alpha-credo.com\/pl\/wp-json\/wp\/v2\/pages\/2673\/revisions\/2678"}],"wp:attachment":[{"href":"https:\/\/alpha-credo.com\/pl\/wp-json\/wp\/v2\/media?parent=2673"}],"curies":[{"name":"wp","href":"https:\/\/api.w.org\/{rel}","templated":true}]}}