{"id":1443,"date":"2019-04-11T13:08:10","date_gmt":"2019-04-11T11:08:10","guid":{"rendered":"http:\/\/alpha-credo.com\/politica-de-confidentialitate\/"},"modified":"2019-04-11T13:08:10","modified_gmt":"2019-04-11T11:08:10","slug":"politica-de-confidentialitate","status":"publish","type":"page","link":"https:\/\/alpha-credo.com\/ro\/politica-de-confidentialitate\/","title":{"rendered":"Politica de confiden\u021bialitate"},"content":{"rendered":"<h2>Cine suntem noi?<\/h2>\n<p>Adresa noastr\u0103 web este: <a href=\"http:\/\/alpha-credo.com\/\">http:\/\/alpha-credo.com\/<\/a><\/p>\n<p>ALPHA CREDO d.o.o.<\/p>\n<p>Dunajska cesta 159, Ljubljana, 1000 Ljubljana<\/p>\n<h2>Ce date cu caracter personal colect\u0103m \u0219i de ce le colect\u0103m?<\/h2>\n<h3>Date analitice<\/h3>\n<p>Google Analytics<\/p>\n<p>Utiliz\u0103m Google Analytics pentru a urm\u0103ri num\u0103rul de vizitatori.<\/p>\n<p>&nbsp;<\/p>\n<h2>Cui partaj\u0103m datele dvs.?<\/h2>\n<p>Pagina web partajeaz\u0103 datele privind vizita dvs. cu Google Analytics \u0219i cu instrumentele de publicitate Facebook. Compania alpha-credo.si nu partajeaz\u0103 alte informa\u021bii cu ter\u021be p\u0103r\u021bi.<\/p>\n<h2>C\u00e2t timp vom p\u0103stra datele dvs.?<\/h2>\n<p>Dac\u0103 l\u0103sa\u021bi un comentariu, comentariul \u0219i metadatele acestuia vor fi p\u0103strate pe o perioad\u0103 nedeterminat\u0103. \u00cen acest fel, putem recunoa\u0219te \u0219i aproba automat orice comentarii ulterioare \u00een loc s\u0103 le \u021binem \u00eentr-o coad\u0103 pentru moderare.<\/p>\n<p>\u00cen cazul utilizatorilor care se \u00eenregistreaz\u0103 pe pagina noastr\u0103 web (dac\u0103 este cazul), p\u0103str\u0103m \u0219i informa\u021biile cu caracter personal pe care le furnizeaz\u0103 \u00een profilurile lor de utilizator. To\u021bi utilizatorii \u00ee\u0219i pot vedea, edita sau \u0219terge informa\u021biile cu caracter personal \u00een orice moment (\u00eens\u0103 nu \u00ee\u0219i pot schimba numele de utilizator). Administratorii paginii web pot vedea \u0219i edita aceste informa\u021bii.<\/p>\n<h2>Ce drepturi ave\u021bi asupra datelor dvs.?<\/h2>\n<p>Dac\u0103 ave\u021bi un cont pe pagina noastr\u0103 web sau a\u021bi l\u0103sat comentarii, pute\u021bi solicita s\u0103 primi\u021bi un fi\u0219ier exportat cu datele cu caracter personal pe care le de\u021binem \u00een leg\u0103tur\u0103 cu dvs., inclusiv orice date pe care ni le-a\u021bi furnizat. De asemenea, pute\u021bi solicita s\u0103 \u0219tergem toate datele cu caracter personal pe care le de\u021binem \u00een leg\u0103tur\u0103 cu dvs. Acest lucru nu include datele pe care suntem obliga\u021bi s\u0103 le p\u0103str\u0103m \u00een scopuri administrative, juridice sau de siguran\u021b\u0103.<\/p>\n<h2>Unde trimitem datele dvs.?<\/h2>\n<p>Comentariile vizitatorilor pot fi verificate printr-un serviciu automat de detectare a spam-ului.<\/p>\n<h2>\u00a0Informa\u021bii suplimentare<\/h2>\n<h3>Cum protej\u0103m datele dvs.?<\/h3>\n<p>Datele dvs. sunt procesate prin intermediul unui server sigur, g\u0103zduit pe webicom.net. Nici noi, nici gazda, nu p\u0103str\u0103m datele dvs. \u0219i, prin urmare, nu le putem partaja. Datele dvs. sunt stocate doar de instrumentele de marketing Google Analytics \u0219i Facebook.<\/p>\n<h3>Cookie-uri?<\/h3>\n<p>Cookie-urile sunt fi\u0219iere textuale mici care sunt stocate pe calculatorul dvs. atunci c\u00e2nd vizita\u021bi pagina noastr\u0103 web. Acestea nu vor d\u0103una hardware-ului sau software-ului dvs. Stocarea acestora este controlat\u0103 complet de browserul utilizatorului, care poate fi setat pentru a restric\u021biona sau dezactiva stocarea cookie-urilor. Cookie-urile nu sunt d\u0103un\u0103toare \u0219i sunt \u00eentotdeauna limitate \u00een timp.<\/p>\n<p>Utilizarea cookie-urilor \u00een Uniunea European\u0103 (UE) este reglementat\u0103 de Directiva privind confiden\u021bialitatea \u0219i comunica\u021biile electronice 2002\/58\/CE, iar articolul privind cookie-urile \u0219i tehnologiile similare a fost modificat prin Directiva 136\/2009.<\/p>\n<p>\u00cen legisla\u021bia sloven\u0103, folosirea cookie-urilor este reglementat\u0103 de Legea comunica\u021biilor electronice (ZEKom-1) (Monitorul Oficial nr. 109\/2012), iar articolul 157 al acesteia constituie baza legal\u0103 pentru protejarea confiden\u021bialit\u0103\u021bii utilizatorilor.<\/p>\n<h3>De ce sunt necesare cookie-urile?<\/h3>\n<p>Cookie-urile sunt esen\u021biale pentru furnizarea de servicii online u\u0219or de utilizat. Interac\u021biunea dintre utilizator \u0219i pagina web este mai rapid\u0103 \u0219i mai u\u0219oar\u0103 datorit\u0103 cookie-urilor. Cu ajutorul lor, pagina web \u00ee\u0219i aminte\u0219te preferin\u021bele \u0219i experien\u021bele individului, economisind timp \u0219i f\u0103c\u00e2nd navigarea mai eficient\u0103 \u0219i mai prietenoas\u0103.<\/p>\n<p>Pagina web \u00eei acord\u0103 fiec\u0103rui utilizator un cookie pentru a-l identifica, a monitoriza co\u0219ul de cump\u0103r\u0103turi \u0219i a asigura urm\u0103rirea fiec\u0103rui utilizator la \u00eenceputul fiec\u0103rei utiliz\u0103ri a paginii web, aceasta fiind stocat\u0103 \u00een memoria serverului numai pe durata vizitei paginii web \u0219i este \u0219tears\u0103 dup\u0103 o or\u0103 de inactivitate. Totodat\u0103, comerciantul poate stoca unele cookie-uri \u00een mod permanent \u00een calculatorul utilizatorului, cum ar fi num\u0103rul de identificare al utilizatorului \u00een format criptat, pentru identificarea urm\u0103toarei vizite pe pagina web \u0219i, indirect, cookie-urile externe ale Google Analytics, care permit analizarea vizitelor pe pagina web. Laserul unei pagini web poate utiliza aceste date \u00eentr-o form\u0103 rezumat\u0103 \u0219i anonim\u0103 \u00een scopul analiz\u0103rii statistice.<\/p>\n<h3>Iat\u0103 c\u00e2teva exemple de utilizare a cookie-urilor:<\/h3>\n<ul>\n<li><strong>pentru a asigura o experien\u021b\u0103 mai bun\u0103 pe pagina noastr\u0103 web<\/strong>, oferim con\u021binut personalizat pentru vizitatori, \u00een a\u0219a fel ca ace\u0219tia s\u0103 vizualizeze con\u021binutul pe baza vizitelor anterioare;<\/li>\n<li><strong>pentru a salva alegerile f\u0103cute<\/strong>\u00a0atunci c\u00e2nd se creeaz\u0103 o selec\u021bie restr\u00e2ns\u0103 de dispozitive \u0219i oferte, precum \u0219i de compara\u021bii \u00eentre acestea;<\/li>\n<li><strong>pentru a identifica dispozitivul dvs.<\/strong>\u00a0(calculator, tablet\u0103, mobil) \u00een a\u0219a fel ca s\u0103 pute\u021bi seta afi\u0219area con\u021binutului pe dispozitiv<\/li>\n<li><strong>pentru a monitoriza vizita<\/strong>, ceea ce v\u0103 permite s\u0103 verifica\u021bi afi\u0219area con\u021binutului \u0219i relevan\u021ba anun\u021burilor, precum \u0219i s\u0103 asigura\u021bi \u00eembun\u0103t\u0103\u021birea continu\u0103, necesar\u0103 paginii dvs. web<\/li>\n<li><strong>pentru func\u021bionarea anumitor servicii<\/strong>\u00a0(de exemplu, b\u0103nci online, magazine online \u0219i alte forme de comer\u021b electronic&#8230;)<\/li>\n<\/ul>\n<h3>Dezactivarea cookie-urilor<\/h3>\n<p>Dvs. decide\u021bi dac\u0103 dori\u021bi s\u0103 permite\u021bi stocarea cookie-urilor pe dispozitivul dvs. Pute\u021bi controla \u0219i modifica set\u0103rile cookie-urilor \u00een browserul dvs.<\/p>\n<p>Pentru informa\u021bii despre set\u0103rile cookie-urilor, selecta\u021bi browserul pe care \u00eel utiliza\u021bi.<\/p>\n<ul>\n<li style=\"list-style-type: none;\">\n<ul>\n<li style=\"list-style-type: none;\">\n<ul>\n<li style=\"list-style-type: none;\">\n<ul>\n<li style=\"list-style-type: none;\">\n<ul>\n<li><a href=\"https:\/\/support.google.com\/chrome\/answer\/95647?hl=sl-sl&amp;p=cpn_cookies\">Chrome<\/a><\/li>\n<li><a href=\"https:\/\/support.mozilla.org\/sl\/kb\/Kako%20aktivirate%20in%20deaktivirate%20pi%C5%A1kote\">Firefox<\/a><\/li>\n<li><a href=\"https:\/\/www.opera.com\/help\/tutorials\/security\/cookies\/\">Opera<\/a><\/li>\n<li><a href=\"https:\/\/windows.microsoft.com\/sl-si\/windows7\/how-to-manage-cookies-in-internet-explorer-9\">Internet Explorer 9<\/a><\/li>\n<li><a href=\"https:\/\/windows.microsoft.com\/sl-si\/windows-vista\/block-or-allow-cookies\">Internet Explorer 7 \u0219i 8<\/a><\/li>\n<li><a href=\"https:\/\/support.apple.com\/kb\/PH11913\">Safari<\/a><\/li>\n<\/ul>\n<\/li>\n<\/ul>\n<\/li>\n<\/ul>\n<\/li>\n<\/ul>\n<\/li>\n<\/ul>\n<p>\u00cen caz c\u0103 schimba\u021bi sau \u0219terge\u021bi fi\u0219ierul cookie al browserului dvs., sau dac\u0103 schimba\u021bi sau actualiza\u021bi browserul sau dispozitivul dvs., este posibil s\u0103 fie necesar s\u0103 dezactiva\u021bi cookie-urile din nou. Procedura de gestionare \u0219i de \u0219tergere a cookie-urilor variaz\u0103 de la un browser la altul. Dac\u0103 ave\u021bi nevoie de ajutor, pute\u021bi consulta func\u021bia de ajutor a browser-ului. De asemenea, pute\u021bi dezactiva Google Analytics pe urm\u0103torul link.<\/p>\n","protected":false},"excerpt":{"rendered":"<p>Cine suntem noi? Adresa noastr\u0103 web este: http:\/\/alpha-credo.com\/ ALPHA CREDO d.o.o. Dunajska cesta 159, Ljubljana, 1000 Ljubljana Ce date cu caracter personal colect\u0103m \u0219i de ce le colect\u0103m? Date analitice Google Analytics Utiliz\u0103m Google Analytics pentru a urm\u0103ri num\u0103rul de vizitatori. &nbsp; Cui partaj\u0103m datele dvs.? Pagina web partajeaz\u0103 datele privind vizita dvs. cu Google [&hellip;]<\/p>\n","protected":false},"author":1,"featured_media":0,"parent":0,"menu_order":0,"comment_status":"closed","ping_status":"closed","template":"","meta":[],"yoast_head":"<!-- This site is optimized with the Yoast SEO plugin v20.9 - https:\/\/yoast.com\/wordpress\/plugins\/seo\/ -->\n<title>Politica de confiden\u021bialitate - Alpha Credo<\/title>\n<meta name=\"robots\" content=\"index, follow, max-snippet:-1, max-image-preview:large, max-video-preview:-1\" \/>\n<link rel=\"canonical\" href=\"https:\/\/alpha-credo.com\/privacy-policy\/\" \/>\n<meta property=\"og:locale\" content=\"ro_RO\" \/>\n<meta property=\"og:type\" content=\"article\" \/>\n<meta property=\"og:title\" content=\"Politica de confiden\u021bialitate - Alpha Credo\" \/>\n<meta property=\"og:description\" content=\"Cine suntem noi? Adresa noastr\u0103 web este: http:\/\/alpha-credo.com\/ ALPHA CREDO d.o.o. Dunajska cesta 159, Ljubljana, 1000 Ljubljana Ce date cu caracter personal colect\u0103m \u0219i de ce le colect\u0103m? Date analitice Google Analytics Utiliz\u0103m Google Analytics pentru a urm\u0103ri num\u0103rul de vizitatori. &nbsp; Cui partaj\u0103m datele dvs.? Pagina web partajeaz\u0103 datele privind vizita dvs. cu Google [&hellip;]\" \/>\n<meta property=\"og:url\" content=\"https:\/\/alpha-credo.com\/privacy-policy\/\" \/>\n<meta property=\"og:site_name\" content=\"Alpha Credo\" \/>\n<meta name=\"twitter:card\" content=\"summary_large_image\" \/>\n<meta name=\"twitter:label1\" content=\"Timp estimat pentru citire\" \/>\n\t<meta name=\"twitter:data1\" content=\"5 minute\" \/>\n<script type=\"application\/ld+json\" class=\"yoast-schema-graph\">{\"@context\":\"https:\/\/schema.org\",\"@graph\":[{\"@type\":\"WebPage\",\"@id\":\"https:\/\/alpha-credo.com\/privacy-policy\/\",\"url\":\"https:\/\/alpha-credo.com\/privacy-policy\/\",\"name\":\"Politica de confiden\u021bialitate - Alpha Credo\",\"isPartOf\":{\"@id\":\"https:\/\/alpha-credo.com\/sl\/#website\"},\"datePublished\":\"2019-04-11T11:08:10+00:00\",\"dateModified\":\"2019-04-11T11:08:10+00:00\",\"breadcrumb\":{\"@id\":\"https:\/\/alpha-credo.com\/privacy-policy\/#breadcrumb\"},\"inLanguage\":\"ro-RO\",\"potentialAction\":[{\"@type\":\"ReadAction\",\"target\":[\"https:\/\/alpha-credo.com\/privacy-policy\/\"]}]},{\"@type\":\"BreadcrumbList\",\"@id\":\"https:\/\/alpha-credo.com\/privacy-policy\/#breadcrumb\",\"itemListElement\":[{\"@type\":\"ListItem\",\"position\":1,\"name\":\"Home\",\"item\":\"https:\/\/alpha-credo.com\/\"},{\"@type\":\"ListItem\",\"position\":2,\"name\":\"Politica de confiden\u021bialitate\"}]},{\"@type\":\"WebSite\",\"@id\":\"https:\/\/alpha-credo.com\/sl\/#website\",\"url\":\"https:\/\/alpha-credo.com\/sl\/\",\"name\":\"Alpha Credo\",\"description\":\"Zavarovalno posredni\u0161ka dru\u017eba\/Insurance Brokerage\",\"potentialAction\":[{\"@type\":\"SearchAction\",\"target\":{\"@type\":\"EntryPoint\",\"urlTemplate\":\"https:\/\/alpha-credo.com\/sl\/?s={search_term_string}\"},\"query-input\":\"required name=search_term_string\"}],\"inLanguage\":\"ro-RO\"}]}<\/script>\n<!-- \/ Yoast SEO plugin. -->","yoast_head_json":{"title":"Politica de confiden\u021bialitate - Alpha Credo","robots":{"index":"index","follow":"follow","max-snippet":"max-snippet:-1","max-image-preview":"max-image-preview:large","max-video-preview":"max-video-preview:-1"},"canonical":"https:\/\/alpha-credo.com\/privacy-policy\/","og_locale":"ro_RO","og_type":"article","og_title":"Politica de confiden\u021bialitate - Alpha Credo","og_description":"Cine suntem noi? Adresa noastr\u0103 web este: http:\/\/alpha-credo.com\/ ALPHA CREDO d.o.o. Dunajska cesta 159, Ljubljana, 1000 Ljubljana Ce date cu caracter personal colect\u0103m \u0219i de ce le colect\u0103m? Date analitice Google Analytics Utiliz\u0103m Google Analytics pentru a urm\u0103ri num\u0103rul de vizitatori. &nbsp; Cui partaj\u0103m datele dvs.? Pagina web partajeaz\u0103 datele privind vizita dvs. cu Google [&hellip;]","og_url":"https:\/\/alpha-credo.com\/privacy-policy\/","og_site_name":"Alpha Credo","twitter_card":"summary_large_image","twitter_misc":{"Timp estimat pentru citire":"5 minute"},"schema":{"@context":"https:\/\/schema.org","@graph":[{"@type":"WebPage","@id":"https:\/\/alpha-credo.com\/privacy-policy\/","url":"https:\/\/alpha-credo.com\/privacy-policy\/","name":"Politica de confiden\u021bialitate - Alpha Credo","isPartOf":{"@id":"https:\/\/alpha-credo.com\/sl\/#website"},"datePublished":"2019-04-11T11:08:10+00:00","dateModified":"2019-04-11T11:08:10+00:00","breadcrumb":{"@id":"https:\/\/alpha-credo.com\/privacy-policy\/#breadcrumb"},"inLanguage":"ro-RO","potentialAction":[{"@type":"ReadAction","target":["https:\/\/alpha-credo.com\/privacy-policy\/"]}]},{"@type":"BreadcrumbList","@id":"https:\/\/alpha-credo.com\/privacy-policy\/#breadcrumb","itemListElement":[{"@type":"ListItem","position":1,"name":"Home","item":"https:\/\/alpha-credo.com\/"},{"@type":"ListItem","position":2,"name":"Politica de confiden\u021bialitate"}]},{"@type":"WebSite","@id":"https:\/\/alpha-credo.com\/sl\/#website","url":"https:\/\/alpha-credo.com\/sl\/","name":"Alpha Credo","description":"Zavarovalno posredni\u0161ka dru\u017eba\/Insurance Brokerage","potentialAction":[{"@type":"SearchAction","target":{"@type":"EntryPoint","urlTemplate":"https:\/\/alpha-credo.com\/sl\/?s={search_term_string}"},"query-input":"required name=search_term_string"}],"inLanguage":"ro-RO"}]}},"_links":{"self":[{"href":"https:\/\/alpha-credo.com\/ro\/wp-json\/wp\/v2\/pages\/1443"}],"collection":[{"href":"https:\/\/alpha-credo.com\/ro\/wp-json\/wp\/v2\/pages"}],"about":[{"href":"https:\/\/alpha-credo.com\/ro\/wp-json\/wp\/v2\/types\/page"}],"author":[{"embeddable":true,"href":"https:\/\/alpha-credo.com\/ro\/wp-json\/wp\/v2\/users\/1"}],"replies":[{"embeddable":true,"href":"https:\/\/alpha-credo.com\/ro\/wp-json\/wp\/v2\/comments?post=1443"}],"version-history":[{"count":0,"href":"https:\/\/alpha-credo.com\/ro\/wp-json\/wp\/v2\/pages\/1443\/revisions"}],"wp:attachment":[{"href":"https:\/\/alpha-credo.com\/ro\/wp-json\/wp\/v2\/media?parent=1443"}],"curies":[{"name":"wp","href":"https:\/\/api.w.org\/{rel}","templated":true}]}}