{"id":1533,"date":"2019-04-11T22:34:09","date_gmt":"2019-04-11T20:34:09","guid":{"rendered":"http:\/\/alpha-credo.com\/optimizarea-capitalului-de-lucru\/"},"modified":"2021-07-15T11:54:54","modified_gmt":"2021-07-15T09:54:54","slug":"optimizarea-capitalului-de-lucru","status":"publish","type":"page","link":"https:\/\/alpha-credo.com\/ro\/optimizarea-capitalului-de-lucru\/","title":{"rendered":"Optimizarea capitalului de lucru"},"content":{"rendered":"<div class=\"fusion-fullwidth fullwidth-box fusion-builder-row-1 nonhundred-percent-fullwidth non-hundred-percent-height-scrolling\" style=\"--awb-border-radius-top-left:0px;--awb-border-radius-top-right:0px;--awb-border-radius-bottom-right:0px;--awb-border-radius-bottom-left:0px;--awb-background-color:#0082c8;--awb-flex-wrap:wrap;\" ><div class=\"fusion-builder-row fusion-row\"><div class=\"fusion-layout-column fusion_builder_column fusion-builder-column-0 fusion_builder_column_1_1 1_1 fusion-one-full fusion-column-first fusion-column-last\" style=\"--awb-padding-top:20px;--awb-padding-bottom:8px;--awb-bg-size:cover;--awb-margin-bottom:0px;\"><div class=\"fusion-column-wrapper fusion-flex-column-wrapper-legacy\"><div class=\"fusion-text fusion-text-1\"><p><span style=\"color: #ffffff; font-size: 36px;\">Optimizarea capitalului de lucru<\/span><\/p>\n<\/div><div class=\"fusion-clearfix\"><\/div><\/div><\/div><\/div><\/div><div class=\"fusion-fullwidth fullwidth-box fusion-builder-row-2 nonhundred-percent-fullwidth non-hundred-percent-height-scrolling\" style=\"--awb-border-radius-top-left:0px;--awb-border-radius-top-right:0px;--awb-border-radius-bottom-right:0px;--awb-border-radius-bottom-left:0px;--awb-margin-top:75px;--awb-margin-bottom:50px;--awb-flex-wrap:wrap;\" ><div class=\"fusion-builder-row fusion-row\"><div class=\"fusion-layout-column fusion_builder_column fusion-builder-column-1 fusion_builder_column_1_1 1_1 fusion-one-full fusion-column-first fusion-column-last\" style=\"--awb-bg-size:cover;\"><div class=\"fusion-column-wrapper fusion-flex-column-wrapper-legacy\"><div class=\"fusion-text fusion-text-2\"><p>Un program de asigurare a creditelor reduce sarcina pentru trezorier. Analiza de credit \u0219i colectarea datoriilor scute\u0219te compania de proceduri \u00eendelungate de insolven\u021b\u0103. \u00cen ciuda programului implementat de asigurare a creditelor, fiecare companie trebuie s\u0103 acorde o aten\u021bie deosebit\u0103 unei probleme importante \u00een cadrul politicii de creditare \u2013 termenii de plat\u0103 la dispozi\u0163ia cump\u0103r\u0103torilor. Durata perioadelor de am\u00e2nare a pl\u0103\u021bilor influen\u021beaz\u0103 \u00een mod semnificativ nevoile de finan\u021bare ale unei companii \u0219i, de asemenea, profitul realizat al acesteia. Pozi\u021bia capitalului de lucru al unei \u00eentreprinderi este determinat\u0103 ca o combina\u021bie a nivelului v\u00e2nz\u0103rilor, a condi\u021biilor de plat\u0103 aprobate pentru cump\u0103r\u0103tori, a condi\u021biilor de plat\u0103 acceptate de la furnizori \u0219i a rentabilit\u0103\u021bii companiei. Condi\u021biile de plat\u0103 reflect\u0103 adesea capacitatea de a genera v\u00e2nz\u0103ri suplimentare. De obicei, un credit comercial mai sc\u0103zut este urmat de niveluri moderate de v\u00e2nz\u0103ri. Pe de alt\u0103 parte, un credit comercial mai mare conduce la niveluri mai mari de v\u00e2nz\u0103ri, dar \u0219i la o sum\u0103 mai mare de finan\u021bare a lan\u021bului de aprovizionare.<\/p>\n<p>Suntem speciali\u0219ti \u00een restructurarea nevoilor de capital de lucru \u00een beneficiul clien\u021bilor no\u0219tri. Aducem economii prin aplicarea unor solu\u021bii flexibile \u0219i rentabile pentru capitalul de lucru, implement\u00e2nd diferite solu\u021bii de finan\u021bare a comer\u021bului (de la factoring, cu sau f\u0103r\u0103 recurs, p\u00e2n\u0103 la facturare cu discount \u0219.a.m.d.) \u0219i lu\u00e2nd \u00een considerare puterea de negociere a clientului. Putem genera lichidit\u0103\u021bi suplimentare sau, pur \u0219i simplu, crea fonduri pentru a viza oportunit\u0103\u021bi profitabile legate de finan\u021barea comer\u021bului.<\/p>\n<p>\u00cen ciuda faptului c\u0103 suntem promotori ai programelor de asigurare a creditelor, scopul nostru final este acela de a motiva organiza\u021biile clien\u021bilor no\u0219tri s\u0103 adopte o cultur\u0103 de risc inteligent\u0103, \u00een care to\u021bi angaja\u021bii sunt con\u0219tien\u021bi de problemele riscului de credit \u0219i \u00ee\u0219i adapteaz\u0103 atitudinile \u0219i comportamentul, pentru a lua decizii mai bune \u0219i a face un compromis eficient \u00eentre cerin\u021bele comerciale \u0219i asumarea riscului.<\/p>\n<\/div><div class=\"fusion-clearfix\"><\/div><\/div><\/div><\/div><\/div><div class=\"fusion-fullwidth fullwidth-box fusion-builder-row-3 fusion-parallax-none nonhundred-percent-fullwidth non-hundred-percent-height-scrolling fusion-equal-height-columns\" style=\"--awb-border-radius-top-left:0px;--awb-border-radius-top-right:0px;--awb-border-radius-bottom-right:0px;--awb-border-radius-bottom-left:0px;--awb-padding-top:110px;--awb-padding-bottom:90px;--awb-margin-top:50px;--awb-margin-bottom:-1px;--awb-background-image:url(&quot;http:\/\/alpha-credo.com\/wp-content\/uploads\/2017\/05\/spoznajtenas-bcg.jpg&quot;);--awb-background-size:cover;--awb-flex-wrap:wrap;\" ><div class=\"fusion-builder-row fusion-row\"><div class=\"fusion-layout-column fusion_builder_column fusion-builder-column-2 fusion_builder_column_1_3 1_3 fusion-one-third fusion-column-first\" style=\"--awb-bg-size:cover;width:33.333333333333%;width:calc(33.333333333333% - ( ( 4% + 4% ) * 0.33333333333333 ) );margin-right: 4%;\"><div class=\"fusion-column-wrapper fusion-flex-column-wrapper-legacy\"><div class=\"fusion-clearfix\"><\/div><\/div><\/div><div class=\"fusion-layout-column fusion_builder_column fusion-builder-column-3 fusion_builder_column_1_3 1_3 fusion-one-third\" style=\"--awb-bg-size:cover;width:33.333333333333%;width:calc(33.333333333333% - ( ( 4% + 4% ) * 0.33333333333333 ) );margin-right: 4%;\"><div class=\"fusion-column-wrapper fusion-flex-column-wrapper-legacy\"><div class=\"fusion-clearfix\"><\/div><\/div><\/div><div class=\"fusion-layout-column fusion_builder_column fusion-builder-column-4 fusion_builder_column_1_3 1_3 fusion-one-third fusion-column-last\" style=\"--awb-bg-size:cover;width:33.333333333333%;width:calc(33.333333333333% - ( ( 4% + 4% ) * 0.33333333333333 ) );\"><div class=\"fusion-column-wrapper fusion-flex-column-wrapper-legacy\"><div class=\"fusion-text fusion-text-3\"><h1 style=\"text-align: center;\"><span style=\"color: #ffffff;\">Afla\u021bi mai mult despre noi<\/span><\/h1>\n<\/div><div class=\"fusion-aligncenter\"><a class=\"fusion-button button-flat fusion-button-default-size button-custom fusion-button-default button-1 fusion-button-default-span fusion-button-default-type gumb-cta2\" style=\"--button_accent_color:#ffffff;--button_accent_hover_color:#ffffff;--button_border_hover_color:#ffffff;--button_gradient_top_color:#007ac2;--button_gradient_bottom_color:#007ac2;--button_gradient_top_color_hover:#000000;--button_gradient_bottom_color_hover:#000000;\" target=\"_self\" href=\"http:\/\/alpha-credo.com\/ro\/echipa-noastra\/\"><span class=\"fusion-button-text\">ECHIPA NOASTR\u0102<\/span><\/a><\/div><div class=\"fusion-clearfix\"><\/div><\/div><\/div><\/div><\/div>\n","protected":false},"excerpt":{"rendered":"","protected":false},"author":1,"featured_media":0,"parent":0,"menu_order":0,"comment_status":"closed","ping_status":"closed","template":"100-width.php","meta":[],"yoast_head":"<!-- This site is optimized with the Yoast SEO plugin v20.9 - https:\/\/yoast.com\/wordpress\/plugins\/seo\/ -->\n<title>Optimizarea capitalului de lucru - Alpha Credo<\/title>\n<meta name=\"robots\" content=\"index, follow, max-snippet:-1, max-image-preview:large, max-video-preview:-1\" \/>\n<link rel=\"canonical\" href=\"https:\/\/alpha-credo.com\/working_capital\/\" \/>\n<meta property=\"og:locale\" content=\"ro_RO\" \/>\n<meta property=\"og:type\" content=\"article\" \/>\n<meta property=\"og:title\" content=\"Optimizarea capitalului de lucru - Alpha Credo\" \/>\n<meta property=\"og:url\" content=\"https:\/\/alpha-credo.com\/working_capital\/\" \/>\n<meta property=\"og:site_name\" content=\"Alpha Credo\" \/>\n<meta property=\"article:modified_time\" content=\"2021-07-15T09:54:54+00:00\" \/>\n<meta name=\"twitter:card\" content=\"summary_large_image\" \/>\n<meta name=\"twitter:label1\" content=\"Timp estimat pentru citire\" \/>\n\t<meta name=\"twitter:data1\" content=\"6 minute\" \/>\n<script type=\"application\/ld+json\" class=\"yoast-schema-graph\">{\"@context\":\"https:\/\/schema.org\",\"@graph\":[{\"@type\":\"WebPage\",\"@id\":\"https:\/\/alpha-credo.com\/working_capital\/\",\"url\":\"https:\/\/alpha-credo.com\/working_capital\/\",\"name\":\"Optimizarea capitalului de lucru - Alpha Credo\",\"isPartOf\":{\"@id\":\"https:\/\/alpha-credo.com\/sl\/#website\"},\"datePublished\":\"2019-04-11T20:34:09+00:00\",\"dateModified\":\"2021-07-15T09:54:54+00:00\",\"breadcrumb\":{\"@id\":\"https:\/\/alpha-credo.com\/working_capital\/#breadcrumb\"},\"inLanguage\":\"ro-RO\",\"potentialAction\":[{\"@type\":\"ReadAction\",\"target\":[\"https:\/\/alpha-credo.com\/working_capital\/\"]}]},{\"@type\":\"BreadcrumbList\",\"@id\":\"https:\/\/alpha-credo.com\/working_capital\/#breadcrumb\",\"itemListElement\":[{\"@type\":\"ListItem\",\"position\":1,\"name\":\"Home\",\"item\":\"https:\/\/alpha-credo.com\/\"},{\"@type\":\"ListItem\",\"position\":2,\"name\":\"Optimizarea capitalului de lucru\"}]},{\"@type\":\"WebSite\",\"@id\":\"https:\/\/alpha-credo.com\/sl\/#website\",\"url\":\"https:\/\/alpha-credo.com\/sl\/\",\"name\":\"Alpha Credo\",\"description\":\"Zavarovalno posredni\u0161ka dru\u017eba\/Insurance Brokerage\",\"potentialAction\":[{\"@type\":\"SearchAction\",\"target\":{\"@type\":\"EntryPoint\",\"urlTemplate\":\"https:\/\/alpha-credo.com\/sl\/?s={search_term_string}\"},\"query-input\":\"required name=search_term_string\"}],\"inLanguage\":\"ro-RO\"}]}<\/script>\n<!-- \/ Yoast SEO plugin. -->","yoast_head_json":{"title":"Optimizarea capitalului de lucru - Alpha Credo","robots":{"index":"index","follow":"follow","max-snippet":"max-snippet:-1","max-image-preview":"max-image-preview:large","max-video-preview":"max-video-preview:-1"},"canonical":"https:\/\/alpha-credo.com\/working_capital\/","og_locale":"ro_RO","og_type":"article","og_title":"Optimizarea capitalului de lucru - Alpha Credo","og_url":"https:\/\/alpha-credo.com\/working_capital\/","og_site_name":"Alpha Credo","article_modified_time":"2021-07-15T09:54:54+00:00","twitter_card":"summary_large_image","twitter_misc":{"Timp estimat pentru citire":"6 minute"},"schema":{"@context":"https:\/\/schema.org","@graph":[{"@type":"WebPage","@id":"https:\/\/alpha-credo.com\/working_capital\/","url":"https:\/\/alpha-credo.com\/working_capital\/","name":"Optimizarea capitalului de lucru - Alpha Credo","isPartOf":{"@id":"https:\/\/alpha-credo.com\/sl\/#website"},"datePublished":"2019-04-11T20:34:09+00:00","dateModified":"2021-07-15T09:54:54+00:00","breadcrumb":{"@id":"https:\/\/alpha-credo.com\/working_capital\/#breadcrumb"},"inLanguage":"ro-RO","potentialAction":[{"@type":"ReadAction","target":["https:\/\/alpha-credo.com\/working_capital\/"]}]},{"@type":"BreadcrumbList","@id":"https:\/\/alpha-credo.com\/working_capital\/#breadcrumb","itemListElement":[{"@type":"ListItem","position":1,"name":"Home","item":"https:\/\/alpha-credo.com\/"},{"@type":"ListItem","position":2,"name":"Optimizarea capitalului de lucru"}]},{"@type":"WebSite","@id":"https:\/\/alpha-credo.com\/sl\/#website","url":"https:\/\/alpha-credo.com\/sl\/","name":"Alpha Credo","description":"Zavarovalno posredni\u0161ka dru\u017eba\/Insurance Brokerage","potentialAction":[{"@type":"SearchAction","target":{"@type":"EntryPoint","urlTemplate":"https:\/\/alpha-credo.com\/sl\/?s={search_term_string}"},"query-input":"required name=search_term_string"}],"inLanguage":"ro-RO"}]}},"_links":{"self":[{"href":"https:\/\/alpha-credo.com\/ro\/wp-json\/wp\/v2\/pages\/1533"}],"collection":[{"href":"https:\/\/alpha-credo.com\/ro\/wp-json\/wp\/v2\/pages"}],"about":[{"href":"https:\/\/alpha-credo.com\/ro\/wp-json\/wp\/v2\/types\/page"}],"author":[{"embeddable":true,"href":"https:\/\/alpha-credo.com\/ro\/wp-json\/wp\/v2\/users\/1"}],"replies":[{"embeddable":true,"href":"https:\/\/alpha-credo.com\/ro\/wp-json\/wp\/v2\/comments?post=1533"}],"version-history":[{"count":7,"href":"https:\/\/alpha-credo.com\/ro\/wp-json\/wp\/v2\/pages\/1533\/revisions"}],"predecessor-version":[{"id":2964,"href":"https:\/\/alpha-credo.com\/ro\/wp-json\/wp\/v2\/pages\/1533\/revisions\/2964"}],"wp:attachment":[{"href":"https:\/\/alpha-credo.com\/ro\/wp-json\/wp\/v2\/media?parent=1533"}],"curies":[{"name":"wp","href":"https:\/\/api.w.org\/{rel}","templated":true}]}}