{"id":1539,"date":"2019-04-11T22:40:14","date_gmt":"2019-04-11T20:40:14","guid":{"rendered":"http:\/\/alpha-credo.com\/programe-complexe-de-asigurare-a-creditelor\/"},"modified":"2021-07-15T11:50:17","modified_gmt":"2021-07-15T09:50:17","slug":"programe-complexe-de-asigurare-a-creditelor","status":"publish","type":"page","link":"https:\/\/alpha-credo.com\/ro\/programe-complexe-de-asigurare-a-creditelor\/","title":{"rendered":"Programe complexe de asigurare a creditelor"},"content":{"rendered":"<div class=\"fusion-fullwidth fullwidth-box fusion-builder-row-1 nonhundred-percent-fullwidth non-hundred-percent-height-scrolling\" style=\"--awb-border-radius-top-left:0px;--awb-border-radius-top-right:0px;--awb-border-radius-bottom-right:0px;--awb-border-radius-bottom-left:0px;--awb-background-color:#0082c8;--awb-flex-wrap:wrap;\" ><div class=\"fusion-builder-row fusion-row\"><div class=\"fusion-layout-column fusion_builder_column fusion-builder-column-0 fusion_builder_column_1_1 1_1 fusion-one-full fusion-column-first fusion-column-last\" style=\"--awb-padding-top:20px;--awb-padding-bottom:8px;--awb-bg-size:cover;--awb-margin-bottom:0px;\"><div class=\"fusion-column-wrapper fusion-flex-column-wrapper-legacy\"><div class=\"fusion-text fusion-text-1\"><p><span style=\"color: #ffffff; font-size: 36px;\">Programe complexe de asigurare a creditelor<\/span><\/p>\n<\/div><div class=\"fusion-clearfix\"><\/div><\/div><\/div><\/div><\/div><div class=\"fusion-fullwidth fullwidth-box fusion-builder-row-2 nonhundred-percent-fullwidth non-hundred-percent-height-scrolling\" style=\"--awb-border-radius-top-left:0px;--awb-border-radius-top-right:0px;--awb-border-radius-bottom-right:0px;--awb-border-radius-bottom-left:0px;--awb-margin-top:75px;--awb-margin-bottom:50px;--awb-flex-wrap:wrap;\" ><div class=\"fusion-builder-row fusion-row\"><div class=\"fusion-layout-column fusion_builder_column fusion-builder-column-1 fusion_builder_column_1_1 1_1 fusion-one-full fusion-column-first fusion-column-last\" style=\"--awb-bg-size:cover;\"><div class=\"fusion-column-wrapper fusion-flex-column-wrapper-legacy\"><div class=\"fusion-text fusion-text-2\"><p>Analiza noastr\u0103 \u00eencepe cu \u00een\u021belegerea modelului de afaceri al clientului nostru. Recunoa\u0219tem pe deplin c\u0103 fiecare domeniu de activitate este caracterizat de circumstan\u021be specifice \u0219i, \u00een plus, c\u0103 clientul nostru de\u021bine o pozi\u021bie specific\u0103 \u00een cadrul domeniului s\u0103u de activitate. \u00cen calitate de broker, punem \u00eentotdeauna pe locul \u00eent\u00e2i interesele clien\u021bilor no\u0219tri \u0219i oferim solu\u021bii personalizate, care se potrivesc cel mai bine nevoilor clien\u021bilor no\u0219tri, acoperind procedurile de gestionare a creditelor, obiectivele de profitabilitate, gestionarea rela\u021biilor cu clien\u021bii \u0219i, mai presus de toate, apetitul de risc \u0219i percep\u021biile clien\u021bilor.<\/p>\n<p>Suntem specializa\u021bi \u00een programe de asigurare a creditelor \u0219i \u00eei deservim pe clien\u021bi, indiferent de m\u0103rimea lor. \u00cen domeniul nostru de activitate, nu exist\u0103 solu\u021bii universale \u0219i, de aceea, investim mereu resurse considerabile pentru a optimiza structura programului de asigurare a creditelor. Programele noastre de asigurare a creditelor cuprind de la servicii simple p\u00e2n\u0103 la programe globale complexe. \u00centruc\u00e2t avantajul nostru competitiv const\u0103 \u00een \u00een\u021belegerea profund\u0103 a organiza\u021biilor \u0219i a subscriptorilor, astfel \u00eenc\u00e2t s\u0103 putem oferi consultan\u021b\u0103 cu privire la combina\u021bia optim\u0103 de solu\u021bii globale guvernate la nivel central \u0219i adaptate pie\u021belor locale.<\/p>\n<p>Programele noastre ofer\u0103 acoperire pentru lucr\u0103rile \u00een desf\u0103\u0219urare \u0219i nelivrarea bunurilor prepl\u0103tite; garantarea unor niveluri semnificative de libertate \u00een cadrul negocierilor atunci c\u00e2nd soliditatea financiar\u0103 a cump\u0103r\u0103torilor se deterioreaz\u0103, includerea unor acoperiri multistratificate pentru diver\u0219i operatori \u0219i reproiectarea expunerii la riscuri \u00een func\u021bie de capacit\u0103\u021bile de risc ale clien\u021bilor no\u0219tri.<\/p>\n<p>Suntem m\u00e2ndri de faptul c\u0103 clien\u021bii no\u0219tri beneficiaz\u0103 de o combina\u021bie a cuno\u0219tin\u021belor noastre teoretice \u0219i de modelare, pe de o parte, \u0219i a experien\u021bei noastre practice, pe cealalt\u0103 parte. \u00cen afar\u0103 de faptul c\u0103 suntem un broker specializat \u00een asigur\u0103ri a creditelor, noi proiect\u0103m solu\u021bii captive de asigur\u0103ri \u0219i rezolv\u0103m expuneri complexe la riscul de credit \u00een mai multe moduri alternative. V\u0103 invit\u0103m s\u0103 veni\u021bi s\u0103 vorbi\u021bi cu noi, ca s\u0103 v\u0103 putem sf\u0103tui.<\/p>\n<p>Ne str\u0103duim s\u0103 construim parteneriate strategice pe termen lung cu clien\u021bii no\u0219tri \u0219i s\u0103-i sprijinim la cel mai \u00eenalt nivel. Monitoriz\u0103m programul \u00een mod continuu \u0219i efectu\u0103m ajust\u0103rile adecvate atunci c\u00e2nd este necesar. Putem oferi proceduri eficiente de colectare a datoriilor \u0219i gestionare a reclama\u021biilor atunci c\u00e2nd cump\u0103r\u0103torul unui client de-al nostru nu \u00ee\u0219i \u00eendepline\u0219te obliga\u021biile.<\/p>\n<\/div><div class=\"fusion-clearfix\"><\/div><\/div><\/div><\/div><\/div><div class=\"fusion-fullwidth fullwidth-box fusion-builder-row-3 fusion-parallax-none nonhundred-percent-fullwidth non-hundred-percent-height-scrolling fusion-equal-height-columns\" style=\"--awb-border-radius-top-left:0px;--awb-border-radius-top-right:0px;--awb-border-radius-bottom-right:0px;--awb-border-radius-bottom-left:0px;--awb-padding-top:110px;--awb-padding-bottom:90px;--awb-margin-top:50px;--awb-margin-bottom:-1px;--awb-background-image:url(&quot;http:\/\/alpha-credo.com\/wp-content\/uploads\/2017\/05\/spoznajtenas-bcg.jpg&quot;);--awb-background-size:cover;--awb-flex-wrap:wrap;\" ><div class=\"fusion-builder-row fusion-row\"><div class=\"fusion-layout-column fusion_builder_column fusion-builder-column-2 fusion_builder_column_1_3 1_3 fusion-one-third fusion-column-first\" style=\"--awb-bg-size:cover;width:33.333333333333%;width:calc(33.333333333333% - ( ( 4% + 4% ) * 0.33333333333333 ) );margin-right: 4%;\"><div class=\"fusion-column-wrapper fusion-flex-column-wrapper-legacy\"><div class=\"fusion-clearfix\"><\/div><\/div><\/div><div class=\"fusion-layout-column fusion_builder_column fusion-builder-column-3 fusion_builder_column_1_3 1_3 fusion-one-third\" style=\"--awb-bg-size:cover;width:33.333333333333%;width:calc(33.333333333333% - ( ( 4% + 4% ) * 0.33333333333333 ) );margin-right: 4%;\"><div class=\"fusion-column-wrapper fusion-flex-column-wrapper-legacy\"><div class=\"fusion-clearfix\"><\/div><\/div><\/div><div class=\"fusion-layout-column fusion_builder_column fusion-builder-column-4 fusion_builder_column_1_3 1_3 fusion-one-third fusion-column-last\" style=\"--awb-bg-size:cover;width:33.333333333333%;width:calc(33.333333333333% - ( ( 4% + 4% ) * 0.33333333333333 ) );\"><div class=\"fusion-column-wrapper fusion-flex-column-wrapper-legacy\"><div class=\"fusion-text fusion-text-3\"><h1 style=\"text-align: center;\"><span style=\"color: #ffffff;\">Afla\u021bi mai mult despre noi<\/span><\/h1>\n<\/div><div class=\"fusion-aligncenter\"><a class=\"fusion-button button-flat fusion-button-default-size button-custom fusion-button-default button-1 fusion-button-default-span fusion-button-default-type gumb-cta2\" style=\"--button_accent_color:#ffffff;--button_accent_hover_color:#ffffff;--button_border_hover_color:#ffffff;--button_gradient_top_color:#007ac2;--button_gradient_bottom_color:#007ac2;--button_gradient_top_color_hover:#000000;--button_gradient_bottom_color_hover:#000000;\" target=\"_self\" href=\"http:\/\/alpha-credo.com\/ro\/echipa-noastra\/\"><span class=\"fusion-button-text\">ECHIPA NOASTR\u0102<\/span><\/a><\/div><div class=\"fusion-clearfix\"><\/div><\/div><\/div><\/div><\/div>\n","protected":false},"excerpt":{"rendered":"","protected":false},"author":1,"featured_media":0,"parent":0,"menu_order":0,"comment_status":"closed","ping_status":"closed","template":"100-width.php","meta":[],"yoast_head":"<!-- This site is optimized with the Yoast SEO plugin v20.9 - https:\/\/yoast.com\/wordpress\/plugins\/seo\/ -->\n<title>Programe complexe de asigurare a creditelor - Alpha Credo<\/title>\n<meta name=\"robots\" content=\"index, follow, max-snippet:-1, max-image-preview:large, max-video-preview:-1\" \/>\n<link rel=\"canonical\" href=\"https:\/\/alpha-credo.com\/ro\/programe-complexe-de-asigurare-a-creditelor\/\" \/>\n<meta property=\"og:locale\" content=\"ro_RO\" \/>\n<meta property=\"og:type\" content=\"article\" \/>\n<meta property=\"og:title\" content=\"Programe complexe de asigurare a creditelor - Alpha Credo\" \/>\n<meta property=\"og:url\" content=\"https:\/\/alpha-credo.com\/ro\/programe-complexe-de-asigurare-a-creditelor\/\" \/>\n<meta property=\"og:site_name\" content=\"Alpha Credo\" \/>\n<meta property=\"article:modified_time\" content=\"2021-07-15T09:50:17+00:00\" \/>\n<meta name=\"twitter:card\" content=\"summary_large_image\" \/>\n<meta name=\"twitter:label1\" content=\"Timp estimat pentru citire\" \/>\n\t<meta name=\"twitter:data1\" content=\"6 minute\" \/>\n<script type=\"application\/ld+json\" class=\"yoast-schema-graph\">{\"@context\":\"https:\/\/schema.org\",\"@graph\":[{\"@type\":\"WebPage\",\"@id\":\"https:\/\/alpha-credo.com\/ro\/programe-complexe-de-asigurare-a-creditelor\/\",\"url\":\"https:\/\/alpha-credo.com\/ro\/programe-complexe-de-asigurare-a-creditelor\/\",\"name\":\"Programe complexe de asigurare a creditelor - Alpha Credo\",\"isPartOf\":{\"@id\":\"https:\/\/alpha-credo.com\/sl\/#website\"},\"datePublished\":\"2019-04-11T20:40:14+00:00\",\"dateModified\":\"2021-07-15T09:50:17+00:00\",\"breadcrumb\":{\"@id\":\"https:\/\/alpha-credo.com\/ro\/programe-complexe-de-asigurare-a-creditelor\/#breadcrumb\"},\"inLanguage\":\"ro-RO\",\"potentialAction\":[{\"@type\":\"ReadAction\",\"target\":[\"https:\/\/alpha-credo.com\/ro\/programe-complexe-de-asigurare-a-creditelor\/\"]}]},{\"@type\":\"BreadcrumbList\",\"@id\":\"https:\/\/alpha-credo.com\/ro\/programe-complexe-de-asigurare-a-creditelor\/#breadcrumb\",\"itemListElement\":[{\"@type\":\"ListItem\",\"position\":1,\"name\":\"Home\",\"item\":\"https:\/\/alpha-credo.com\/\"},{\"@type\":\"ListItem\",\"position\":2,\"name\":\"Programe complexe de asigurare a creditelor\"}]},{\"@type\":\"WebSite\",\"@id\":\"https:\/\/alpha-credo.com\/sl\/#website\",\"url\":\"https:\/\/alpha-credo.com\/sl\/\",\"name\":\"Alpha Credo\",\"description\":\"Zavarovalno posredni\u0161ka dru\u017eba\/Insurance Brokerage\",\"potentialAction\":[{\"@type\":\"SearchAction\",\"target\":{\"@type\":\"EntryPoint\",\"urlTemplate\":\"https:\/\/alpha-credo.com\/sl\/?s={search_term_string}\"},\"query-input\":\"required name=search_term_string\"}],\"inLanguage\":\"ro-RO\"}]}<\/script>\n<!-- \/ Yoast SEO plugin. -->","yoast_head_json":{"title":"Programe complexe de asigurare a creditelor - Alpha Credo","robots":{"index":"index","follow":"follow","max-snippet":"max-snippet:-1","max-image-preview":"max-image-preview:large","max-video-preview":"max-video-preview:-1"},"canonical":"https:\/\/alpha-credo.com\/ro\/programe-complexe-de-asigurare-a-creditelor\/","og_locale":"ro_RO","og_type":"article","og_title":"Programe complexe de asigurare a creditelor - Alpha Credo","og_url":"https:\/\/alpha-credo.com\/ro\/programe-complexe-de-asigurare-a-creditelor\/","og_site_name":"Alpha Credo","article_modified_time":"2021-07-15T09:50:17+00:00","twitter_card":"summary_large_image","twitter_misc":{"Timp estimat pentru citire":"6 minute"},"schema":{"@context":"https:\/\/schema.org","@graph":[{"@type":"WebPage","@id":"https:\/\/alpha-credo.com\/ro\/programe-complexe-de-asigurare-a-creditelor\/","url":"https:\/\/alpha-credo.com\/ro\/programe-complexe-de-asigurare-a-creditelor\/","name":"Programe complexe de asigurare a creditelor - Alpha Credo","isPartOf":{"@id":"https:\/\/alpha-credo.com\/sl\/#website"},"datePublished":"2019-04-11T20:40:14+00:00","dateModified":"2021-07-15T09:50:17+00:00","breadcrumb":{"@id":"https:\/\/alpha-credo.com\/ro\/programe-complexe-de-asigurare-a-creditelor\/#breadcrumb"},"inLanguage":"ro-RO","potentialAction":[{"@type":"ReadAction","target":["https:\/\/alpha-credo.com\/ro\/programe-complexe-de-asigurare-a-creditelor\/"]}]},{"@type":"BreadcrumbList","@id":"https:\/\/alpha-credo.com\/ro\/programe-complexe-de-asigurare-a-creditelor\/#breadcrumb","itemListElement":[{"@type":"ListItem","position":1,"name":"Home","item":"https:\/\/alpha-credo.com\/"},{"@type":"ListItem","position":2,"name":"Programe complexe de asigurare a creditelor"}]},{"@type":"WebSite","@id":"https:\/\/alpha-credo.com\/sl\/#website","url":"https:\/\/alpha-credo.com\/sl\/","name":"Alpha Credo","description":"Zavarovalno posredni\u0161ka dru\u017eba\/Insurance Brokerage","potentialAction":[{"@type":"SearchAction","target":{"@type":"EntryPoint","urlTemplate":"https:\/\/alpha-credo.com\/sl\/?s={search_term_string}"},"query-input":"required name=search_term_string"}],"inLanguage":"ro-RO"}]}},"_links":{"self":[{"href":"https:\/\/alpha-credo.com\/ro\/wp-json\/wp\/v2\/pages\/1539"}],"collection":[{"href":"https:\/\/alpha-credo.com\/ro\/wp-json\/wp\/v2\/pages"}],"about":[{"href":"https:\/\/alpha-credo.com\/ro\/wp-json\/wp\/v2\/types\/page"}],"author":[{"embeddable":true,"href":"https:\/\/alpha-credo.com\/ro\/wp-json\/wp\/v2\/users\/1"}],"replies":[{"embeddable":true,"href":"https:\/\/alpha-credo.com\/ro\/wp-json\/wp\/v2\/comments?post=1539"}],"version-history":[{"count":8,"href":"https:\/\/alpha-credo.com\/ro\/wp-json\/wp\/v2\/pages\/1539\/revisions"}],"predecessor-version":[{"id":2963,"href":"https:\/\/alpha-credo.com\/ro\/wp-json\/wp\/v2\/pages\/1539\/revisions\/2963"}],"wp:attachment":[{"href":"https:\/\/alpha-credo.com\/ro\/wp-json\/wp\/v2\/media?parent=1539"}],"curies":[{"name":"wp","href":"https:\/\/api.w.org\/{rel}","templated":true}]}}