{"id":1712,"date":"2019-04-11T23:51:16","date_gmt":"2019-04-11T21:51:16","guid":{"rendered":"http:\/\/alpha-credo.com\/clientii-nostri\/"},"modified":"2021-11-25T10:23:36","modified_gmt":"2021-11-25T09:23:36","slug":"clientii-nostri","status":"publish","type":"page","link":"https:\/\/alpha-credo.com\/ro\/clientii-nostri\/","title":{"rendered":"Clien\u021bii no\u0219tri"},"content":{"rendered":"<div class=\"fusion-fullwidth fullwidth-box fusion-builder-row-1 nonhundred-percent-fullwidth non-hundred-percent-height-scrolling\" style=\"--awb-border-radius-top-left:0px;--awb-border-radius-top-right:0px;--awb-border-radius-bottom-right:0px;--awb-border-radius-bottom-left:0px;--awb-background-color:#0082c8;--awb-flex-wrap:wrap;\" ><div class=\"fusion-builder-row fusion-row\"><div class=\"fusion-layout-column fusion_builder_column fusion-builder-column-0 fusion_builder_column_1_1 1_1 fusion-one-full fusion-column-first fusion-column-last\" style=\"--awb-padding-top:20px;--awb-padding-bottom:8px;--awb-bg-size:cover;--awb-margin-bottom:0px;\"><div class=\"fusion-column-wrapper fusion-flex-column-wrapper-legacy\"><div class=\"fusion-text fusion-text-1\"><p><span style=\"color: #ffffff; font-size: 36px;\">Clien\u021bii no\u0219tri <\/span><\/p>\n<\/div><div class=\"fusion-clearfix\"><\/div><\/div><\/div><\/div><\/div><div class=\"fusion-fullwidth fullwidth-box fusion-builder-row-2 nonhundred-percent-fullwidth non-hundred-percent-height-scrolling\" style=\"--awb-border-radius-top-left:0px;--awb-border-radius-top-right:0px;--awb-border-radius-bottom-right:0px;--awb-border-radius-bottom-left:0px;--awb-margin-top:75px;--awb-margin-bottom:50px;--awb-flex-wrap:wrap;\" ><div class=\"fusion-builder-row fusion-row\"><div class=\"fusion-layout-column fusion_builder_column fusion-builder-column-1 fusion_builder_column_1_1 1_1 fusion-one-full fusion-column-first fusion-column-last\" style=\"--awb-bg-size:cover;\"><div class=\"fusion-column-wrapper fusion-flex-column-wrapper-legacy\"><div class=\"fusion-text fusion-text-2\"><p>Echipa ALPHA CREDO se str\u0103duie\u0219te s\u0103 ofere solu\u021bii optime, special adaptate nevoilor clien\u021bilor s\u0103i, prin intermediul unui proces de gestionare a riscurilor sus\u021binut de profesionalism \u0219i transparen\u021b\u0103. Solu\u021biile noastre dep\u0103\u0219esc rela\u021biile tradi\u021bionale de asigurare \u0219i fac viitorul mai previzibil, mai profitabil \u0219i, mai presus de toate, mai sigur.<\/p>\n<p>Echipa ALPHA CREDO asigur\u0103 servicii de brokeraj pentru numero\u0219i clien\u021bi din \u021b\u0103rile UE, inclusiv societ\u0103\u021bi financiare \u0219i nefinanciare, precum \u0219i alte institu\u021bii din urm\u0103toarele domenii ale industriei: energie, metale, ma\u0219ini, produc\u021bie de materiale plastice, materiale compozite \u0219i altele asem\u0103n\u0103toare, ceramic\u0103 \u0219i sticl\u0103, comer\u021b cu ridicata \u0219i cu am\u0103nuntul, tutun, echipamente medicale, aparate de \u00eenc\u0103lzire, industrie alimentar\u0103, b\u0103uturi, industrie auto, industrie aerospa\u021bial\u0103, finan\u021be.<\/p>\n<\/div><div class=\"fusion-clearfix\"><\/div><\/div><\/div><\/div><\/div><div class=\"fusion-fullwidth fullwidth-box fusion-builder-row-3 nonhundred-percent-fullwidth non-hundred-percent-height-scrolling\" style=\"--awb-border-radius-top-left:0px;--awb-border-radius-top-right:0px;--awb-border-radius-bottom-right:0px;--awb-border-radius-bottom-left:0px;--awb-flex-wrap:wrap;\" ><div class=\"fusion-builder-row fusion-row\"><div class=\"fusion-layout-column fusion_builder_column fusion-builder-column-2 fusion_builder_column_1_4 1_4 fusion-one-fourth fusion-column-first\" style=\"--awb-bg-size:cover;width:25%;width:calc(25% - ( ( 4% + 4% ) * 0.25 ) );margin-right: 4%;\"><div class=\"fusion-column-wrapper fusion-flex-column-wrapper-legacy\"><div class=\"fusion-aligncenter\"><a class=\"fusion-button button-flat fusion-button-default-size button-custom fusion-button-default button-1 fusion-button-default-span fusion-button-default-type gumb-cta2\" style=\"--button_accent_color:#ffffff;--button_accent_hover_color:#ffffff;--button_border_hover_color:#ffffff;--button_gradient_top_color:#007ac2;--button_gradient_bottom_color:#007ac2;--button_gradient_top_color_hover:#000000;--button_gradient_bottom_color_hover:#000000;\" target=\"_self\" href=\"http:\/\/alpha-credo.com\/ro\/viziune\/\"><span class=\"fusion-button-text\">&lt; VIZIUNE \u0218I MISIUNE<\/span><\/a><\/div><div class=\"fusion-clearfix\"><\/div><\/div><\/div><div class=\"fusion-layout-column fusion_builder_column fusion-builder-column-3 fusion_builder_column_1_2 1_2 fusion-one-half\" style=\"--awb-bg-size:cover;width:50%;width:calc(50% - ( ( 4% + 4% ) * 0.5 ) );margin-right: 4%;\"><div class=\"fusion-column-wrapper fusion-flex-column-wrapper-legacy\"><div class=\"fusion-clearfix\"><\/div><\/div><\/div><div class=\"fusion-layout-column fusion_builder_column fusion-builder-column-4 fusion_builder_column_1_4 1_4 fusion-one-fourth fusion-column-last\" style=\"--awb-bg-size:cover;width:25%;width:calc(25% - ( ( 4% + 4% ) * 0.25 ) );\"><div class=\"fusion-column-wrapper fusion-flex-column-wrapper-legacy\"><div class=\"fusion-clearfix\"><\/div><\/div><\/div><\/div><\/div><div class=\"fusion-fullwidth fullwidth-box fusion-builder-row-4 fusion-parallax-none nonhundred-percent-fullwidth non-hundred-percent-height-scrolling fusion-equal-height-columns\" style=\"--awb-border-radius-top-left:0px;--awb-border-radius-top-right:0px;--awb-border-radius-bottom-right:0px;--awb-border-radius-bottom-left:0px;--awb-padding-top:110px;--awb-padding-bottom:90px;--awb-margin-top:50px;--awb-margin-bottom:-1px;--awb-background-image:url(&quot;http:\/\/alpha-credo.com\/wp-content\/uploads\/2017\/05\/spoznajtenas-bcg.jpg&quot;);--awb-background-size:cover;--awb-flex-wrap:wrap;\" ><div class=\"fusion-builder-row fusion-row\"><div class=\"fusion-layout-column fusion_builder_column fusion-builder-column-5 fusion_builder_column_1_3 1_3 fusion-one-third fusion-column-first\" style=\"--awb-bg-size:cover;width:33.333333333333%;width:calc(33.333333333333% - ( ( 4% + 4% ) * 0.33333333333333 ) );margin-right: 4%;\"><div class=\"fusion-column-wrapper fusion-flex-column-wrapper-legacy\"><div class=\"fusion-clearfix\"><\/div><\/div><\/div><div class=\"fusion-layout-column fusion_builder_column fusion-builder-column-6 fusion_builder_column_1_3 1_3 fusion-one-third\" style=\"--awb-bg-size:cover;width:33.333333333333%;width:calc(33.333333333333% - ( ( 4% + 4% ) * 0.33333333333333 ) );margin-right: 4%;\"><div class=\"fusion-column-wrapper fusion-flex-column-wrapper-legacy\"><div class=\"fusion-clearfix\"><\/div><\/div><\/div><div class=\"fusion-layout-column fusion_builder_column fusion-builder-column-7 fusion_builder_column_1_3 1_3 fusion-one-third fusion-column-last\" style=\"--awb-bg-size:cover;width:33.333333333333%;width:calc(33.333333333333% - ( ( 4% + 4% ) * 0.33333333333333 ) );\"><div class=\"fusion-column-wrapper fusion-flex-column-wrapper-legacy\"><div class=\"fusion-text fusion-text-3\"><h1 style=\"text-align: center;\"><span style=\"color: #ffffff;\">Afla\u021bi mai mult despre noi<\/span><\/h1>\n<\/div><div class=\"fusion-aligncenter\"><a class=\"fusion-button button-flat fusion-button-default-size button-custom fusion-button-default button-2 fusion-button-default-span fusion-button-default-type gumb-cta2\" style=\"--button_accent_color:#ffffff;--button_accent_hover_color:#ffffff;--button_border_hover_color:#ffffff;--button_gradient_top_color:#007ac2;--button_gradient_bottom_color:#007ac2;--button_gradient_top_color_hover:#000000;--button_gradient_bottom_color_hover:#000000;\" target=\"_self\" href=\"http:\/\/alpha-credo.com\/ro\/echipa-noastra\/\"><span class=\"fusion-button-text\">ECHIPA NOASTR\u0102<\/span><\/a><\/div><div class=\"fusion-clearfix\"><\/div><\/div><\/div><\/div><\/div>\n","protected":false},"excerpt":{"rendered":"","protected":false},"author":1,"featured_media":0,"parent":0,"menu_order":0,"comment_status":"closed","ping_status":"closed","template":"100-width.php","meta":[],"yoast_head":"<!-- This site is optimized with the Yoast SEO plugin v20.9 - https:\/\/yoast.com\/wordpress\/plugins\/seo\/ -->\n<title>Clien\u021bii no\u0219tri - Alpha Credo<\/title>\n<meta name=\"robots\" content=\"index, follow, max-snippet:-1, max-image-preview:large, max-video-preview:-1\" \/>\n<link rel=\"canonical\" href=\"https:\/\/alpha-credo.com\/our-clients\/\" \/>\n<meta property=\"og:locale\" content=\"ro_RO\" \/>\n<meta property=\"og:type\" content=\"article\" \/>\n<meta property=\"og:title\" content=\"Clien\u021bii no\u0219tri - Alpha Credo\" \/>\n<meta property=\"og:url\" content=\"https:\/\/alpha-credo.com\/our-clients\/\" \/>\n<meta property=\"og:site_name\" content=\"Alpha Credo\" \/>\n<meta property=\"article:modified_time\" content=\"2021-11-25T09:23:36+00:00\" \/>\n<meta name=\"twitter:card\" content=\"summary_large_image\" \/>\n<meta name=\"twitter:label1\" content=\"Timp estimat pentru citire\" \/>\n\t<meta name=\"twitter:data1\" content=\"7 minute\" \/>\n<script type=\"application\/ld+json\" class=\"yoast-schema-graph\">{\"@context\":\"https:\/\/schema.org\",\"@graph\":[{\"@type\":\"WebPage\",\"@id\":\"https:\/\/alpha-credo.com\/our-clients\/\",\"url\":\"https:\/\/alpha-credo.com\/our-clients\/\",\"name\":\"Clien\u021bii no\u0219tri - Alpha Credo\",\"isPartOf\":{\"@id\":\"https:\/\/alpha-credo.com\/sl\/#website\"},\"datePublished\":\"2019-04-11T21:51:16+00:00\",\"dateModified\":\"2021-11-25T09:23:36+00:00\",\"breadcrumb\":{\"@id\":\"https:\/\/alpha-credo.com\/our-clients\/#breadcrumb\"},\"inLanguage\":\"ro-RO\",\"potentialAction\":[{\"@type\":\"ReadAction\",\"target\":[\"https:\/\/alpha-credo.com\/our-clients\/\"]}]},{\"@type\":\"BreadcrumbList\",\"@id\":\"https:\/\/alpha-credo.com\/our-clients\/#breadcrumb\",\"itemListElement\":[{\"@type\":\"ListItem\",\"position\":1,\"name\":\"Home\",\"item\":\"https:\/\/alpha-credo.com\/\"},{\"@type\":\"ListItem\",\"position\":2,\"name\":\"Clien\u021bii no\u0219tri\"}]},{\"@type\":\"WebSite\",\"@id\":\"https:\/\/alpha-credo.com\/sl\/#website\",\"url\":\"https:\/\/alpha-credo.com\/sl\/\",\"name\":\"Alpha Credo\",\"description\":\"Zavarovalno posredni\u0161ka dru\u017eba\/Insurance Brokerage\",\"potentialAction\":[{\"@type\":\"SearchAction\",\"target\":{\"@type\":\"EntryPoint\",\"urlTemplate\":\"https:\/\/alpha-credo.com\/sl\/?s={search_term_string}\"},\"query-input\":\"required name=search_term_string\"}],\"inLanguage\":\"ro-RO\"}]}<\/script>\n<!-- \/ Yoast SEO plugin. -->","yoast_head_json":{"title":"Clien\u021bii no\u0219tri - Alpha Credo","robots":{"index":"index","follow":"follow","max-snippet":"max-snippet:-1","max-image-preview":"max-image-preview:large","max-video-preview":"max-video-preview:-1"},"canonical":"https:\/\/alpha-credo.com\/our-clients\/","og_locale":"ro_RO","og_type":"article","og_title":"Clien\u021bii no\u0219tri - Alpha Credo","og_url":"https:\/\/alpha-credo.com\/our-clients\/","og_site_name":"Alpha Credo","article_modified_time":"2021-11-25T09:23:36+00:00","twitter_card":"summary_large_image","twitter_misc":{"Timp estimat pentru citire":"7 minute"},"schema":{"@context":"https:\/\/schema.org","@graph":[{"@type":"WebPage","@id":"https:\/\/alpha-credo.com\/our-clients\/","url":"https:\/\/alpha-credo.com\/our-clients\/","name":"Clien\u021bii no\u0219tri - Alpha Credo","isPartOf":{"@id":"https:\/\/alpha-credo.com\/sl\/#website"},"datePublished":"2019-04-11T21:51:16+00:00","dateModified":"2021-11-25T09:23:36+00:00","breadcrumb":{"@id":"https:\/\/alpha-credo.com\/our-clients\/#breadcrumb"},"inLanguage":"ro-RO","potentialAction":[{"@type":"ReadAction","target":["https:\/\/alpha-credo.com\/our-clients\/"]}]},{"@type":"BreadcrumbList","@id":"https:\/\/alpha-credo.com\/our-clients\/#breadcrumb","itemListElement":[{"@type":"ListItem","position":1,"name":"Home","item":"https:\/\/alpha-credo.com\/"},{"@type":"ListItem","position":2,"name":"Clien\u021bii no\u0219tri"}]},{"@type":"WebSite","@id":"https:\/\/alpha-credo.com\/sl\/#website","url":"https:\/\/alpha-credo.com\/sl\/","name":"Alpha Credo","description":"Zavarovalno posredni\u0161ka dru\u017eba\/Insurance Brokerage","potentialAction":[{"@type":"SearchAction","target":{"@type":"EntryPoint","urlTemplate":"https:\/\/alpha-credo.com\/sl\/?s={search_term_string}"},"query-input":"required name=search_term_string"}],"inLanguage":"ro-RO"}]}},"_links":{"self":[{"href":"https:\/\/alpha-credo.com\/ro\/wp-json\/wp\/v2\/pages\/1712"}],"collection":[{"href":"https:\/\/alpha-credo.com\/ro\/wp-json\/wp\/v2\/pages"}],"about":[{"href":"https:\/\/alpha-credo.com\/ro\/wp-json\/wp\/v2\/types\/page"}],"author":[{"embeddable":true,"href":"https:\/\/alpha-credo.com\/ro\/wp-json\/wp\/v2\/users\/1"}],"replies":[{"embeddable":true,"href":"https:\/\/alpha-credo.com\/ro\/wp-json\/wp\/v2\/comments?post=1712"}],"version-history":[{"count":10,"href":"https:\/\/alpha-credo.com\/ro\/wp-json\/wp\/v2\/pages\/1712\/revisions"}],"predecessor-version":[{"id":3876,"href":"https:\/\/alpha-credo.com\/ro\/wp-json\/wp\/v2\/pages\/1712\/revisions\/3876"}],"wp:attachment":[{"href":"https:\/\/alpha-credo.com\/ro\/wp-json\/wp\/v2\/media?parent=1712"}],"curies":[{"name":"wp","href":"https:\/\/api.w.org\/{rel}","templated":true}]}}