{"id":1758,"date":"2019-04-12T08:04:13","date_gmt":"2019-04-12T06:04:13","guid":{"rendered":"http:\/\/alpha-credo.com\/echipa-noastra\/"},"modified":"2023-10-26T11:12:37","modified_gmt":"2023-10-26T09:12:37","slug":"echipa-noastra","status":"publish","type":"page","link":"https:\/\/alpha-credo.com\/ro\/echipa-noastra\/","title":{"rendered":"Echipa noastr\u0103"},"content":{"rendered":"<div class=\"fusion-fullwidth fullwidth-box fusion-builder-row-1 nonhundred-percent-fullwidth non-hundred-percent-height-scrolling\" style=\"--awb-border-radius-top-left:0px;--awb-border-radius-top-right:0px;--awb-border-radius-bottom-right:0px;--awb-border-radius-bottom-left:0px;--awb-background-color:#0082c8;--awb-flex-wrap:wrap;\" ><div class=\"fusion-builder-row fusion-row\"><div class=\"fusion-layout-column fusion_builder_column fusion-builder-column-0 fusion_builder_column_1_1 1_1 fusion-one-full fusion-column-first fusion-column-last\" style=\"--awb-padding-top:20px;--awb-padding-bottom:8px;--awb-bg-size:cover;--awb-margin-bottom:0px;\"><div class=\"fusion-column-wrapper fusion-flex-column-wrapper-legacy\"><div class=\"fusion-text fusion-text-1\"><p><span style=\"color: #ffffff; font-size: 36px;\">Echipa noastr\u0103<\/span><\/p>\n<\/div><div class=\"fusion-clearfix\"><\/div><\/div><\/div><\/div><\/div><div id=\"ales\" class=\"fusion-container-anchor\"><div class=\"fusion-fullwidth fullwidth-box fusion-builder-row-2 nonhundred-percent-fullwidth non-hundred-percent-height-scrolling\" style=\"--awb-border-radius-top-left:0px;--awb-border-radius-top-right:0px;--awb-border-radius-bottom-right:0px;--awb-border-radius-bottom-left:0px;--awb-margin-top:40px;--awb-margin-bottom:0px;--awb-flex-wrap:wrap;\" ><div class=\"fusion-builder-row fusion-row\"><div class=\"fusion-layout-column fusion_builder_column fusion-builder-column-1 fusion_builder_column_3_4 3_4 fusion-three-fourth fusion-column-first\" style=\"--awb-padding-top:26px;--awb-padding-right:13px;--awb-padding-bottom:27px;--awb-padding-left:18px;--awb-bg-size:cover;--awb-margin-bottom:0px;width:75%;width:calc(75% - ( ( 4% ) * 0.75 ) );margin-right: 4%;\"><div class=\"fusion-column-wrapper fusion-flex-column-wrapper-legacy\"><div class=\"fusion-text fusion-text-2\"><p><span style=\"color: #007ac2;\"><strong>Dr. Ale\u0161 Berk Skok, CAIA, FRM<br \/>\n<\/strong><span style=\"color: #000000;\">Director, broker de asigur\u0103ri \u0219i partener <\/span><\/span><\/p>\n<p>\u00cen afar\u0103 de manager al firmei ALPHA CREDO, Ale\u0161 este Profesor de Finan\u021be la Facultatea de \u0218tiin\u021be Economice a Universit\u0103\u021bii din Ljubljana (FELU), precum \u0219i fondator \u0219i director al firmei de consultan\u021b\u0103 ALPHA FINANCE d.o.o., care se axeaz\u0103 pe restructurarea corporativ\u0103\/de afaceri. Ale\u0161 are aproape dou\u0103zeci de ani de experien\u021b\u0103 \u00een gestionarea capitalului de lucru \u0219i \u00een furnizarea de surse optime de finan\u021bare pentru companii din diverse domenii ale industriei. \u00cen 2013 a folosit aceast\u0103 experien\u021b\u0103 pentru a cofonda compania ALPHA CREDO, unde ac\u021bioneaz\u0103 ca director \u00eenc\u0103 de la \u00eenceput \u0219i ca mediator de asigur\u0103ri de la jum\u0103tatea anului 2014.<\/p>\n<p>Ale\u0161 este membru al diferitelor asocia\u021bii academice \u0219i profesionale (EFMA, EFA, GARP, CAIA, ZPFS) \u0219i are o bogat\u0103 experien\u021b\u0103 \u00een activit\u0103\u021bi de consultan\u021b\u0103, gestionare \u0219i supraveghere la institu\u021bii financiare, firme nefinanciare \u0219i grupuri legislative de lucru (strategii de dezvoltare a pie\u021bei de capital, pensii private, fonduri de investi\u021bii \u0219.a.m.d.). Ale\u0161 a fost Pre\u0219edinte al Consiliilor de Administra\u021bie ale UCITS, SFA \u0219i FCD \u00een timpul Pre\u0219edin\u021biei Slovene a Consiliului UE \u00een 2008. \u00cen prezent, este expert la Curtea de Conturi a Republicii Slovenia \u0219i membru al Comitetului de cercetare \u0219tiin\u021bific\u0103 \u0219i studii doctorale din cadrul FELU.<\/p>\n<\/div><div class=\"ekipa-kontakti\">\n<i class=\"fa fa-envelope-o posta\" aria-hidden=\"true\"><\/i> <div class=\"tekst-ekipa\">\nales@alpha-credo.com\n<\/div>\n<i class=\"fa fa-mobile\" aria-hidden=\"true\"><\/i><div class=\"tekst-ekipa ekipa-desno\">\n+386 (41) 85 85 35\n<\/div>\n<\/div><div class=\"fusion-clearfix\"><\/div><\/div><\/div><div class=\"fusion-layout-column fusion_builder_column fusion-builder-column-2 fusion_builder_column_1_4 1_4 fusion-one-fourth fusion-column-last\" style=\"--awb-padding-top:26px;--awb-padding-right:13px;--awb-padding-left:18px;--awb-bg-image:url(&#039;https:\/\/alpha-credo.com\/wp-content\/uploads\/2021\/11\/ABS_AC_CROPPED.png&#039;);--awb-bg-size:cover;--awb-border-color:rgba(255,255,255,0);--awb-border-top:0px;--awb-border-right:0px;--awb-border-bottom:0px;--awb-border-left:0px;--awb-border-style:solid;--awb-margin-bottom:0px;width:25%;width:calc(25% - ( ( 4% ) * 0.25 ) );\"><div class=\"fusion-column-wrapper fusion-column-has-shadow fusion-flex-column-wrapper-legacy fusion-empty-column-bg-image fusion-column-has-bg-image\" data-bg-url=\"https:\/\/alpha-credo.com\/wp-content\/uploads\/2021\/11\/ABS_AC_CROPPED.png\"><img class=\"fusion-empty-dims-img-placeholder\" src=\"data:image\/svg+xml,%3Csvg%20xmlns%3D%27http%3A%2F%2Fwww.w3.org%2F2000%2Fsvg%27%20width%3D%27999%27%20height%3D%271500%27%20viewBox%3D%270%200%20999%201500%27%3E%3Crect%20width%3D%27999%27%20height%3D%271500%27%20fill-opacity%3D%220%22%2F%3E%3C%2Fsvg%3E\"><div class=\"fusion-clearfix\"><\/div><\/div><\/div><div class=\"fusion-layout-column fusion_builder_column fusion-builder-column-3 fusion_builder_column_1_1 1_1 fusion-one-full fusion-column-first fusion-column-last\" style=\"--awb-padding-top:20px;--awb-padding-bottom:8px;--awb-bg-size:cover;--awb-margin-bottom:0px;\"><div class=\"fusion-column-wrapper fusion-flex-column-wrapper-legacy\"><div class=\"fusion-text fusion-text-3\"><blockquote>\n<p style=\"text-align: center;\">It&#8217;s impossible that that the improbable will never happen.<\/p>\n<p style=\"text-align: center;\">&#8211; Emil Gumbel-<\/p>\n<\/blockquote>\n<p><span style=\"color: #ffffff; font-size: 36px;\">\u00a0<\/span><\/p>\n<\/div><div class=\"fusion-clearfix\"><\/div><\/div><\/div><\/div><\/div><\/div><div id=\"janez\" class=\"fusion-container-anchor\"><div class=\"fusion-fullwidth fullwidth-box fusion-builder-row-3 nonhundred-percent-fullwidth non-hundred-percent-height-scrolling\" style=\"--awb-border-radius-top-left:0px;--awb-border-radius-top-right:0px;--awb-border-radius-bottom-right:0px;--awb-border-radius-bottom-left:0px;--awb-margin-top:20px;--awb-margin-bottom:0px;--awb-flex-wrap:wrap;\" ><div class=\"fusion-builder-row fusion-row\"><div class=\"fusion-layout-column fusion_builder_column fusion-builder-column-4 fusion_builder_column_3_4 3_4 fusion-three-fourth fusion-column-first\" style=\"--awb-padding-top:26px;--awb-padding-right:13px;--awb-padding-bottom:27px;--awb-padding-left:18px;--awb-bg-size:cover;--awb-margin-bottom:0px;width:75%;width:calc(75% - ( ( 4% ) * 0.75 ) );margin-right: 4%;\"><div class=\"fusion-column-wrapper fusion-flex-column-wrapper-legacy\"><div class=\"fusion-text fusion-text-4\"><p><span style=\"color: #007ac2;\"><strong>Janez Jelov\u0161ek, Bsc.el.<br \/>\n<\/strong><span style=\"color: #000000;\">Broker de asigur\u0103ri \u0219i partener<\/span><\/span><\/p>\n<p>Un inginer electric care lucreaz\u0103 \u00een domeniul serviciilor financiare de ani de zile. Din 2000 activeaz\u0103 \u00een diferite pozi\u021bii de conducere \u0219i executive \u00een Slovenia \u0219i Croa\u021bia. Se bazeaz\u0103 pe versatilitatea \u0219i experien\u021ba sa \u00een managementul strategic \u0219i corporativ ca membru al consiliilor de supraveghere din diverse sectoare.<\/p>\n<p>\u00cen 2000, Janez a devenit director al firmei de consultan\u021b\u0103 de afaceri Krog International cu sediul \u00een Ljubljana. \u00cen 2003, s-a al\u0103turat grupului financiar Medve\u0161ekPu\u0161nik \u00een calitate de cofondator \u0219i mai t\u00e2rziu a ac\u021bionat \u00een consiliul de administra\u021bie al companiei Medve\u0161ekPu\u0161nik Asset Management Company d.d. \u00centre 2007 \u0219i 2011, a preluat conducerea companiei ALTA Consulting din cadrul grupului ALTA. \u00cen 2009, Janez a devenit pre\u0219edinte al Consiliului de Administra\u021bie al firmei MP Invest Asset Management Company d.d. din Zagreb. Este membru al Consiliului de Supraveghere \u0219i Pre\u0219edinte al Comisiei de Investi\u021bii din cadrul firmei KDD &#8211; Centralna Klirin\u0161ko Depotna Dru\u017eba d.d. (Corpora\u021bia Central\u0103 de Clearing pentru Titluri de Valoare), precum \u0219i membru al Consiliului de Supraveghere \u0219i Pre\u0219edinte al Comisiei de Audit din cadrul firmei Hranilnica LON d.d. A lucrat \u00een compania ALPHA CREDO \u00een calitate de cofondator \u0219i mediator de asigur\u0103ri \u00eenc\u0103 de la \u00eenfiin\u021bare.<\/p>\n<\/div><div class=\"ekipa-kontakti\">\n<i class=\"fa fa-envelope-o posta\" aria-hidden=\"true\"><\/i> <div class=\"tekst-ekipa\">\njanez@alpha-credo.com\n<\/div>\n<i class=\"fa fa-mobile\" aria-hidden=\"true\"><\/i><div class=\"tekst-ekipa ekipa-desno\">\n+386 (41) 33 41 37\n<\/div>\n<\/div>\n<div class=\"fusion-clearfix\"><\/div><\/div><\/div><div class=\"fusion-layout-column fusion_builder_column fusion-builder-column-5 fusion_builder_column_1_4 1_4 fusion-one-fourth fusion-column-last\" style=\"--awb-padding-top:26px;--awb-padding-right:13px;--awb-padding-left:18px;--awb-bg-image:url(&#039;https:\/\/alpha-credo.com\/wp-content\/uploads\/2021\/11\/JJ_ALPHACREDO.jpg&#039;);--awb-bg-size:cover;--awb-border-color:rgba(255,255,255,0);--awb-border-top:0px;--awb-border-right:0px;--awb-border-bottom:0px;--awb-border-left:0px;--awb-border-style:solid;--awb-margin-bottom:0px;width:25%;width:calc(25% - ( ( 4% ) * 0.25 ) );\" data-motion-effects=\"[{&quot;type&quot;:&quot;&quot;,&quot;scroll_type&quot;:&quot;transition&quot;,&quot;scroll_direction&quot;:&quot;up&quot;,&quot;transition_speed&quot;:&quot;1&quot;,&quot;fade_type&quot;:&quot;in&quot;,&quot;scale_type&quot;:&quot;up&quot;,&quot;initial_scale&quot;:&quot;1&quot;,&quot;max_scale&quot;:&quot;1.5&quot;,&quot;min_scale&quot;:&quot;0.5&quot;,&quot;initial_rotate&quot;:&quot;0&quot;,&quot;end_rotate&quot;:&quot;30&quot;,&quot;initial_blur&quot;:&quot;0&quot;,&quot;end_blur&quot;:&quot;3&quot;,&quot;start_element&quot;:&quot;top&quot;,&quot;start_viewport&quot;:&quot;bottom&quot;,&quot;end_element&quot;:&quot;bottom&quot;,&quot;end_viewport&quot;:&quot;top&quot;,&quot;mouse_effect&quot;:&quot;track&quot;,&quot;mouse_effect_direction&quot;:&quot;opposite&quot;,&quot;mouse_effect_speed&quot;:&quot;2&quot;,&quot;infinite_animation&quot;:&quot;float&quot;,&quot;infinite_animation_speed&quot;:&quot;2&quot;}]\" data-scroll-devices=\"small-visibility,medium-visibility,large-visibility\"><div class=\"fusion-column-wrapper fusion-column-has-shadow fusion-flex-column-wrapper-legacy fusion-empty-column-bg-image fusion-column-has-bg-image\" data-bg-url=\"https:\/\/alpha-credo.com\/wp-content\/uploads\/2021\/11\/JJ_ALPHACREDO.jpg\"><img class=\"fusion-empty-dims-img-placeholder\" src=\"data:image\/svg+xml,%3Csvg%20xmlns%3D%27http%3A%2F%2Fwww.w3.org%2F2000%2Fsvg%27%20width%3D%27300%27%20height%3D%27450%27%20viewBox%3D%270%200%20300%20450%27%3E%3Crect%20width%3D%27300%27%20height%3D%27450%27%20fill-opacity%3D%220%22%2F%3E%3C%2Fsvg%3E\"><div class=\"fusion-clearfix\"><\/div><\/div><\/div><div class=\"fusion-layout-column fusion_builder_column fusion-builder-column-6 fusion_builder_column_1_1 1_1 fusion-one-full fusion-column-first fusion-column-last\" style=\"--awb-padding-top:20px;--awb-padding-bottom:8px;--awb-bg-size:cover;--awb-margin-bottom:0px;\"><div class=\"fusion-column-wrapper fusion-flex-column-wrapper-legacy\"><div class=\"fusion-text fusion-text-5\"><blockquote>\n<p style=\"text-align: center;\">If you don&#8217;t invest in risk management, it doesn&#8217;t matter what business you are in, \u00a0it&#8217;s a risky business.<\/p>\n<p style=\"text-align: center;\">-Gary Cohn-<\/p>\n<\/blockquote>\n<\/div><div class=\"fusion-clearfix\"><\/div><\/div><\/div><\/div><\/div><\/div><div id=\"leon\" class=\"fusion-container-anchor\"><div class=\"fusion-fullwidth fullwidth-box fusion-builder-row-4 nonhundred-percent-fullwidth non-hundred-percent-height-scrolling\" style=\"--awb-border-radius-top-left:0px;--awb-border-radius-top-right:0px;--awb-border-radius-bottom-right:0px;--awb-border-radius-bottom-left:0px;--awb-margin-top:20px;--awb-margin-bottom:20px;--awb-flex-wrap:wrap;\" ><div class=\"fusion-builder-row fusion-row\"><div class=\"fusion-layout-column fusion_builder_column fusion-builder-column-7 fusion_builder_column_3_4 3_4 fusion-three-fourth fusion-column-first\" style=\"--awb-padding-top:26px;--awb-padding-right:13px;--awb-padding-bottom:27px;--awb-padding-left:18px;--awb-bg-size:cover;--awb-margin-bottom:0px;width:75%;width:calc(75% - ( ( 4% ) * 0.75 ) );margin-right: 4%;\"><div class=\"fusion-column-wrapper fusion-flex-column-wrapper-legacy\"><div class=\"fusion-text fusion-text-6\"><p><span style=\"color: #007ac2;\"><strong>Leon Zalar, licen\u021biat \u00een \u0219tiin\u021be juridice, Manager Clien\u021bi Cheie <\/strong><\/span><\/p>\n<p><span style=\"font-size: 17px;\">Un avocat care a lucrat \u00een domeniul asigur\u0103rii creditelor pe parcursul \u00eentregii sale cariere profesionale.<\/span><\/p>\n<p><span style=\"font-size: 17px;\">\u00cencep\u00e2nd cu anul 2000, a c\u00e2\u0219tigat experien\u021b\u0103 ca parte a grupului de asigurare a creditelor Coface. \u00cen 2004, a fost invitat \u00eentr-o echip\u0103 care, sub auspiciile b\u0103ncii de export \u0219i de dezvoltare SID Banka, cunoscut\u0103 la vremea aceea ca Slovenska izvozna dru\u017eba, a \u00eenfiin\u021bat agen\u021bia Pro Kolekt, specializat\u0103 \u00een aplicarea \u0219i evaluarea bonit\u0103\u021bii companiilor, av\u00e2nd o re\u021bea de filiale \u00een Europa de Sud-Est. A lucrat mai mul\u021bi ani \u00een conducerea companiei ca director adjunct \u0219i a fost directorul companiei \u00eentre 2012 \u0219i 2016. \u00cen toate pozi\u021biile pe care le-a de\u021binut, a contribuit \u00een mod semnificativ la dezvoltarea suportului informa\u021bional. <\/span><\/p>\n<p>S-a al\u0103turat echipei Alpha Credo \u00een 2016, iar \u00een 2017 a promovat un examen pentru mediatori de asigur\u0103ri.<\/p>\n<\/div><div class=\"ekipa-kontakti\">\r\n<i class=\"fa fa-envelope-o posta\" aria-hidden=\"true\"><\/i> <div class=\"tekst-ekipa\">\r\nleon@alpha-credo.si\r\n<\/div>\r\n<i class=\"fa fa-mobile\" aria-hidden=\"true\"><\/i><div class=\"tekst-ekipa ekipa-desno\">\r\n+386 (41) 28 19 54\r\n<\/div>\r\n<\/div>\r\n<div class=\"fusion-clearfix\"><\/div><\/div><\/div><div class=\"fusion-layout-column fusion_builder_column fusion-builder-column-8 fusion_builder_column_1_4 1_4 fusion-one-fourth fusion-column-last\" style=\"--awb-padding-top:26px;--awb-padding-right:13px;--awb-padding-left:18px;--awb-bg-image:url(&#039;https:\/\/alpha-credo.com\/wp-content\/uploads\/2021\/11\/jakasuln-3.jpg&#039;);--awb-bg-size:cover;--awb-border-color:rgba(255,255,255,0);--awb-border-top:0px;--awb-border-right:0px;--awb-border-bottom:0px;--awb-border-left:0px;--awb-border-style:solid;--awb-margin-bottom:0px;width:25%;width:calc(25% - ( ( 4% ) * 0.25 ) );\"><div class=\"fusion-column-wrapper fusion-column-has-shadow fusion-flex-column-wrapper-legacy fusion-empty-column-bg-image fusion-column-has-bg-image\" data-bg-url=\"https:\/\/alpha-credo.com\/wp-content\/uploads\/2021\/11\/jakasuln-3.jpg\"><img class=\"fusion-empty-dims-img-placeholder\" src=\"data:image\/svg+xml,%3Csvg%20xmlns%3D%27http%3A%2F%2Fwww.w3.org%2F2000%2Fsvg%27%20width%3D%271000%27%20height%3D%271500%27%20viewBox%3D%270%200%201000%201500%27%3E%3Crect%20width%3D%271000%27%20height%3D%271500%27%20fill-opacity%3D%220%22%2F%3E%3C%2Fsvg%3E\"><div class=\"fusion-clearfix\"><\/div><\/div><\/div><\/div><\/div><\/div><div class=\"fusion-fullwidth fullwidth-box fusion-builder-row-5 nonhundred-percent-fullwidth non-hundred-percent-height-scrolling\" style=\"--awb-border-radius-top-left:0px;--awb-border-radius-top-right:0px;--awb-border-radius-bottom-right:0px;--awb-border-radius-bottom-left:0px;--awb-padding-top:60px;--awb-flex-wrap:wrap;\" ><div class=\"fusion-builder-row fusion-row\"><div class=\"fusion-layout-column fusion_builder_column fusion-builder-column-9 fusion_builder_column_1_4 1_4 fusion-one-fourth fusion-column-first\" style=\"--awb-bg-size:cover;width:25%;width:calc(25% - ( ( 4% + 4% ) * 0.25 ) );margin-right: 4%;\"><div class=\"fusion-column-wrapper fusion-flex-column-wrapper-legacy\"><div class=\"fusion-aligncenter\"><a class=\"fusion-button button-flat fusion-button-default-size button-custom fusion-button-default button-1 fusion-button-default-span fusion-button-default-type gumb-cta2\" style=\"--button_accent_color:#ffffff;--button_accent_hover_color:#ffffff;--button_border_hover_color:#ffffff;--button_gradient_top_color:#007ac2;--button_gradient_bottom_color:#007ac2;--button_gradient_top_color_hover:#000000;--button_gradient_bottom_color_hover:#000000;\" target=\"_self\" href=\"http:\/\/alpha-credo.com\/ro\/cine-suntem\/\"><span class=\"fusion-button-text\">&lt; CINE SUNTEM<\/span><\/a><\/div><div class=\"fusion-clearfix\"><\/div><\/div><\/div><div class=\"fusion-layout-column fusion_builder_column fusion-builder-column-10 fusion_builder_column_1_2 1_2 fusion-one-half\" style=\"--awb-bg-size:cover;width:50%;width:calc(50% - ( ( 4% + 4% ) * 0.5 ) );margin-right: 4%;\"><div class=\"fusion-column-wrapper fusion-flex-column-wrapper-legacy\"><div class=\"fusion-clearfix\"><\/div><\/div><\/div><div class=\"fusion-layout-column fusion_builder_column fusion-builder-column-11 fusion_builder_column_1_4 1_4 fusion-one-fourth fusion-column-last\" style=\"--awb-bg-size:cover;width:25%;width:calc(25% - ( ( 4% + 4% ) * 0.25 ) );\"><div class=\"fusion-column-wrapper fusion-flex-column-wrapper-legacy\"><div class=\"fusion-aligncenter\"><a class=\"fusion-button button-flat fusion-button-default-size button-custom fusion-button-default button-2 fusion-button-default-span fusion-button-default-type gumb-cta2\" style=\"--button_accent_color:#ffffff;--button_accent_hover_color:#ffffff;--button_border_hover_color:#ffffff;--button_gradient_top_color:#007ac2;--button_gradient_bottom_color:#007ac2;--button_gradient_top_color_hover:#000000;--button_gradient_bottom_color_hover:#000000;\" target=\"_self\" href=\"http:\/\/alpha-credo.com\/ro\/viziune\/\"><span class=\"fusion-button-text\">VIZIUNE &gt;<\/span><\/a><\/div><div class=\"fusion-clearfix\"><\/div><\/div><\/div><\/div><\/div>\n","protected":false},"excerpt":{"rendered":"","protected":false},"author":1,"featured_media":0,"parent":0,"menu_order":0,"comment_status":"closed","ping_status":"closed","template":"100-width.php","meta":[],"yoast_head":"<!-- This site is optimized with the Yoast SEO plugin v20.9 - https:\/\/yoast.com\/wordpress\/plugins\/seo\/ -->\n<title>Echipa noastr\u0103 - Alpha Credo<\/title>\n<meta name=\"robots\" content=\"index, follow, max-snippet:-1, max-image-preview:large, max-video-preview:-1\" \/>\n<link rel=\"canonical\" href=\"https:\/\/alpha-credo.com\/ro\/echipa-noastra\/\" \/>\n<meta property=\"og:locale\" content=\"ro_RO\" \/>\n<meta property=\"og:type\" content=\"article\" \/>\n<meta property=\"og:title\" content=\"Echipa noastr\u0103 - Alpha Credo\" \/>\n<meta property=\"og:url\" content=\"https:\/\/alpha-credo.com\/ro\/echipa-noastra\/\" \/>\n<meta property=\"og:site_name\" content=\"Alpha Credo\" \/>\n<meta property=\"article:modified_time\" content=\"2023-10-26T09:12:37+00:00\" \/>\n<meta name=\"twitter:card\" content=\"summary_large_image\" \/>\n<meta name=\"twitter:label1\" content=\"Timp estimat pentru citire\" \/>\n\t<meta name=\"twitter:data1\" content=\"8 minute\" \/>\n<script type=\"application\/ld+json\" class=\"yoast-schema-graph\">{\"@context\":\"https:\/\/schema.org\",\"@graph\":[{\"@type\":\"WebPage\",\"@id\":\"https:\/\/alpha-credo.com\/ro\/echipa-noastra\/\",\"url\":\"https:\/\/alpha-credo.com\/ro\/echipa-noastra\/\",\"name\":\"Echipa noastr\u0103 - Alpha Credo\",\"isPartOf\":{\"@id\":\"https:\/\/alpha-credo.com\/sl\/#website\"},\"datePublished\":\"2019-04-12T06:04:13+00:00\",\"dateModified\":\"2023-10-26T09:12:37+00:00\",\"breadcrumb\":{\"@id\":\"https:\/\/alpha-credo.com\/ro\/echipa-noastra\/#breadcrumb\"},\"inLanguage\":\"ro-RO\",\"potentialAction\":[{\"@type\":\"ReadAction\",\"target\":[\"https:\/\/alpha-credo.com\/ro\/echipa-noastra\/\"]}]},{\"@type\":\"BreadcrumbList\",\"@id\":\"https:\/\/alpha-credo.com\/ro\/echipa-noastra\/#breadcrumb\",\"itemListElement\":[{\"@type\":\"ListItem\",\"position\":1,\"name\":\"Home\",\"item\":\"https:\/\/alpha-credo.com\/\"},{\"@type\":\"ListItem\",\"position\":2,\"name\":\"Echipa noastr\u0103\"}]},{\"@type\":\"WebSite\",\"@id\":\"https:\/\/alpha-credo.com\/sl\/#website\",\"url\":\"https:\/\/alpha-credo.com\/sl\/\",\"name\":\"Alpha Credo\",\"description\":\"Zavarovalno posredni\u0161ka dru\u017eba\/Insurance Brokerage\",\"potentialAction\":[{\"@type\":\"SearchAction\",\"target\":{\"@type\":\"EntryPoint\",\"urlTemplate\":\"https:\/\/alpha-credo.com\/sl\/?s={search_term_string}\"},\"query-input\":\"required name=search_term_string\"}],\"inLanguage\":\"ro-RO\"}]}<\/script>\n<!-- \/ Yoast SEO plugin. -->","yoast_head_json":{"title":"Echipa noastr\u0103 - Alpha Credo","robots":{"index":"index","follow":"follow","max-snippet":"max-snippet:-1","max-image-preview":"max-image-preview:large","max-video-preview":"max-video-preview:-1"},"canonical":"https:\/\/alpha-credo.com\/ro\/echipa-noastra\/","og_locale":"ro_RO","og_type":"article","og_title":"Echipa noastr\u0103 - Alpha Credo","og_url":"https:\/\/alpha-credo.com\/ro\/echipa-noastra\/","og_site_name":"Alpha Credo","article_modified_time":"2023-10-26T09:12:37+00:00","twitter_card":"summary_large_image","twitter_misc":{"Timp estimat pentru citire":"8 minute"},"schema":{"@context":"https:\/\/schema.org","@graph":[{"@type":"WebPage","@id":"https:\/\/alpha-credo.com\/ro\/echipa-noastra\/","url":"https:\/\/alpha-credo.com\/ro\/echipa-noastra\/","name":"Echipa noastr\u0103 - Alpha Credo","isPartOf":{"@id":"https:\/\/alpha-credo.com\/sl\/#website"},"datePublished":"2019-04-12T06:04:13+00:00","dateModified":"2023-10-26T09:12:37+00:00","breadcrumb":{"@id":"https:\/\/alpha-credo.com\/ro\/echipa-noastra\/#breadcrumb"},"inLanguage":"ro-RO","potentialAction":[{"@type":"ReadAction","target":["https:\/\/alpha-credo.com\/ro\/echipa-noastra\/"]}]},{"@type":"BreadcrumbList","@id":"https:\/\/alpha-credo.com\/ro\/echipa-noastra\/#breadcrumb","itemListElement":[{"@type":"ListItem","position":1,"name":"Home","item":"https:\/\/alpha-credo.com\/"},{"@type":"ListItem","position":2,"name":"Echipa noastr\u0103"}]},{"@type":"WebSite","@id":"https:\/\/alpha-credo.com\/sl\/#website","url":"https:\/\/alpha-credo.com\/sl\/","name":"Alpha Credo","description":"Zavarovalno posredni\u0161ka dru\u017eba\/Insurance Brokerage","potentialAction":[{"@type":"SearchAction","target":{"@type":"EntryPoint","urlTemplate":"https:\/\/alpha-credo.com\/sl\/?s={search_term_string}"},"query-input":"required name=search_term_string"}],"inLanguage":"ro-RO"}]}},"_links":{"self":[{"href":"https:\/\/alpha-credo.com\/ro\/wp-json\/wp\/v2\/pages\/1758"}],"collection":[{"href":"https:\/\/alpha-credo.com\/ro\/wp-json\/wp\/v2\/pages"}],"about":[{"href":"https:\/\/alpha-credo.com\/ro\/wp-json\/wp\/v2\/types\/page"}],"author":[{"embeddable":true,"href":"https:\/\/alpha-credo.com\/ro\/wp-json\/wp\/v2\/users\/1"}],"replies":[{"embeddable":true,"href":"https:\/\/alpha-credo.com\/ro\/wp-json\/wp\/v2\/comments?post=1758"}],"version-history":[{"count":27,"href":"https:\/\/alpha-credo.com\/ro\/wp-json\/wp\/v2\/pages\/1758\/revisions"}],"predecessor-version":[{"id":4299,"href":"https:\/\/alpha-credo.com\/ro\/wp-json\/wp\/v2\/pages\/1758\/revisions\/4299"}],"wp:attachment":[{"href":"https:\/\/alpha-credo.com\/ro\/wp-json\/wp\/v2\/media?parent=1758"}],"curies":[{"name":"wp","href":"https:\/\/api.w.org\/{rel}","templated":true}]}}