{"id":2682,"date":"2021-03-16T17:31:37","date_gmt":"2021-03-16T16:31:37","guid":{"rendered":"https:\/\/alpha-credo.com\/?page_id=2682"},"modified":"2021-03-16T17:33:57","modified_gmt":"2021-03-16T16:33:57","slug":"instiintare-pentru-asigurati","status":"publish","type":"page","link":"https:\/\/alpha-credo.com\/ro\/instiintare-pentru-asigurati\/","title":{"rendered":"\u00cen\u0219tiin\u021bare pentru asigura\u021bi"},"content":{"rendered":"<div class=\"fusion-fullwidth fullwidth-box fusion-builder-row-1 nonhundred-percent-fullwidth non-hundred-percent-height-scrolling\" style=\"--awb-border-radius-top-left:0px;--awb-border-radius-top-right:0px;--awb-border-radius-bottom-right:0px;--awb-border-radius-bottom-left:0px;--awb-background-color:#0082c8;--awb-flex-wrap:wrap;\" ><div class=\"fusion-builder-row fusion-row\"><div class=\"fusion-layout-column fusion_builder_column fusion-builder-column-0 fusion_builder_column_1_1 1_1 fusion-one-full fusion-column-first fusion-column-last\" style=\"--awb-padding-top:20px;--awb-padding-bottom:8px;--awb-bg-size:cover;--awb-margin-bottom:0px;\"><div class=\"fusion-column-wrapper fusion-flex-column-wrapper-legacy\"><div class=\"fusion-text fusion-text-1\"><p><span style=\"color: #ffffff; font-size: 36px;\"><span style=\"font-weight: 400;\">\u00cen\u0219tiin\u021bare pentru asigura\u021bi<\/span><\/span><\/p>\n<\/div><div class=\"fusion-clearfix\"><\/div><\/div><\/div><\/div><\/div><div class=\"fusion-fullwidth fullwidth-box fusion-builder-row-2 nonhundred-percent-fullwidth non-hundred-percent-height-scrolling\" style=\"--awb-border-radius-top-left:0px;--awb-border-radius-top-right:0px;--awb-border-radius-bottom-right:0px;--awb-border-radius-bottom-left:0px;--awb-margin-top:75px;--awb-margin-bottom:50px;--awb-flex-wrap:wrap;\" ><div class=\"fusion-builder-row fusion-row\"><div class=\"fusion-layout-column fusion_builder_column fusion-builder-column-1 fusion_builder_column_1_1 1_1 fusion-one-full fusion-column-first fusion-column-last\" style=\"--awb-bg-size:cover;\"><div class=\"fusion-column-wrapper fusion-flex-column-wrapper-legacy\"><div class=\"fusion-text fusion-text-2\"><h3>ANUN\u021a \u00ceN CONFORMITATE CU LEGEA ASIGUR\u0102RILOR (ZZavar-1, articolul 553)<\/h3>\n<p>\u00cen conformitate cu articolul 551 coroborat cu articolele 545, 550 \u0219i 553 din Legea Asigur\u0103rilor (Monitorul Oficial al Republicii Slovenia, nr. 93\/15 \u0219i 9\/19) \u0219i cu dorin\u021ba de a v\u0103 proteja interesele \u00een calitate de asigur\u0103tor, v\u0103 inform\u0103m c\u0103:<\/p>\n<ul>\n<li>Societatea de Brokeraj \u00een Domeniul Asigur\u0103rilor ALPHA CREDO d.o.o., cu sediu social la adresa: Dunajska cesta 159, 1000 Ljubljana, de\u021bine un permis de la Agen\u021bia de Supraveghere a Asigur\u0103rilor nr. 40110-0900 \/ 2013-4, din data de 23 mai 2013 pentru efectuarea tranzac\u021biilor de brokeraj \u00een domeniul asigur\u0103rilor, ceea ce poate fi verificat \u00een registrul agen\u021bilor \u0219i brokerilor al Agen\u021biei de Supraveghere a Asigur\u0103rilor (https:\/\/www.a-zn.si\/zastopniki-in-posredniki\/register-zastopnikov-posrednikov\/),<\/li>\n<li>\u00een conformitate cu dispozi\u021biile articolului 572 din legea ZZavar-1, Societatea de Brokeraj \u00een Domeniul Asigur\u0103rilor a fost \u00een\u0219tiin\u021bat\u0103 \u00een vederea furniz\u0103rii de servicii pe \u00eentreg teritoriul Uniunii Europene,<\/li>\n<li>Societatea de Brokeraj \u00een Domeniul Asigur\u0103rilor ac\u021bioneaz\u0103 \u00een nume \u0219i pe cont propriu,<\/li>\n<li>Societatea de Brokeraj \u00een Domeniul Asigur\u0103rilor a \u00eencheiat o asigurare de r\u0103spundere profesional\u0103 adecvat\u0103 pentru a acoperi responsabilit\u0103\u021bile care decurg din r\u0103spunderea pentru daune, \u00een conformitate cu cerin\u021bele articolului 551 alineatul (4) din Legea ZZavar-1<\/li>\n<li>Societatea de Brokeraj \u00een Domeniul Asigur\u0103rilor \u0219i nici brokerii ei de asigur\u0103ri nu de\u021bin nicio cot\u0103 direct\u0103 sau indirect\u0103 care s\u0103 reprezinte mai mult de 10% din drepturile de vot sau vreo participare \u00een capitalul societ\u0103\u021bii de asigur\u0103ri,<\/li>\n<li>societatea de asigur\u0103ri sau filialele acesteia nu de\u021bin nicio cot\u0103 direct\u0103 sau indirect\u0103 care s\u0103 reprezinte mai mult de 10% din drepturile de vot sau vreo participare \u00een capitalul Societ\u0103\u021bii de Brokeraj \u00een Domeniul Asigur\u0103rilor,<\/li>\n<li>serviciile de brokeraj nu sunt taxate clientului, \u00eentruc\u00e2t Societatea de Brokeraj \u00een Domeniul Asigur\u0103rilor are drept la o indemniza\u021bie pentru serviciile sale, care este pl\u0103tit\u0103 de societatea de asigur\u0103ri selectat\u0103 (comision acoperit deja de prima de asigurare),<\/li>\n<li>\u00een conformitate cu primul paragraf al articolului 554 din legea ZZavar-1, societatea de brokeraj \u00een domeniul asigur\u0103rilor nu are drept s\u0103 cear\u0103 achitarea unui comision sau a oric\u0103rei alte pl\u0103\u021bi de la asigurat, cu excep\u021bia cazului \u00een care acest lucru este convenit \u00een mod explicit \u00een scris, printr-un contract de brokeraj \u00eencheiat cu asiguratul,<\/li>\n<li>\u00een conformitate cu articolul 579, Societatea de Brokeraj \u00een Domeniul Asigur\u0103rilor a stabilit o procedur\u0103 intern\u0103 de solu\u021bionare a reclama\u021biilor (care determin\u0103 \u0219i furnizorul solu\u021bion\u0103rii extrajudiciare a eventualelor litigii), care este publicat\u0103 pe pagina web a societ\u0103\u021bii (www.alpha-credo.com).<\/li>\n<\/ul>\n<\/div><div class=\"fusion-clearfix\"><\/div><\/div><\/div><\/div><\/div><div class=\"fusion-fullwidth fullwidth-box fusion-builder-row-3 nonhundred-percent-fullwidth non-hundred-percent-height-scrolling\" style=\"--awb-border-radius-top-left:0px;--awb-border-radius-top-right:0px;--awb-border-radius-bottom-right:0px;--awb-border-radius-bottom-left:0px;--awb-flex-wrap:wrap;\" ><div class=\"fusion-builder-row fusion-row\"><div class=\"fusion-layout-column fusion_builder_column fusion-builder-column-2 fusion_builder_column_1_2 1_2 fusion-one-half fusion-column-first\" style=\"--awb-bg-size:cover;width:50%;width:calc(50% - ( ( 4% ) * 0.5 ) );margin-right: 4%;\"><div class=\"fusion-column-wrapper fusion-column-has-shadow fusion-flex-column-wrapper-legacy\"><div class=\"fusion-text fusion-text-3\"><p>Dr. Ale\u0161 Berk Skok, Insurance Broker &amp; Partner<\/p>\n<p># broker licence of ISA: 40110-0945\/2014-4<\/p>\n<p>date of ISA broker licence: 29.5.2014<\/p>\n<\/div><div class=\"fusion-clearfix\"><\/div><\/div><\/div><div class=\"fusion-layout-column fusion_builder_column fusion-builder-column-3 fusion_builder_column_1_2 1_2 fusion-one-half fusion-column-last\" style=\"--awb-bg-size:cover;width:50%;width:calc(50% - ( ( 4% ) * 0.5 ) );\"><div class=\"fusion-column-wrapper fusion-column-has-shadow fusion-flex-column-wrapper-legacy\"><div class=\"fusion-text fusion-text-4\"><p style=\"text-align: right;\">Janez Jelov\u0161ek, Insurance Broker \u00a0&amp; Partner<\/p>\n<p style=\"text-align: right;\"># broker licence of ISA: 40110-0969\/2013-4<\/p>\n<p style=\"text-align: right;\">date of ISA broker licence: 4.6.2013<\/p>\n<\/div><div class=\"fusion-clearfix\"><\/div><\/div><\/div><\/div><\/div>\n","protected":false},"excerpt":{"rendered":"","protected":false},"author":5,"featured_media":0,"parent":0,"menu_order":0,"comment_status":"closed","ping_status":"closed","template":"100-width.php","meta":[],"yoast_head":"<!-- This site is optimized with the Yoast SEO plugin v20.9 - https:\/\/yoast.com\/wordpress\/plugins\/seo\/ -->\n<title>\u00cen\u0219tiin\u021bare pentru asigura\u021bi - Alpha Credo<\/title>\n<meta name=\"robots\" content=\"index, follow, max-snippet:-1, max-image-preview:large, max-video-preview:-1\" \/>\n<link rel=\"canonical\" href=\"https:\/\/alpha-credo.com\/notice-to-policyholders\/\" \/>\n<meta property=\"og:locale\" content=\"ro_RO\" \/>\n<meta property=\"og:type\" content=\"article\" \/>\n<meta property=\"og:title\" content=\"\u00cen\u0219tiin\u021bare pentru asigura\u021bi - Alpha Credo\" \/>\n<meta property=\"og:url\" content=\"https:\/\/alpha-credo.com\/notice-to-policyholders\/\" \/>\n<meta property=\"og:site_name\" content=\"Alpha Credo\" \/>\n<meta property=\"article:modified_time\" content=\"2021-03-16T16:33:57+00:00\" \/>\n<meta name=\"twitter:card\" content=\"summary_large_image\" \/>\n<meta name=\"twitter:label1\" content=\"Timp estimat pentru citire\" \/>\n\t<meta name=\"twitter:data1\" content=\"8 minute\" \/>\n<script type=\"application\/ld+json\" class=\"yoast-schema-graph\">{\"@context\":\"https:\/\/schema.org\",\"@graph\":[{\"@type\":\"WebPage\",\"@id\":\"https:\/\/alpha-credo.com\/notice-to-policyholders\/\",\"url\":\"https:\/\/alpha-credo.com\/notice-to-policyholders\/\",\"name\":\"\u00cen\u0219tiin\u021bare pentru asigura\u021bi - Alpha Credo\",\"isPartOf\":{\"@id\":\"https:\/\/alpha-credo.com\/sl\/#website\"},\"datePublished\":\"2021-03-16T16:31:37+00:00\",\"dateModified\":\"2021-03-16T16:33:57+00:00\",\"breadcrumb\":{\"@id\":\"https:\/\/alpha-credo.com\/notice-to-policyholders\/#breadcrumb\"},\"inLanguage\":\"ro-RO\",\"potentialAction\":[{\"@type\":\"ReadAction\",\"target\":[\"https:\/\/alpha-credo.com\/notice-to-policyholders\/\"]}]},{\"@type\":\"BreadcrumbList\",\"@id\":\"https:\/\/alpha-credo.com\/notice-to-policyholders\/#breadcrumb\",\"itemListElement\":[{\"@type\":\"ListItem\",\"position\":1,\"name\":\"Home\",\"item\":\"https:\/\/alpha-credo.com\/\"},{\"@type\":\"ListItem\",\"position\":2,\"name\":\"\u00cen\u0219tiin\u021bare pentru asigura\u021bi\"}]},{\"@type\":\"WebSite\",\"@id\":\"https:\/\/alpha-credo.com\/sl\/#website\",\"url\":\"https:\/\/alpha-credo.com\/sl\/\",\"name\":\"Alpha Credo\",\"description\":\"Zavarovalno posredni\u0161ka dru\u017eba\/Insurance Brokerage\",\"potentialAction\":[{\"@type\":\"SearchAction\",\"target\":{\"@type\":\"EntryPoint\",\"urlTemplate\":\"https:\/\/alpha-credo.com\/sl\/?s={search_term_string}\"},\"query-input\":\"required name=search_term_string\"}],\"inLanguage\":\"ro-RO\"}]}<\/script>\n<!-- \/ Yoast SEO plugin. -->","yoast_head_json":{"title":"\u00cen\u0219tiin\u021bare pentru asigura\u021bi - Alpha Credo","robots":{"index":"index","follow":"follow","max-snippet":"max-snippet:-1","max-image-preview":"max-image-preview:large","max-video-preview":"max-video-preview:-1"},"canonical":"https:\/\/alpha-credo.com\/notice-to-policyholders\/","og_locale":"ro_RO","og_type":"article","og_title":"\u00cen\u0219tiin\u021bare pentru asigura\u021bi - Alpha Credo","og_url":"https:\/\/alpha-credo.com\/notice-to-policyholders\/","og_site_name":"Alpha Credo","article_modified_time":"2021-03-16T16:33:57+00:00","twitter_card":"summary_large_image","twitter_misc":{"Timp estimat pentru citire":"8 minute"},"schema":{"@context":"https:\/\/schema.org","@graph":[{"@type":"WebPage","@id":"https:\/\/alpha-credo.com\/notice-to-policyholders\/","url":"https:\/\/alpha-credo.com\/notice-to-policyholders\/","name":"\u00cen\u0219tiin\u021bare pentru asigura\u021bi - Alpha Credo","isPartOf":{"@id":"https:\/\/alpha-credo.com\/sl\/#website"},"datePublished":"2021-03-16T16:31:37+00:00","dateModified":"2021-03-16T16:33:57+00:00","breadcrumb":{"@id":"https:\/\/alpha-credo.com\/notice-to-policyholders\/#breadcrumb"},"inLanguage":"ro-RO","potentialAction":[{"@type":"ReadAction","target":["https:\/\/alpha-credo.com\/notice-to-policyholders\/"]}]},{"@type":"BreadcrumbList","@id":"https:\/\/alpha-credo.com\/notice-to-policyholders\/#breadcrumb","itemListElement":[{"@type":"ListItem","position":1,"name":"Home","item":"https:\/\/alpha-credo.com\/"},{"@type":"ListItem","position":2,"name":"\u00cen\u0219tiin\u021bare pentru asigura\u021bi"}]},{"@type":"WebSite","@id":"https:\/\/alpha-credo.com\/sl\/#website","url":"https:\/\/alpha-credo.com\/sl\/","name":"Alpha Credo","description":"Zavarovalno posredni\u0161ka dru\u017eba\/Insurance Brokerage","potentialAction":[{"@type":"SearchAction","target":{"@type":"EntryPoint","urlTemplate":"https:\/\/alpha-credo.com\/sl\/?s={search_term_string}"},"query-input":"required name=search_term_string"}],"inLanguage":"ro-RO"}]}},"_links":{"self":[{"href":"https:\/\/alpha-credo.com\/ro\/wp-json\/wp\/v2\/pages\/2682"}],"collection":[{"href":"https:\/\/alpha-credo.com\/ro\/wp-json\/wp\/v2\/pages"}],"about":[{"href":"https:\/\/alpha-credo.com\/ro\/wp-json\/wp\/v2\/types\/page"}],"author":[{"embeddable":true,"href":"https:\/\/alpha-credo.com\/ro\/wp-json\/wp\/v2\/users\/5"}],"replies":[{"embeddable":true,"href":"https:\/\/alpha-credo.com\/ro\/wp-json\/wp\/v2\/comments?post=2682"}],"version-history":[{"count":2,"href":"https:\/\/alpha-credo.com\/ro\/wp-json\/wp\/v2\/pages\/2682\/revisions"}],"predecessor-version":[{"id":2685,"href":"https:\/\/alpha-credo.com\/ro\/wp-json\/wp\/v2\/pages\/2682\/revisions\/2685"}],"wp:attachment":[{"href":"https:\/\/alpha-credo.com\/ro\/wp-json\/wp\/v2\/media?parent=2682"}],"curies":[{"name":"wp","href":"https:\/\/api.w.org\/{rel}","templated":true}]}}