{"id":1063,"date":"2018-05-21T14:07:15","date_gmt":"2018-05-21T12:07:15","guid":{"rendered":"http:\/\/alpha-credo.com\/?page_id=1063"},"modified":"2021-08-16T17:12:35","modified_gmt":"2021-08-16T15:12:35","slug":"varovanje-osebnih-podatkov-piskotki","status":"publish","type":"page","link":"https:\/\/alpha-credo.com\/sl\/varovanje-osebnih-podatkov-piskotki\/","title":{"rendered":"Varovanje osebnih podatkov in piskotki"},"content":{"rendered":"<h3><strong>1. Obvestilo posameznikom po 13. \u010dlenu Splo\u0161ne uredbe o varstvu podatkov (GDPR) glede obdelave osebnih podatkov oddanih na spletni strani upravljalca ALPHA CREDO D.O.O.<\/strong><\/h3>\n<ol>\n<li>Upravljalec osebnih podatkov je podjetje ALPHA CREDO d.o.o., Dunajska cesta 159, 1000 Ljubljana, Slovenija, D\u0160: 22570926 (v nadaljevanju: upravljalec osebnih podatkov).<\/li>\n<\/ol>\n<p>&nbsp;<\/p>\n<ol start=\"2\">\n<li>Upravljalec osebnih podakov nima imenovane poobla\u0161\u010dene osebe za varstvo osebnih podatkov (ang. DPO). Posamezniki lahko z upravljalcem osebnih podatkov stopijo v stik preko elektronskega sporo\u010dila <a href=\"mailto:info@alpha-credo.com\"><strong>info@alpha-credo.com<\/strong><\/a> ali preko telefonskega klica na <strong>+386 (0)1 292 60 96.<\/strong><\/li>\n<\/ol>\n<p><strong>\u00a0<\/strong><\/p>\n<ol start=\"3\">\n<li>Upravljalec osebnih podatkov deluje kot zavarovalno posredni\u0161ka dru\u017eba, ki opravlja svojo osnovno dejavnost pod nadzorom Agencije za zavarovalni nadzor, Trg republike 3, 1000 Ljubljana, Slovenija. Namen obdelave podatkov je vodenje nadaljne korespondence in informiranje o storitvah, ki jih upravljalec osebnih podatkov nudi. Za ta namen upravljalec osebnih podatkov zbira slede\u010de podatke:<\/li>\n<\/ol>\n<p>&nbsp;<\/p>\n<ul>\n<li>ime in priimek posameznika;<\/li>\n<li>e-po\u0161tni naslov posameznika;<\/li>\n<li>naziv organizacije oz. podjetja iz katere posameznik prihaja.<\/li>\n<\/ul>\n<p>&nbsp;<\/p>\n<ol start=\"4\">\n<li>Pravna podlaga za obdelavo osebnih podatkov je izrecna privolitev posameznika po <em>dolo\u010dbi to\u010dke (a) \u010dlena 6(1) Splo\u0161ne uredbe o varstvu osebnih podatkov <\/em>na katerega se nana\u0161ajo osebni podatki, v obdelavo njegovih osebnih podatkov za namen naveden v tretji to\u010dki tega obvestila.<\/li>\n<\/ol>\n<p>&nbsp;<\/p>\n<ol start=\"5\">\n<li>Upravljalec osebnih podatkov <strong>ne posreduje osebnih podatkov<\/strong> <strong>tretjim osebam<\/strong> za namen nadaljnje obdelave. Dostop do oddanih osebnih podatkov imajo le osebe, ki delujejo pod neposrednim vodstvom in nadzorom upravljalca.<\/li>\n<\/ol>\n<p>&nbsp;<\/p>\n<ol start=\"6\">\n<li>Upravljalec osebnih podatkov <strong>ne posreduje osebnih podatkov v tretjo dr\u017eavo ali mednarodnim organizacijam.<\/strong><\/li>\n<\/ol>\n<p><strong>\u00a0<\/strong><\/p>\n<ol start=\"7\">\n<li>Upravljalec osebnih podatkov hrani osebne podatke vse dokler je smotrno vr\u0161iti aktivnosti skladno s tretjo to\u010dko tega obvestila. V primeru sklenitve sodelovanja, ki je regulirano s Pooblastilom za posredovanje in Posredni\u0161ko pogodbo, se obdelava osebnih podatkov ureja v sklopu novonastalega pravnega razmerja.<\/li>\n<\/ol>\n<p>&nbsp;<\/p>\n<ol start=\"8\">\n<li>Posameznik, na katerega se nana\u0161ajo osebni podatki, ima pravico od upravljavca osebnih podatkov dobiti potrditev, ali se v zvezi z njim obdelujejo osebni podatki, in kadar je temu tako, dostop do osebnih podatkov in naslednje informacije:<\/li>\n<\/ol>\n<p>&nbsp;<\/p>\n<ul>\n<li>namen obdelave;<\/li>\n<li>vrste zadevnih osebnih podatkov;<\/li>\n<li>uporabnike ali kategorije uporabnika, ki so jim bili ali jim bodo razkriti osebni podatki;<\/li>\n<li>kadar je mogo\u010de, predvideno obdobje hrambe osebnih podatkov ali, \u010de to ni mogo\u010de, merila, ki se uporabijo za dolo\u010ditev tega obdobja;<\/li>\n<li>obstoj pravice, da se od upravljavca zahteva popravek ali izbris osebnih podatkov ali omejitev obdelave osebnih podatkov v zvezi s posameznikom, na katerega se nana\u0161ajo osebni podatki, ali obstoj pravice do ugovora taki obdelavi;<\/li>\n<li>pravico do vlo\u017eitve prito\u017ebe pri nadzornem organu;<\/li>\n<li>kadar osebni podatki niso zbrani pri posamezniku, na katerega se ti nana\u0161ajo, vse razpolo\u017eljive informacije v zvezi z njihovim virom.<\/li>\n<\/ul>\n<p>&nbsp;<\/p>\n<p>Upravljalec osebnih podatkov zagotovi kopijo osebnih podatkov, ki se obdelujejo. Za dodatne kopije, ki jih zahteva posameznik, na katerega se nana\u0161ajo osebni podatki, lahko upravljavec zara\u010duna razumno pristojbino ob upo\u0161tevanju upravnih stro\u0161kov. Kadar posameznik, na katerega se nana\u0161ajo osebni podatki, zahtevo predlo\u017ei z elektronskimi sredstvi, in \u010de posameznik, na katerega se nana\u0161ajo osebni podatki, ne zahteva druga\u010de, se informacije zagotovijo v elektronski obliki, ki je splo\u0161no uporabljana.<\/p>\n<p>&nbsp;<\/p>\n<ol start=\"9\">\n<li>Posameznik, na katerega se nana\u0161ajo osebni podatki, ima pravico dose\u010di, da upravljavec osebnih podatkov brez nepotrebnega odla\u0161anja popravi neto\u010dne osebne podatke v zvezi z njim. Posameznik, na katerega se nana\u0161ajo osebni podatki, ima ob upo\u0161tevanju namenov obdelave, pravico do dopolnitve nepopolnih osebnih podatkov, vklju\u010dno s predlo\u017eitvijo dopolnilne izjave.<\/li>\n<\/ol>\n<p>&nbsp;<\/p>\n<ol start=\"10\">\n<li>Posameznik, na katerega se nana\u0161ajo osebni podatki, ima pravico dose\u010di, da upravljavec osebnih podatkov brez nepotrebnega odla\u0161anja izbri\u0161e osebne podatke v zvezi z njim, upravljavec osebnih podatkov pa se zave\u017ee osebne podatke brez nepotrebnega odla\u0161anja izbrisati, kadar velja eden od naslednjih razlogov:<\/li>\n<\/ol>\n<p>&nbsp;<\/p>\n<ul>\n<li>osebni podatki niso ve\u010d potrebni v namene, za katere so bili zbrani ali kako druga\u010de obdelani;<\/li>\n<li>posameznik, na katerega se nana\u0161ajo osebni podatki, prekli\u010de privolitev;<\/li>\n<li>posameznik, na katerega se nana\u0161ajo osebni podatki, obdelavi ugovarja v skladu <em>s \u010dlenom 21(1) Splo\u0161ne uredbe o varstvu osebnih podatkov<\/em>, za njihovo obdelavo pa ne obstajajo nobeni prevladujo\u010di zakoniti razlogi, ali pa posameznik, na katerega se nana\u0161ajo osebni podatki, obdelavi ugovarja v skladu <em>s \u010dlenom 21(2)<\/em> <em>Splo\u0161ne uredbe o varstvu osebnih podatkov<\/em>;<\/li>\n<li>osebni podatki so bili obdelani nezakonito;<\/li>\n<li>osebne podatke je treba izbrisati za izpolnitev pravne obveznosti v skladu s pravom Unije ali pravom dr\u017eave \u010dlanice, ki velja za upravljavca osebnih podatkov.<\/li>\n<\/ul>\n<p>&nbsp;<\/p>\n<ol start=\"11\">\n<li>Posameznik, na katerega se nana\u0161ajo osebni podatki, ima pravico dose\u010di, da upravljavec omeji obdelavo, kadar velja en od naslednjih primerov:<\/li>\n<\/ol>\n<p>&nbsp;<\/p>\n<ul>\n<li>posameznik, na katerega se nana\u0161ajo osebni podatki, oporeka to\u010dnosti podatkov, in sicer za obdobje, ki upravljavcu osebnih podatkov omogo\u010da preveriti to\u010dnost osebnih podatkov;<\/li>\n<li>je obdelava nezakonita in posameznik, na katerega se nana\u0161ajo osebni podatki, nasprotuje izbrisu osebnih podatkov ter namesto tega zahteva omejitev njihove uporabe<\/li>\n<li>upravljavec osebnih podatkov ne potrebuje ve\u010d za namene obdelave, temve\u010d jih posameznik, na katerega se nana\u0161ajo osebni podatki, potrebuje za uveljavljanje, izvajanje ali obrambo pravnih zahtevkov;<\/li>\n<li>je posameznik, na katerega se nana\u0161ajo osebni podatki, vlo\u017eil ugovor v zvezi z obdelavo v skladu s \u010dlenom <em>21(1) Splo\u0161ne uredbe o varstvu osebnih podatkov<\/em>, dokler se ne preveri, ali zakoniti razlogi upravljavca prevladajo nad razlogi posameznika, na katerega se nana\u0161ajo osebni podatki.<\/li>\n<\/ul>\n<p>&nbsp;<\/p>\n<ol start=\"12\">\n<li>Posameznik, na katerega se nana\u0161ajo osebni podatki, ima pravico, da prejme osebne podatke v zvezi z njim, ki jih je posedoval upravljavcu osebnih podatkov, v strukturirani, splo\u0161no uporabljani in strojno berljivi obliki, in pravico, da te podatke posreduje drugemu upravljavcu, ne da bi ga upravljavec, ki so mu bili osebni podatki zagotovljeni, pri tem oviral, kadar:<\/li>\n<\/ol>\n<p>&nbsp;<\/p>\n<ul>\n<li>obdelava temelji na izrecni privolitvi posameznika, in<\/li>\n<li>se obdelava izvaja z avtomatiziranimi sredstvi.<\/li>\n<\/ul>\n<p>&nbsp;<\/p>\n<p>Pri uresni\u010devanju pravice do prenosljivosti podatkov v skladu z zgornjim odstavkom ima posameznik, na katerega se nana\u0161ajo osebni podatki, pravico, da se osebni podatki neposredno prenesejo od enega upravljavca osebnih podatkov k drugemu, kadar je to tehni\u010dno izvedljivo.<\/p>\n<p>&nbsp;<\/p>\n<ol start=\"13\">\n<li>Posameznik lahko kadarkoli prekli\u010de izrecno privolitev o obdelavi osebnih podatkov, ne da bi to vplivalo na zakonitost obdelave osebnih podakov, ki se je na podlagi privolitve izvajala do njenega preklica.<\/li>\n<\/ol>\n<p>&nbsp;<\/p>\n<ol start=\"14\">\n<li>Posameznik ima pravico do vlo\u017eitve prito\u017ebe Informacijskemu poobla\u0161\u010dencu, Dunajska cesta 22, 1000 Ljubljana, e-naslov: <a href=\"mailto:gp.ip@ip-rs-si\">gp.ip@ip-rs-si<\/a> telefon: 01 23 09 730, spletna stran: <a href=\"http:\/\/www.ip-rs.si\/\">www.ip-rs.si<\/a><\/li>\n<\/ol>\n<p>&nbsp;<\/p>\n<ol start=\"15\">\n<li>Zagotovitev osebnih podatkov ni zakonska ali pogodbena obveznost. Posameznik ni dol\u017ean zagotoviti osebnih podatkov.<\/li>\n<\/ol>\n<p>&nbsp;<\/p>\n<ol start=\"16\">\n<li>Upravljalec osebnih podatkov <strong>ne uporablja sistema za avtomatizirano sprejemanje odlo\u010ditev<\/strong> na podlagi prejetih osebnih podatkov. Upravljalec osebnih podatkov na podlagi prejetih podakov <strong>ne oblikuje profilov.<\/strong><\/li>\n<\/ol>\n<h3><strong>2. Politika pi\u0161kotkov<\/strong><\/h3>\n<p>Naslov na\u0161e spletne strani je: http:\/\/alpha-credo.com\/<\/p>\n<p>ALPHA CREDO d.o.o.<\/p>\n<p>Dunajska cesta 159,\u00a0Ljubljana,\u00a01000\u00a0Ljubljana<\/p>\n<p>Dav\u010dni zavezanec: NE<\/p>\n<h3>Katere osebne podatke zbiramo in zakaj? \u2013 Preko pi\u0161kotkov<\/h3>\n<h4>Statistika<\/h4>\n<p>Google Analytics<br \/>\nNa spletni strani uporabljamo servis Google Analytics za vodenje statistike obiska.<\/p>\n<p>&nbsp;<\/p>\n<h3>S kom delimo va\u0161e osebne podatke?<\/h3>\n<p>Spletna stran deli va\u0161e podatke o obisku samo s servisom Google Analytics. Alpha-credo.si ne deli nobenih drugih podatkov s tretjo osebo.<\/p>\n<h2><\/h2>\n<h3>Kako dolgo shranjujemo va\u0161e podatke?<\/h3>\n<p>Sami va\u0161ih podatkov ne zbiramo. Va\u0161i podatki se hranijo samo v Google Analyticsu, ki jih zbri\u0161e po dolo\u010denem \u010dasu glede na njihove pravilnike.<\/p>\n<h2><\/h2>\n<h3>Katere pravice imate glede va\u0161ih podatkov?<\/h3>\n<p>Ker na na\u0161i spletni strani ne shranjujemo va\u0161ih osebnih podatkov ni nobene mo\u017enosti, da bi va\u0161 osebni podatek nekdo zlorabil.<\/p>\n<h2><\/h2>\n<h3>Kako varujemo va\u0161e podatke?<\/h3>\n<p>Va\u0161e podatki so obdelani preko varnega stre\u017enika, ki gostuje pri ponudniku gostovanja webicom.net. Ne mi ne ponudnik gostoavanja ne shranjuje nobenih va\u0161ih osebnih podatkov.<\/p>\n<h3><\/h3>\n<h3>Kaj so pi\u0161kotki?<\/h3>\n<p>Pi\u0161kotki so majhne tekstovne datoteke, ki se shranijo na va\u0161 ra\u010dunalnik ob obisku na\u0161ega spletnega mesta in ne \u0161kodijo va\u0161i strojni ali programski opremi.\u00a0Njihovo shranjevanje je pod popolnim nadzorom brskalnika, ki ga ima uporabnik \u2013 ta lahko\u00a0<strong>shranjevanje pi\u0161kotkov po \u017eelji omeji ali onemogo\u010di<\/strong>. Pi\u0161kotki\u00a0niso \u0161kodljivi\u00a0in\u00a0so vedno \u010dasovno omejeni.<\/p>\n<p>Uporabo pi\u0161kotkov v Evropski uniji (EU) dolo\u010da\u00a0<a href=\"https:\/\/eur-lex.europa.eu\/LexUriServ\/LexUriServ.do?uri=CELEX:32002L0058:sl:HTML\">Direktiva o zasebnosti in elektronskih komunikacijah 2002\/58\/ES<\/a>, katere \u010dlen, ki se nana\u0161a na pi\u0161kotke in podobne tehnologije, je bil spremenjen z Direktivo 136\/2009.<\/p>\n<p>V slovenski zakonodaji uporabo pi\u0161kotkov dolo\u010da\u00a0<a href=\"https:\/\/www.uradni-list.si\/1\/content?id=111442\">Zakon o elektronskih komunikacijah oziroma ZEKom-1 (Uradni list \u0161t. 109\/2012)<\/a>, katerega \u010dlen 157 predstavlja pravno osnovo za skrb za zasebnost uporabnikov spleta.<\/p>\n<h3><\/h3>\n<h3>Zakaj so pi\u0161kotki potrebni?<\/h3>\n<p>So temeljnega pomena za\u00a0zagotavljanje uporabniku prijaznih spletnih storitev. Interakcija med spletnim uporabnikom in spletnim mestom je s pomo\u010djo pi\u0161kotkov hitrej\u0161a in enostavnej\u0161a. Z njihovo pomo\u010djo si spletno mesto zapomni posameznikove preference in izku\u0161nje, s tem je prihranjen \u010das, brskanje po spletnih mestih pa bolj u\u010dinkovito in prijazno.<\/p>\n<p>Spletna stran vsakemu uporabniku ob za\u010detku vsakokratne uporabe spletne strani dodeli pi\u0161kotek za identifikacijo, spremljanje nakupovalne ko\u0161arice in zagotavljanje sledljivosti (t.i. \u201ccookie\u201d), ki se v pomnilniku stre\u017enika shranjuje le za \u010das trajanja obiska spletne strani in se izbri\u0161e po eni uri neaktivnosti. Trgovec lahko na osebni ra\u010dunalnik uporabnika shrani tudi nekatere trajne pi\u0161kotke, kot npr. identifikacijska \u0161tevilka uporabnika v \u0161ifrirani obliki za prepoznavanje ob naslednjem obisku spletne strani, , posredno pa tudi pi\u0161kotke zunanje storitve Google Analytics, ki slu\u017eijo analizi obiskov spletnega mesta. Lasstnik spletne strani lahko te podatke v anonimizirani sumarni obliki uporabi za namene statisti\u010dnih analiz.<\/p>\n<h3><\/h3>\n<h3>Nekaj \u00a0primerov uporabe pi\u0161kotkov:<\/h3>\n<div class=\"well\">\n<ul class=\"unstyled\">\n<li><strong>za bolj\u0161o uporabni\u0161ko izku\u0161njo<\/strong>\u00a0spletne strani obiskovalcem prilagodimo prikaz vsebine glede na pretekle obiske<\/li>\n<li>za\u00a0<strong>shranjevanje izbire<\/strong>\u00a0pri ustvarjanju o\u017ejega izbora naprav in ponudbe ter njihove primerjave<\/li>\n<li>za prepoznavanje va\u0161e naprave (ra\u010dunalnik, tablica, mobitel), ki omogo\u010da\u00a0<strong>prilagajanje prikaza vsebine va\u0161i napravi<\/strong><\/li>\n<li>za\u00a0<strong>spremljanje obiska<\/strong>, kar omogo\u010da preverjanje u\u010dinkovitosti prikaza vsebin in ustreznosti oglasov ter stalno izbolj\u0161avo spletnih strani<\/li>\n<li><strong>za delovanje dolo\u010denih storitev so nujni<\/strong>\u00a0(npr. spletne banke, spletne trgovine in druge oblike e-poslovanja, \u2026)<\/li>\n<\/ul>\n<h3><\/h3>\n<h3>Onemogo\u010danje pi\u0161kotkov<\/h3>\n<p>Vi odlo\u010dite, ali boste dovolili shranjevanje pi\u0161kotkov na va\u0161i napravi. Nastavitve za pi\u0161kotke lahko nadzirate in spreminjate v va\u0161em spletnem brskalniku.<\/p>\n<p>Za informacije o nastavitvah za pi\u0161kotke izberite spletni brskalnik, ki ga uporabljate.<\/p>\n<ul>\n<li><a href=\"https:\/\/support.google.com\/chrome\/answer\/95647?hl=sl-sl&amp;p=cpn_cookies\" target=\"_blank\" rel=\"noopener noreferrer\">Chrome<\/a><\/li>\n<li><a href=\"https:\/\/support.mozilla.org\/sl\/kb\/Kako%20aktivirate%20in%20deaktivirate%20pi%C5%A1kote\" target=\"_blank\" rel=\"noopener noreferrer\">Firefox<\/a><\/li>\n<li><a href=\"https:\/\/www.opera.com\/help\/tutorials\/security\/cookies\/\" target=\"_blank\" rel=\"noopener noreferrer\">Opera<\/a><\/li>\n<li><a href=\"https:\/\/windows.microsoft.com\/sl-si\/windows7\/how-to-manage-cookies-in-internet-explorer-9\" target=\"_blank\" rel=\"noopener noreferrer\">Internet Explorer 9<\/a><\/li>\n<li><a href=\"https:\/\/windows.microsoft.com\/sl-si\/windows-vista\/block-or-allow-cookies\" target=\"_blank\" rel=\"noopener noreferrer\">Internet Explorer 7 in 8<\/a><\/li>\n<li><a href=\"https:\/\/support.apple.com\/kb\/PH11913\" target=\"_blank\" rel=\"noopener noreferrer\">Safari<\/a><\/li>\n<\/ul>\n<p>\u010ce spremenite ali izbri\u0161ete brskalnikovo datoteko s pi\u0161kotki, spremenite ali nagradite va\u0161 brskalnik ali napravo, boste morda morali ponovno onemogo\u010diti pi\u0161kotke. Postopek za upravljanje in brisanje pi\u0161kotkov se razlikuje od brskalnika do brskalnika. \u010ce pri tem potrebujete pomo\u010d, lahko pogledate v brskalnikovi pomo\u010di uporabnikom. Sledenju Google Analytics lahko onemogo\u010dite tudi na naslednji\u00a0<a href=\"https:\/\/tools.google.com\/dlpage\/gaoptout\" target=\"_blank\" rel=\"noopener noreferrer\">povezavi<\/a>.<\/p>\n<p>Zadnja verzija obvestila: 16.08.2021<\/p>\n<\/div>\n","protected":false},"excerpt":{"rendered":"<p>1. Obvestilo posameznikom po 13. \u010dlenu Splo\u0161ne uredbe o varstvu podatkov (GDPR) glede obdelave osebnih podatkov oddanih na spletni strani upravljalca ALPHA CREDO D.O.O. Upravljalec osebnih podatkov je podjetje ALPHA CREDO d.o.o., Dunajska cesta 159, 1000 Ljubljana, Slovenija, D\u0160: 22570926 (v nadaljevanju: upravljalec osebnih podatkov). &nbsp; Upravljalec osebnih podakov nima imenovane poobla\u0161\u010dene osebe za varstvo [&hellip;]<\/p>\n","protected":false},"author":1,"featured_media":0,"parent":0,"menu_order":0,"comment_status":"closed","ping_status":"closed","template":"","meta":[],"yoast_head":"<!-- This site is optimized with the Yoast SEO plugin v20.9 - https:\/\/yoast.com\/wordpress\/plugins\/seo\/ -->\n<title>Varovanje osebnih podatkov in piskotki - Alpha Credo<\/title>\n<meta name=\"robots\" content=\"index, follow, max-snippet:-1, max-image-preview:large, max-video-preview:-1\" \/>\n<link rel=\"canonical\" href=\"https:\/\/alpha-credo.com\/sl\/varovanje-osebnih-podatkov-piskotki\/\" \/>\n<meta property=\"og:locale\" content=\"sl_SI\" \/>\n<meta property=\"og:type\" content=\"article\" \/>\n<meta property=\"og:title\" content=\"Varovanje osebnih podatkov in piskotki - Alpha Credo\" \/>\n<meta property=\"og:description\" content=\"1. Obvestilo posameznikom po 13. \u010dlenu Splo\u0161ne uredbe o varstvu podatkov (GDPR) glede obdelave osebnih podatkov oddanih na spletni strani upravljalca ALPHA CREDO D.O.O. Upravljalec osebnih podatkov je podjetje ALPHA CREDO d.o.o., Dunajska cesta 159, 1000 Ljubljana, Slovenija, D\u0160: 22570926 (v nadaljevanju: upravljalec osebnih podatkov). &nbsp; Upravljalec osebnih podakov nima imenovane poobla\u0161\u010dene osebe za varstvo [&hellip;]\" \/>\n<meta property=\"og:url\" content=\"https:\/\/alpha-credo.com\/sl\/varovanje-osebnih-podatkov-piskotki\/\" \/>\n<meta property=\"og:site_name\" content=\"Alpha Credo\" \/>\n<meta property=\"article:modified_time\" content=\"2021-08-16T15:12:35+00:00\" \/>\n<meta name=\"twitter:card\" content=\"summary_large_image\" \/>\n<meta name=\"twitter:label1\" content=\"Est. reading time\" \/>\n\t<meta name=\"twitter:data1\" content=\"9 minut\" \/>\n<script type=\"application\/ld+json\" class=\"yoast-schema-graph\">{\"@context\":\"https:\/\/schema.org\",\"@graph\":[{\"@type\":\"WebPage\",\"@id\":\"https:\/\/alpha-credo.com\/sl\/varovanje-osebnih-podatkov-piskotki\/\",\"url\":\"https:\/\/alpha-credo.com\/sl\/varovanje-osebnih-podatkov-piskotki\/\",\"name\":\"Varovanje osebnih podatkov in piskotki - Alpha Credo\",\"isPartOf\":{\"@id\":\"https:\/\/alpha-credo.com\/sl\/#website\"},\"datePublished\":\"2018-05-21T12:07:15+00:00\",\"dateModified\":\"2021-08-16T15:12:35+00:00\",\"breadcrumb\":{\"@id\":\"https:\/\/alpha-credo.com\/sl\/varovanje-osebnih-podatkov-piskotki\/#breadcrumb\"},\"inLanguage\":\"sl-SI\",\"potentialAction\":[{\"@type\":\"ReadAction\",\"target\":[\"https:\/\/alpha-credo.com\/sl\/varovanje-osebnih-podatkov-piskotki\/\"]}]},{\"@type\":\"BreadcrumbList\",\"@id\":\"https:\/\/alpha-credo.com\/sl\/varovanje-osebnih-podatkov-piskotki\/#breadcrumb\",\"itemListElement\":[{\"@type\":\"ListItem\",\"position\":1,\"name\":\"Home\",\"item\":\"https:\/\/alpha-credo.com\/sl\/\"},{\"@type\":\"ListItem\",\"position\":2,\"name\":\"Varovanje osebnih podatkov in piskotki\"}]},{\"@type\":\"WebSite\",\"@id\":\"https:\/\/alpha-credo.com\/sl\/#website\",\"url\":\"https:\/\/alpha-credo.com\/sl\/\",\"name\":\"Alpha Credo\",\"description\":\"Zavarovalno posredni\u0161ka dru\u017eba\/Insurance Brokerage\",\"potentialAction\":[{\"@type\":\"SearchAction\",\"target\":{\"@type\":\"EntryPoint\",\"urlTemplate\":\"https:\/\/alpha-credo.com\/sl\/?s={search_term_string}\"},\"query-input\":\"required name=search_term_string\"}],\"inLanguage\":\"sl-SI\"}]}<\/script>\n<!-- \/ Yoast SEO plugin. -->","yoast_head_json":{"title":"Varovanje osebnih podatkov in piskotki - Alpha Credo","robots":{"index":"index","follow":"follow","max-snippet":"max-snippet:-1","max-image-preview":"max-image-preview:large","max-video-preview":"max-video-preview:-1"},"canonical":"https:\/\/alpha-credo.com\/sl\/varovanje-osebnih-podatkov-piskotki\/","og_locale":"sl_SI","og_type":"article","og_title":"Varovanje osebnih podatkov in piskotki - Alpha Credo","og_description":"1. Obvestilo posameznikom po 13. \u010dlenu Splo\u0161ne uredbe o varstvu podatkov (GDPR) glede obdelave osebnih podatkov oddanih na spletni strani upravljalca ALPHA CREDO D.O.O. Upravljalec osebnih podatkov je podjetje ALPHA CREDO d.o.o., Dunajska cesta 159, 1000 Ljubljana, Slovenija, D\u0160: 22570926 (v nadaljevanju: upravljalec osebnih podatkov). &nbsp; Upravljalec osebnih podakov nima imenovane poobla\u0161\u010dene osebe za varstvo [&hellip;]","og_url":"https:\/\/alpha-credo.com\/sl\/varovanje-osebnih-podatkov-piskotki\/","og_site_name":"Alpha Credo","article_modified_time":"2021-08-16T15:12:35+00:00","twitter_card":"summary_large_image","twitter_misc":{"Est. reading time":"9 minut"},"schema":{"@context":"https:\/\/schema.org","@graph":[{"@type":"WebPage","@id":"https:\/\/alpha-credo.com\/sl\/varovanje-osebnih-podatkov-piskotki\/","url":"https:\/\/alpha-credo.com\/sl\/varovanje-osebnih-podatkov-piskotki\/","name":"Varovanje osebnih podatkov in piskotki - Alpha Credo","isPartOf":{"@id":"https:\/\/alpha-credo.com\/sl\/#website"},"datePublished":"2018-05-21T12:07:15+00:00","dateModified":"2021-08-16T15:12:35+00:00","breadcrumb":{"@id":"https:\/\/alpha-credo.com\/sl\/varovanje-osebnih-podatkov-piskotki\/#breadcrumb"},"inLanguage":"sl-SI","potentialAction":[{"@type":"ReadAction","target":["https:\/\/alpha-credo.com\/sl\/varovanje-osebnih-podatkov-piskotki\/"]}]},{"@type":"BreadcrumbList","@id":"https:\/\/alpha-credo.com\/sl\/varovanje-osebnih-podatkov-piskotki\/#breadcrumb","itemListElement":[{"@type":"ListItem","position":1,"name":"Home","item":"https:\/\/alpha-credo.com\/sl\/"},{"@type":"ListItem","position":2,"name":"Varovanje osebnih podatkov in piskotki"}]},{"@type":"WebSite","@id":"https:\/\/alpha-credo.com\/sl\/#website","url":"https:\/\/alpha-credo.com\/sl\/","name":"Alpha Credo","description":"Zavarovalno posredni\u0161ka dru\u017eba\/Insurance Brokerage","potentialAction":[{"@type":"SearchAction","target":{"@type":"EntryPoint","urlTemplate":"https:\/\/alpha-credo.com\/sl\/?s={search_term_string}"},"query-input":"required name=search_term_string"}],"inLanguage":"sl-SI"}]}},"_links":{"self":[{"href":"https:\/\/alpha-credo.com\/sl\/wp-json\/wp\/v2\/pages\/1063"}],"collection":[{"href":"https:\/\/alpha-credo.com\/sl\/wp-json\/wp\/v2\/pages"}],"about":[{"href":"https:\/\/alpha-credo.com\/sl\/wp-json\/wp\/v2\/types\/page"}],"author":[{"embeddable":true,"href":"https:\/\/alpha-credo.com\/sl\/wp-json\/wp\/v2\/users\/1"}],"replies":[{"embeddable":true,"href":"https:\/\/alpha-credo.com\/sl\/wp-json\/wp\/v2\/comments?post=1063"}],"version-history":[{"count":4,"href":"https:\/\/alpha-credo.com\/sl\/wp-json\/wp\/v2\/pages\/1063\/revisions"}],"predecessor-version":[{"id":3466,"href":"https:\/\/alpha-credo.com\/sl\/wp-json\/wp\/v2\/pages\/1063\/revisions\/3466"}],"wp:attachment":[{"href":"https:\/\/alpha-credo.com\/sl\/wp-json\/wp\/v2\/media?parent=1063"}],"curies":[{"name":"wp","href":"https:\/\/api.w.org\/{rel}","templated":true}]}}