{"id":2082,"date":"2020-05-15T09:17:02","date_gmt":"2020-05-15T07:17:02","guid":{"rendered":"http:\/\/alpha-credo.com\/?page_id=2082"},"modified":"2022-06-29T08:24:18","modified_gmt":"2022-06-29T06:24:18","slug":"register-zavarovalnih-posrednikov","status":"publish","type":"page","link":"https:\/\/alpha-credo.com\/sl\/register-zavarovalnih-posrednikov\/","title":{"rendered":"Register zavarovalnih posrednikov"},"content":{"rendered":"<div class=\"fusion-fullwidth fullwidth-box fusion-builder-row-1 nonhundred-percent-fullwidth non-hundred-percent-height-scrolling\" style=\"--awb-border-radius-top-left:0px;--awb-border-radius-top-right:0px;--awb-border-radius-bottom-right:0px;--awb-border-radius-bottom-left:0px;--awb-background-color:#0082c8;--awb-flex-wrap:wrap;\" ><div class=\"fusion-builder-row fusion-row\"><div class=\"fusion-layout-column fusion_builder_column fusion-builder-column-0 fusion_builder_column_1_1 1_1 fusion-one-full fusion-column-first fusion-column-last\" style=\"--awb-padding-top:20px;--awb-padding-bottom:8px;--awb-bg-size:cover;--awb-margin-bottom:0px;\"><div class=\"fusion-column-wrapper fusion-flex-column-wrapper-legacy\"><div class=\"fusion-text fusion-text-1\"><p><span style=\"color: #ffffff; font-size: 36px;\">Register zavarovalnih posrednikov<\/span><\/p>\n<\/div><div class=\"fusion-clearfix\"><\/div><\/div><\/div><\/div><\/div><div class=\"fusion-fullwidth fullwidth-box fusion-builder-row-2 nonhundred-percent-fullwidth non-hundred-percent-height-scrolling\" style=\"--awb-border-radius-top-left:0px;--awb-border-radius-top-right:0px;--awb-border-radius-bottom-right:0px;--awb-border-radius-bottom-left:0px;--awb-flex-wrap:wrap;\" ><div class=\"fusion-builder-row fusion-row\"><div class=\"fusion-layout-column fusion_builder_column fusion-builder-column-1 fusion_builder_column_1_1 1_1 fusion-one-full fusion-column-first fusion-column-last\" style=\"--awb-padding-top:25px;--awb-bg-size:cover;--awb-margin-bottom:0px;\"><div class=\"fusion-column-wrapper fusion-flex-column-wrapper-legacy\"><div class=\"fusion-column-content-centered\"><div class=\"fusion-column-content\"><div class=\"fusion-text fusion-text-2\"><p>datum: 29.06.2022<\/p>\n<h3>Register zavarovalnih posrednikov<\/h3>\n<p>Ta register zavarovalnih posrednikov se vodi na podlagi tretjega odstavka 562. \u010dlena Zakona o zavarovalni\u0161tvu (ZZavar-1)<\/p>\n<\/div>\n<div class=\"table-1\">\n<table width=\"100%\">\n<thead>\n<tr>\n<th style=\"background-color: #0082c8; font-size: 12px; color: white; text-align: center;\" width=\"20%\">Ime in Priimek<\/th>\n<th style=\"background-color: #0082c8; font-size: 12px; color: white; text-align: center;\">Naslov stalnega prebivali\u0161\u010da (ulica, hi\u0161na \u0161tevilka, kraj, po\u0161tna \u0161tevilka, \u0161ifra ob\u010dine, ob\u010dina, \u0161ifra dr\u017eave, dr\u017eava)<\/th>\n<th style=\"background-color: #0082c8; font-size: 12px; color: white; text-align: center;\" width=\"30%\">Datum in \u0161tevilka izdanega dovoljenja AZN za opravljanje poslov zavarovalnega posredovanja<\/th>\n<th style=\"background-color: #0082c8; font-size: 12px; color: white; text-align: center;\" align=\"center\">Seznam dr\u017eav \u010dlanic, v katerih lahko zavarovalni posrednik opravlja posle zavarovalnega posredovanja<\/th>\n<th style=\"background-color: #0082c8; font-size: 12px; color: white; text-align: center;\" align=\"center\">Omejitev pooblastil zavarovalnega posrednika,<\/th>\n<th style=\"background-color: #0082c8; font-size: 12px; color: white; text-align: center;\" align=\"center\">Datum zaposlitve oz. datum sklenitve pogodbe o zavarovalnem posredovanju<\/th>\n<\/tr>\n<\/thead>\n<tbody>\n<tr>\n<td align=\"center\">Janez Jelov\u0161ek<\/td>\n<td align=\"center\"><\/td>\n<td align=\"center\">04.06.2013, 40110-0969\/2013-4<\/td>\n<td align=\"center\">EU<\/td>\n<td align=\"center\">brez omejitev<\/td>\n<td align=\"center\">10.06.2013<\/td>\n<\/tr>\n<tr>\n<td align=\"center\">dr. Ale\u0161 Berk Skok<\/td>\n<td align=\"center\"><\/td>\n<td align=\"center\">29.05.2014, 40110-0945\/2014-4<\/td>\n<td align=\"center\">EU<\/td>\n<td align=\"center\">brez omejitev<\/td>\n<td align=\"center\">02.06.2014<\/td>\n<\/tr>\n<tr>\n<td style=\"text-align: center;\" align=\"center\">Leon Zalar<\/td>\n<td style=\"text-align: center;\" align=\"center\"><\/td>\n<td style=\"text-align: center;\" align=\"center\">25.01.2018, 40110-9\/2018-2<\/td>\n<td style=\"text-align: center;\" align=\"center\">EU<\/td>\n<td style=\"text-align: center;\" align=\"center\">brez omejitev<\/td>\n<td style=\"text-align: center;\" align=\"center\">01.04.2017<\/td>\n<\/tr>\n<tr>\n<td style=\"text-align: center;\" align=\"left\">Alja\u017e \u0160tahl<\/td>\n<td align=\"left\"><\/td>\n<td style=\"text-align: center;\" align=\"left\">22.06.2022, 40110-212\/2022-2<\/td>\n<td style=\"text-align: center;\" align=\"left\">EU<\/td>\n<td style=\"text-align: center;\" align=\"left\">brez omejitev<\/td>\n<td style=\"text-align: center;\" align=\"left\">29.10.2019<\/td>\n<\/tr>\n<\/tbody>\n<\/table>\n<\/div>\n<\/div><\/div><div class=\"fusion-clearfix\"><\/div><\/div><\/div><\/div><\/div><div class=\"fusion-fullwidth fullwidth-box fusion-builder-row-3 nonhundred-percent-fullwidth non-hundred-percent-height-scrolling\" style=\"--awb-border-radius-top-left:0px;--awb-border-radius-top-right:0px;--awb-border-radius-bottom-right:0px;--awb-border-radius-bottom-left:0px;--awb-padding-top:0px;--awb-margin-top:30px;--awb-margin-bottom:30px;--awb-flex-wrap:wrap;\" ><div class=\"fusion-builder-row fusion-row\"><div class=\"fusion-layout-column fusion_builder_column fusion-builder-column-2 fusion_builder_column_1_1 1_1 fusion-one-full fusion-column-first fusion-column-last\" style=\"--awb-bg-size:cover;--awb-margin-bottom:0px;\"><div class=\"fusion-column-wrapper fusion-flex-column-wrapper-legacy\"><div class=\"fusion-clearfix\"><\/div><\/div><\/div><div class=\"fusion-layout-column fusion_builder_column fusion-builder-column-3 fusion_builder_column_1_1 1_1 fusion-one-full fusion-column-first fusion-column-last\" style=\"--awb-padding-bottom:6px;--awb-bg-size:cover;--awb-margin-bottom:3px;\"><div class=\"fusion-column-wrapper fusion-flex-column-wrapper-legacy\"><div class=\"fusion-text fusion-text-3\"><h3>Register pomo\u017enih zavarovalnih posrednikov<\/h3>\n<p>Ta register pomo\u017enih zavarovalnih posrednikov se smiselno vodi na podlagi drugega odstavka 561. \u010dlena Zakona o zavarovalni\u0161tvu (ZZavar-1)<\/p>\n<\/div>\n<div class=\"table-1\">\n<table width=\"100%\">\n<thead>\n<tr>\n<th style=\"background-color: #0082c8; font-size: 12px; color: white; text-align: center;\" width=\"20%\">Ime in Priimek<\/th>\n<th style=\"background-color: #0082c8; font-size: 12px; color: white; text-align: center;\">Naslov stalnega prebivali\u0161\u010da (ulica, hi\u0161na \u0161tevilka, kraj, po\u0161tna \u0161tevilka, \u0161ifra ob\u010dine, ob\u010dina, \u0161ifra dr\u017eave, dr\u017eava)<\/th>\n<th style=\"background-color: #0082c8; font-size: 12px; color: white; text-align: center;\">Datum zaposlitve oz. datum sklenitve pogodbe o pomo\u017enem zavarovalnem posredovanju<\/th>\n<th style=\"background-color: #0082c8; font-size: 12px; color: white; text-align: center;\" align=\"center\"><\/th>\n<th style=\"background-color: #0082c8; font-size: 12px; color: white; text-align: center;\" align=\"center\" width=\"20%\">Podatki o mentroju (ime in priimek)<\/th>\n<th style=\"background-color: #0082c8; font-size: 12px; color: white; text-align: center;\" align=\"center\" width=\"30%\">Podatki o mentroju (datum in \u0161tevilka izdanega dovoljenja AZN za opravljanje poslov zavarovalnega posredovanja)<\/th>\n<\/tr>\n<\/thead>\n<tbody>\n<tr>\n<td align=\"center\">Andrejka Jelov\u0161ek<\/td>\n<td align=\"center\"><\/td>\n<td align=\"center\">10.04.2020<\/td>\n<td align=\"center\"><span style=\"color: #ffffff;\">EU<\/span><\/td>\n<td align=\"center\">Janez Jelov\u0161ek<\/td>\n<td align=\"center\">04.06.2013, 40110-0969\/2013-4<\/td>\n<\/tr>\n<\/tbody>\n<\/table>\n<\/div>\n<div class=\"fusion-clearfix\"><\/div><\/div><\/div><\/div><\/div><div class=\"fusion-fullwidth fullwidth-box fusion-builder-row-4 nonhundred-percent-fullwidth non-hundred-percent-height-scrolling\" style=\"--awb-border-radius-top-left:0px;--awb-border-radius-top-right:0px;--awb-border-radius-bottom-right:0px;--awb-border-radius-bottom-left:0px;--awb-flex-wrap:wrap;\" ><div class=\"fusion-builder-row fusion-row\"><div class=\"fusion-layout-column fusion_builder_column fusion-builder-column-4 fusion_builder_column_1_1 1_1 fusion-one-full fusion-column-first fusion-column-last\" style=\"--awb-padding-top:25px;--awb-bg-size:cover;\"><div class=\"fusion-column-wrapper fusion-flex-column-wrapper-legacy\"><div class=\"fusion-text fusion-text-4\"><h3>Register pomo\u017enih zavarovalnih posredni\u0161kih dru\u017eb (podizvajalci)<\/h3>\n<p>Ta register pomo\u017enih zavarovalnih posrednikov se smiselno vodi na podlagi drugega odstavka 561. \u010dlena Zakona o zavarovalni\u0161tvu (ZZavar-1)<\/p>\n<\/div>\n<div class=\"table-1\">\n<table width=\"100%\">\n<thead>\n<tr>\n<th style=\"background-color: #0082c8; font-size: 12px; color: white; text-align: center;\">Firma dru\u017ebe oz. podjetnika<\/th>\n<th style=\"background-color: #0082c8; font-size: 12px; color: white; text-align: center;\">Sede\u017e dru\u017ebe (ulica, hi\u0161na \u0161tevilka, kraj, po\u0161tna \u0161tevilka, \u0161ifra ob\u010dine, ob\u010dina, \u0161ifra dr\u017eave, dr\u017eava)<\/th>\n<th style=\"background-color: #0082c8; font-size: 12px; color: white; text-align: center;\">Vodstvo dru\u017ebe (ime in priimek, funkcija)<\/th>\n<th style=\"background-color: #0082c8; font-size: 12px; color: white; text-align: center;\" align=\"center\"><\/th>\n<th style=\"background-color: #0082c8; font-size: 12px; color: white; text-align: center;\" align=\"center\">Datum sklenitve pogodbe o pomo\u017enem zavarovalnem posredovanju zavarovalnega posrednika<\/th>\n<th style=\"background-color: #0082c8; font-size: 12px; color: white; text-align: center;\" align=\"center\">Podatki o mentroju (ime in priimek, datum in \u0161tevilka izdanega dovoljenja AZN za opravljanje poslov zavarovalnega posredovanja)<\/th>\n<\/tr>\n<\/thead>\n<tbody>\n<tr>\n<td align=\"center\">n.p.<\/td>\n<td align=\"center\">n.p.<\/td>\n<td align=\"center\">n.p.<\/td>\n<td align=\"center\"><\/td>\n<td align=\"center\">n.p.<\/td>\n<td align=\"center\">n.p.<\/td>\n<\/tr>\n<\/tbody>\n<\/table>\n<\/div>\n<div class=\"fusion-clearfix\"><\/div><\/div><\/div><div class=\"fusion-layout-column fusion_builder_column fusion-builder-column-5 fusion_builder_column_1_1 1_1 fusion-one-full fusion-column-first fusion-column-last\" style=\"--awb-padding-top:25px;--awb-bg-size:cover;\"><div class=\"fusion-column-wrapper fusion-column-has-shadow fusion-flex-column-wrapper-legacy\"><div class=\"fusion-text fusion-text-5\"><p>Podatki v tem registru so javni, Alpha Credo d.o.o. je po sklepu Agencije za zavarovalni nadzor dol\u017ena zagotavljati naslednje:<\/p>\n<p>1. dopustiti vpogled v register v svojih poslovnih prostorih najmanj pet ur tedensko, kar je razporejeno na najmanj tri delovne dni v tednu,<\/p>\n<p>2. izdati izpis podatkov o zahtevanih osebah iz registra, za kar prosilcu zara\u010duna stro\u0161ke,<\/p>\n<p>3. na zahtevo AZN izdati katerikoli izpis iz registra brez obveznosti pla\u010dila stro\u0161kov.<\/p>\n<p>Ostali registri, ki jih vodi Agencija za zavarovalni nadzor so dostopni na spletnih straneh www.a-zn.si.<\/p>\n<\/div><div class=\"fusion-clearfix\"><\/div><\/div><\/div><\/div><\/div><div class=\"fusion-fullwidth fullwidth-box fusion-builder-row-5 fusion-parallax-none nonhundred-percent-fullwidth non-hundred-percent-height-scrolling fusion-equal-height-columns\" style=\"--awb-border-radius-top-left:0px;--awb-border-radius-top-right:0px;--awb-border-radius-bottom-right:0px;--awb-border-radius-bottom-left:0px;--awb-padding-top:110px;--awb-padding-bottom:90px;--awb-margin-top:50px;--awb-margin-bottom:-1px;--awb-background-image:url(&quot;https:\/\/alpha-credo.com\/wp-content\/uploads\/2017\/05\/spoznajtenas-bcg.jpg&quot;);--awb-background-size:cover;--awb-flex-wrap:wrap;\" ><div class=\"fusion-builder-row fusion-row\"><div class=\"fusion-layout-column fusion_builder_column fusion-builder-column-6 fusion_builder_column_1_3 1_3 fusion-one-third fusion-column-first\" style=\"--awb-bg-size:cover;width:33.333333333333%;width:calc(33.333333333333% - ( ( 4% + 4% ) * 0.33333333333333 ) );margin-right: 4%;\"><div class=\"fusion-column-wrapper fusion-flex-column-wrapper-legacy\"><div class=\"fusion-clearfix\"><\/div><\/div><\/div><div class=\"fusion-layout-column fusion_builder_column fusion-builder-column-7 fusion_builder_column_1_3 1_3 fusion-one-third\" style=\"--awb-bg-size:cover;width:33.333333333333%;width:calc(33.333333333333% - ( ( 4% + 4% ) * 0.33333333333333 ) );margin-right: 4%;\"><div class=\"fusion-column-wrapper fusion-flex-column-wrapper-legacy\"><div class=\"fusion-clearfix\"><\/div><\/div><\/div><div class=\"fusion-layout-column fusion_builder_column fusion-builder-column-8 fusion_builder_column_1_3 1_3 fusion-one-third fusion-column-last\" style=\"--awb-bg-size:cover;width:33.333333333333%;width:calc(33.333333333333% - ( ( 4% + 4% ) * 0.33333333333333 ) );\"><div class=\"fusion-column-wrapper fusion-flex-column-wrapper-legacy\"><div class=\"fusion-text fusion-text-6\"><h1 style=\"text-align: center;\"><span style=\"color: #ffffff;\">Spoznajte nas<\/span><\/h1>\n<\/div><div class=\"fusion-aligncenter\"><a class=\"fusion-button button-flat fusion-button-default-size button-custom fusion-button-default button-1 fusion-button-default-span fusion-button-default-type gumb-cta2\" style=\"--button_accent_color:#ffffff;--button_accent_hover_color:#ffffff;--button_border_hover_color:#ffffff;--button_gradient_top_color:#007ac2;--button_gradient_bottom_color:#007ac2;--button_gradient_top_color_hover:#000000;--button_gradient_bottom_color_hover:#000000;\" target=\"_self\" href=\"https:\/\/alpha-credo.com\/sl\/ekipa\/\"><span class=\"fusion-button-text\">EKIPA<\/span><\/a><\/div><div class=\"fusion-clearfix\"><\/div><\/div><\/div><\/div><\/div>\n","protected":false},"excerpt":{"rendered":"","protected":false},"author":1,"featured_media":0,"parent":0,"menu_order":0,"comment_status":"closed","ping_status":"closed","template":"100-width.php","meta":[],"yoast_head":"<!-- This site is optimized with the Yoast SEO plugin v20.9 - https:\/\/yoast.com\/wordpress\/plugins\/seo\/ -->\n<title>Register zavarovalnih posrednikov - Alpha Credo<\/title>\n<meta name=\"robots\" content=\"index, follow, max-snippet:-1, max-image-preview:large, max-video-preview:-1\" \/>\n<link rel=\"canonical\" href=\"https:\/\/alpha-credo.com\/sl\/register-zavarovalnih-posrednikov\/\" \/>\n<meta property=\"og:locale\" content=\"sl_SI\" \/>\n<meta property=\"og:type\" content=\"article\" \/>\n<meta property=\"og:title\" content=\"Register zavarovalnih posrednikov - Alpha Credo\" \/>\n<meta property=\"og:url\" content=\"https:\/\/alpha-credo.com\/sl\/register-zavarovalnih-posrednikov\/\" \/>\n<meta property=\"og:site_name\" content=\"Alpha Credo\" \/>\n<meta property=\"article:modified_time\" content=\"2022-06-29T06:24:18+00:00\" \/>\n<meta name=\"twitter:card\" content=\"summary_large_image\" \/>\n<meta name=\"twitter:label1\" content=\"Est. reading time\" \/>\n\t<meta name=\"twitter:data1\" content=\"10 minut\" \/>\n<script type=\"application\/ld+json\" class=\"yoast-schema-graph\">{\"@context\":\"https:\/\/schema.org\",\"@graph\":[{\"@type\":\"WebPage\",\"@id\":\"https:\/\/alpha-credo.com\/sl\/register-zavarovalnih-posrednikov\/\",\"url\":\"https:\/\/alpha-credo.com\/sl\/register-zavarovalnih-posrednikov\/\",\"name\":\"Register zavarovalnih posrednikov - Alpha Credo\",\"isPartOf\":{\"@id\":\"https:\/\/alpha-credo.com\/sl\/#website\"},\"datePublished\":\"2020-05-15T07:17:02+00:00\",\"dateModified\":\"2022-06-29T06:24:18+00:00\",\"breadcrumb\":{\"@id\":\"https:\/\/alpha-credo.com\/sl\/register-zavarovalnih-posrednikov\/#breadcrumb\"},\"inLanguage\":\"sl-SI\",\"potentialAction\":[{\"@type\":\"ReadAction\",\"target\":[\"https:\/\/alpha-credo.com\/sl\/register-zavarovalnih-posrednikov\/\"]}]},{\"@type\":\"BreadcrumbList\",\"@id\":\"https:\/\/alpha-credo.com\/sl\/register-zavarovalnih-posrednikov\/#breadcrumb\",\"itemListElement\":[{\"@type\":\"ListItem\",\"position\":1,\"name\":\"Home\",\"item\":\"https:\/\/alpha-credo.com\/sl\/\"},{\"@type\":\"ListItem\",\"position\":2,\"name\":\"Register zavarovalnih posrednikov\"}]},{\"@type\":\"WebSite\",\"@id\":\"https:\/\/alpha-credo.com\/sl\/#website\",\"url\":\"https:\/\/alpha-credo.com\/sl\/\",\"name\":\"Alpha Credo\",\"description\":\"Zavarovalno posredni\u0161ka dru\u017eba\/Insurance Brokerage\",\"potentialAction\":[{\"@type\":\"SearchAction\",\"target\":{\"@type\":\"EntryPoint\",\"urlTemplate\":\"https:\/\/alpha-credo.com\/sl\/?s={search_term_string}\"},\"query-input\":\"required name=search_term_string\"}],\"inLanguage\":\"sl-SI\"}]}<\/script>\n<!-- \/ Yoast SEO plugin. -->","yoast_head_json":{"title":"Register zavarovalnih posrednikov - Alpha Credo","robots":{"index":"index","follow":"follow","max-snippet":"max-snippet:-1","max-image-preview":"max-image-preview:large","max-video-preview":"max-video-preview:-1"},"canonical":"https:\/\/alpha-credo.com\/sl\/register-zavarovalnih-posrednikov\/","og_locale":"sl_SI","og_type":"article","og_title":"Register zavarovalnih posrednikov - Alpha Credo","og_url":"https:\/\/alpha-credo.com\/sl\/register-zavarovalnih-posrednikov\/","og_site_name":"Alpha Credo","article_modified_time":"2022-06-29T06:24:18+00:00","twitter_card":"summary_large_image","twitter_misc":{"Est. reading time":"10 minut"},"schema":{"@context":"https:\/\/schema.org","@graph":[{"@type":"WebPage","@id":"https:\/\/alpha-credo.com\/sl\/register-zavarovalnih-posrednikov\/","url":"https:\/\/alpha-credo.com\/sl\/register-zavarovalnih-posrednikov\/","name":"Register zavarovalnih posrednikov - Alpha Credo","isPartOf":{"@id":"https:\/\/alpha-credo.com\/sl\/#website"},"datePublished":"2020-05-15T07:17:02+00:00","dateModified":"2022-06-29T06:24:18+00:00","breadcrumb":{"@id":"https:\/\/alpha-credo.com\/sl\/register-zavarovalnih-posrednikov\/#breadcrumb"},"inLanguage":"sl-SI","potentialAction":[{"@type":"ReadAction","target":["https:\/\/alpha-credo.com\/sl\/register-zavarovalnih-posrednikov\/"]}]},{"@type":"BreadcrumbList","@id":"https:\/\/alpha-credo.com\/sl\/register-zavarovalnih-posrednikov\/#breadcrumb","itemListElement":[{"@type":"ListItem","position":1,"name":"Home","item":"https:\/\/alpha-credo.com\/sl\/"},{"@type":"ListItem","position":2,"name":"Register zavarovalnih posrednikov"}]},{"@type":"WebSite","@id":"https:\/\/alpha-credo.com\/sl\/#website","url":"https:\/\/alpha-credo.com\/sl\/","name":"Alpha Credo","description":"Zavarovalno posredni\u0161ka dru\u017eba\/Insurance Brokerage","potentialAction":[{"@type":"SearchAction","target":{"@type":"EntryPoint","urlTemplate":"https:\/\/alpha-credo.com\/sl\/?s={search_term_string}"},"query-input":"required name=search_term_string"}],"inLanguage":"sl-SI"}]}},"_links":{"self":[{"href":"https:\/\/alpha-credo.com\/sl\/wp-json\/wp\/v2\/pages\/2082"}],"collection":[{"href":"https:\/\/alpha-credo.com\/sl\/wp-json\/wp\/v2\/pages"}],"about":[{"href":"https:\/\/alpha-credo.com\/sl\/wp-json\/wp\/v2\/types\/page"}],"author":[{"embeddable":true,"href":"https:\/\/alpha-credo.com\/sl\/wp-json\/wp\/v2\/users\/1"}],"replies":[{"embeddable":true,"href":"https:\/\/alpha-credo.com\/sl\/wp-json\/wp\/v2\/comments?post=2082"}],"version-history":[{"count":28,"href":"https:\/\/alpha-credo.com\/sl\/wp-json\/wp\/v2\/pages\/2082\/revisions"}],"predecessor-version":[{"id":4100,"href":"https:\/\/alpha-credo.com\/sl\/wp-json\/wp\/v2\/pages\/2082\/revisions\/4100"}],"wp:attachment":[{"href":"https:\/\/alpha-credo.com\/sl\/wp-json\/wp\/v2\/media?parent=2082"}],"curies":[{"name":"wp","href":"https:\/\/api.w.org\/{rel}","templated":true}]}}