{"id":346,"date":"2017-09-11T09:34:40","date_gmt":"2017-09-11T09:34:40","guid":{"rendered":"http:\/\/alpha-credo.com\/?page_id=346"},"modified":"2021-07-13T12:24:38","modified_gmt":"2021-07-13T10:24:38","slug":"kompleksna","status":"publish","type":"page","link":"https:\/\/alpha-credo.com\/sl\/kompleksna\/","title":{"rendered":"Kompleksni programi zavarovanja"},"content":{"rendered":"<div class=\"fusion-fullwidth fullwidth-box fusion-builder-row-1 nonhundred-percent-fullwidth non-hundred-percent-height-scrolling\" style=\"--awb-border-radius-top-left:0px;--awb-border-radius-top-right:0px;--awb-border-radius-bottom-right:0px;--awb-border-radius-bottom-left:0px;--awb-background-color:#0082c8;--awb-flex-wrap:wrap;\" ><div class=\"fusion-builder-row fusion-row\"><div class=\"fusion-layout-column fusion_builder_column fusion-builder-column-0 fusion_builder_column_1_1 1_1 fusion-one-full fusion-column-first fusion-column-last\" style=\"--awb-padding-top:20px;--awb-padding-bottom:8px;--awb-bg-size:cover;--awb-margin-bottom:0px;\"><div class=\"fusion-column-wrapper fusion-flex-column-wrapper-legacy\"><div class=\"fusion-text fusion-text-1\"><p><span style=\"color: #ffffff; font-size: 36px;\">Kompleksni programi zavarovanja<\/span><\/p>\n<\/div><div class=\"fusion-clearfix\"><\/div><\/div><\/div><\/div><\/div><div class=\"fusion-fullwidth fullwidth-box fusion-builder-row-2 nonhundred-percent-fullwidth non-hundred-percent-height-scrolling\" style=\"--awb-border-radius-top-left:0px;--awb-border-radius-top-right:0px;--awb-border-radius-bottom-right:0px;--awb-border-radius-bottom-left:0px;--awb-margin-top:75px;--awb-margin-bottom:50px;--awb-flex-wrap:wrap;\" ><div class=\"fusion-builder-row fusion-row\"><div class=\"fusion-layout-column fusion_builder_column fusion-builder-column-1 fusion_builder_column_1_1 1_1 fusion-one-full fusion-column-first fusion-column-last\" style=\"--awb-bg-size:cover;\"><div class=\"fusion-column-wrapper fusion-flex-column-wrapper-legacy\"><div class=\"fusion-text fusion-text-2\"><p>Na\u0161a analiza se za\u010dne z razumevanjem poslovnega modela stranke. Zelo se namre\u010d zavedamo, da vsaka dejavnost narekuje posebne okoli\u0161\u010dine poslovanja in nadalje, da je na\u0161a stranka lahko specifi\u010dno pozicionirana znotraj nje. Kot zavarovalni posrednik vedno na prvo mesto postavljamo interese na\u0161e stranke in oblikujemo re\u0161itve, ki najbolje ustrezajo njenim potrebam, od postopkov kreditne politike, dobi\u010dkonosnosti, narave odnosa s skupinami kupcev in zelo pomembno &#8211; kapacitete za prevzemanje tveganja ter strankinega dojemanja tveganja.<\/p>\n<p>Z vidika vrst zavarovanja smo ozko specializirani le za kreditna zavarovanja oz. zavarovanje terjatev, smo pa zelo odprti za vse velikostne razrede na\u0161ih strank. Na\u0161o bazo strank sestavljajo tako majhni podjetniki na eni strani velikostnega spektra, kot velike multinationalne dru\u017ebe. Na na\u0161em podro\u010dju ni enotne re\u0161itve, ki bi zadovoljila razli\u010dne potrebe in vedno vlo\u017eimo veliko \u010dasa v optimalno zasnovo programa kreditnega zavarovanja. Na\u0161i programi kreditnega zavarovanja segajo od zelo preprostih, do kompleksnih globalnih programov. Ker je na\u0161a prednost poznavanje organizacije in osredoto\u010denosti razli\u010dnih zavarovalnic, lahko vedno poi\u0161\u010demo optimalno kombinacijo centralno-dogovorjenih globalnih re\u0161itev, ki jih prilagajamo posameznim lokalnim trgom h\u010derinskih dru\u017eb.<\/p>\n<p>Na\u0161i programi zagotavljajo kritje za nedokon\u010dano proizvodnjo, nedobavljeno avansirano blago in tudi pomembne stopnje prostosti za pogajanja v obdobjih, ko se nekaterim kupcem zamaje finan\u010dna stabilnost. Nadalje vklju\u010dujejo ve\u010dnivojsko za\u0161\u010dito s strani razli\u010dnih ponudnikov in mo\u010dno preoblikujejo tveganje na na\u010din, \u0161e sprejemljiv za stranko.<\/p>\n<p>Ponosni smo, da imajo na\u0161e stranke znatne koristi od kombinacije na\u0161ega teoreti\u010dnega znanja in znanj modeliranja, do bogatih prakti\u010dnih izku\u0161enj. Poleg tega da smo ozko specializirani posrednik za zavarovanje terjatev, tudi oblikujemo <em>captive<\/em> sheme in re\u0161ujemo kompleksne izpostavljenosti kreditnemu tveganju na razli\u010dne alternativen na\u010dine. Vabimo vas, da se glede re\u0161itev obrnete na nas.<\/p>\n<p>Stremimo k odli\u010dnosti na\u0161e storitve in gradimo strate\u0161ko partnerstvo z na\u0161imi strankami. Po implementaciji re\u0161itve nenehno spremljamo odmike in po potrebi re\u0161itve prilagajamo. Samo lahko tudi ponudimo u\u010dinkovite postopke za izterjavo dolgov in upravljanje terjatev, ko kupec na\u0161e stranke ne izpolni svojih obveznosti.<\/p>\n<\/div><div class=\"fusion-clearfix\"><\/div><\/div><\/div><\/div><\/div><div class=\"fusion-fullwidth fullwidth-box fusion-builder-row-3 fusion-parallax-none nonhundred-percent-fullwidth non-hundred-percent-height-scrolling fusion-equal-height-columns\" style=\"--awb-border-radius-top-left:0px;--awb-border-radius-top-right:0px;--awb-border-radius-bottom-right:0px;--awb-border-radius-bottom-left:0px;--awb-padding-top:110px;--awb-padding-bottom:90px;--awb-margin-top:50px;--awb-margin-bottom:-1px;--awb-background-image:url(&quot;https:\/\/alpha-credo.com\/wp-content\/uploads\/2017\/05\/spoznajtenas-bcg.jpg&quot;);--awb-background-size:cover;--awb-flex-wrap:wrap;\" ><div class=\"fusion-builder-row fusion-row\"><div class=\"fusion-layout-column fusion_builder_column fusion-builder-column-2 fusion_builder_column_1_3 1_3 fusion-one-third fusion-column-first\" style=\"--awb-bg-size:cover;width:33.333333333333%;width:calc(33.333333333333% - ( ( 4% + 4% ) * 0.33333333333333 ) );margin-right: 4%;\"><div class=\"fusion-column-wrapper fusion-flex-column-wrapper-legacy\"><div class=\"fusion-clearfix\"><\/div><\/div><\/div><div class=\"fusion-layout-column fusion_builder_column fusion-builder-column-3 fusion_builder_column_1_3 1_3 fusion-one-third\" style=\"--awb-bg-size:cover;width:33.333333333333%;width:calc(33.333333333333% - ( ( 4% + 4% ) * 0.33333333333333 ) );margin-right: 4%;\"><div class=\"fusion-column-wrapper fusion-flex-column-wrapper-legacy\"><div class=\"fusion-clearfix\"><\/div><\/div><\/div><div class=\"fusion-layout-column fusion_builder_column fusion-builder-column-4 fusion_builder_column_1_3 1_3 fusion-one-third fusion-column-last\" style=\"--awb-bg-size:cover;width:33.333333333333%;width:calc(33.333333333333% - ( ( 4% + 4% ) * 0.33333333333333 ) );\"><div class=\"fusion-column-wrapper fusion-flex-column-wrapper-legacy\"><div class=\"fusion-text fusion-text-3\"><h1 style=\"text-align: center;\"><span style=\"color: #ffffff;\">Spoznajte nas<\/span><\/h1>\n<\/div><div class=\"fusion-aligncenter\"><a class=\"fusion-button button-flat fusion-button-default-size button-custom fusion-button-default button-1 fusion-button-default-span fusion-button-default-type gumb-cta2\" style=\"--button_accent_color:#ffffff;--button_accent_hover_color:#ffffff;--button_border_hover_color:#ffffff;--button_gradient_top_color:#007ac2;--button_gradient_bottom_color:#007ac2;--button_gradient_top_color_hover:#000000;--button_gradient_bottom_color_hover:#000000;\" target=\"_self\" href=\"https:\/\/alpha-credo.com\/sl\/ekipa\/\"><span class=\"fusion-button-text\">EKIPA<\/span><\/a><\/div><div class=\"fusion-clearfix\"><\/div><\/div><\/div><\/div><\/div>\n","protected":false},"excerpt":{"rendered":"","protected":false},"author":1,"featured_media":0,"parent":0,"menu_order":0,"comment_status":"closed","ping_status":"closed","template":"100-width.php","meta":[],"yoast_head":"<!-- This site is optimized with the Yoast SEO plugin v20.9 - https:\/\/yoast.com\/wordpress\/plugins\/seo\/ -->\n<title>Kompleksni programi zavarovanja - Alpha Credo<\/title>\n<meta name=\"robots\" content=\"index, follow, max-snippet:-1, max-image-preview:large, max-video-preview:-1\" \/>\n<link rel=\"canonical\" href=\"https:\/\/alpha-credo.com\/sl\/kompleksna\/\" \/>\n<meta property=\"og:locale\" content=\"sl_SI\" \/>\n<meta property=\"og:type\" content=\"article\" \/>\n<meta property=\"og:title\" content=\"Kompleksni programi zavarovanja - Alpha Credo\" \/>\n<meta property=\"og:url\" content=\"https:\/\/alpha-credo.com\/sl\/kompleksna\/\" \/>\n<meta property=\"og:site_name\" content=\"Alpha Credo\" \/>\n<meta property=\"article:modified_time\" content=\"2021-07-13T10:24:38+00:00\" \/>\n<meta name=\"twitter:card\" content=\"summary_large_image\" \/>\n<meta name=\"twitter:label1\" content=\"Est. reading time\" \/>\n\t<meta name=\"twitter:data1\" content=\"5 minut\" \/>\n<script type=\"application\/ld+json\" class=\"yoast-schema-graph\">{\"@context\":\"https:\/\/schema.org\",\"@graph\":[{\"@type\":\"WebPage\",\"@id\":\"https:\/\/alpha-credo.com\/sl\/kompleksna\/\",\"url\":\"https:\/\/alpha-credo.com\/sl\/kompleksna\/\",\"name\":\"Kompleksni programi zavarovanja - Alpha Credo\",\"isPartOf\":{\"@id\":\"https:\/\/alpha-credo.com\/sl\/#website\"},\"datePublished\":\"2017-09-11T09:34:40+00:00\",\"dateModified\":\"2021-07-13T10:24:38+00:00\",\"breadcrumb\":{\"@id\":\"https:\/\/alpha-credo.com\/sl\/kompleksna\/#breadcrumb\"},\"inLanguage\":\"sl-SI\",\"potentialAction\":[{\"@type\":\"ReadAction\",\"target\":[\"https:\/\/alpha-credo.com\/sl\/kompleksna\/\"]}]},{\"@type\":\"BreadcrumbList\",\"@id\":\"https:\/\/alpha-credo.com\/sl\/kompleksna\/#breadcrumb\",\"itemListElement\":[{\"@type\":\"ListItem\",\"position\":1,\"name\":\"Home\",\"item\":\"https:\/\/alpha-credo.com\/sl\/\"},{\"@type\":\"ListItem\",\"position\":2,\"name\":\"Kompleksni programi zavarovanja\"}]},{\"@type\":\"WebSite\",\"@id\":\"https:\/\/alpha-credo.com\/sl\/#website\",\"url\":\"https:\/\/alpha-credo.com\/sl\/\",\"name\":\"Alpha Credo\",\"description\":\"Zavarovalno posredni\u0161ka dru\u017eba\/Insurance Brokerage\",\"potentialAction\":[{\"@type\":\"SearchAction\",\"target\":{\"@type\":\"EntryPoint\",\"urlTemplate\":\"https:\/\/alpha-credo.com\/sl\/?s={search_term_string}\"},\"query-input\":\"required name=search_term_string\"}],\"inLanguage\":\"sl-SI\"}]}<\/script>\n<!-- \/ Yoast SEO plugin. -->","yoast_head_json":{"title":"Kompleksni programi zavarovanja - Alpha Credo","robots":{"index":"index","follow":"follow","max-snippet":"max-snippet:-1","max-image-preview":"max-image-preview:large","max-video-preview":"max-video-preview:-1"},"canonical":"https:\/\/alpha-credo.com\/sl\/kompleksna\/","og_locale":"sl_SI","og_type":"article","og_title":"Kompleksni programi zavarovanja - Alpha Credo","og_url":"https:\/\/alpha-credo.com\/sl\/kompleksna\/","og_site_name":"Alpha Credo","article_modified_time":"2021-07-13T10:24:38+00:00","twitter_card":"summary_large_image","twitter_misc":{"Est. reading time":"5 minut"},"schema":{"@context":"https:\/\/schema.org","@graph":[{"@type":"WebPage","@id":"https:\/\/alpha-credo.com\/sl\/kompleksna\/","url":"https:\/\/alpha-credo.com\/sl\/kompleksna\/","name":"Kompleksni programi zavarovanja - Alpha Credo","isPartOf":{"@id":"https:\/\/alpha-credo.com\/sl\/#website"},"datePublished":"2017-09-11T09:34:40+00:00","dateModified":"2021-07-13T10:24:38+00:00","breadcrumb":{"@id":"https:\/\/alpha-credo.com\/sl\/kompleksna\/#breadcrumb"},"inLanguage":"sl-SI","potentialAction":[{"@type":"ReadAction","target":["https:\/\/alpha-credo.com\/sl\/kompleksna\/"]}]},{"@type":"BreadcrumbList","@id":"https:\/\/alpha-credo.com\/sl\/kompleksna\/#breadcrumb","itemListElement":[{"@type":"ListItem","position":1,"name":"Home","item":"https:\/\/alpha-credo.com\/sl\/"},{"@type":"ListItem","position":2,"name":"Kompleksni programi zavarovanja"}]},{"@type":"WebSite","@id":"https:\/\/alpha-credo.com\/sl\/#website","url":"https:\/\/alpha-credo.com\/sl\/","name":"Alpha Credo","description":"Zavarovalno posredni\u0161ka dru\u017eba\/Insurance Brokerage","potentialAction":[{"@type":"SearchAction","target":{"@type":"EntryPoint","urlTemplate":"https:\/\/alpha-credo.com\/sl\/?s={search_term_string}"},"query-input":"required name=search_term_string"}],"inLanguage":"sl-SI"}]}},"_links":{"self":[{"href":"https:\/\/alpha-credo.com\/sl\/wp-json\/wp\/v2\/pages\/346"}],"collection":[{"href":"https:\/\/alpha-credo.com\/sl\/wp-json\/wp\/v2\/pages"}],"about":[{"href":"https:\/\/alpha-credo.com\/sl\/wp-json\/wp\/v2\/types\/page"}],"author":[{"embeddable":true,"href":"https:\/\/alpha-credo.com\/sl\/wp-json\/wp\/v2\/users\/1"}],"replies":[{"embeddable":true,"href":"https:\/\/alpha-credo.com\/sl\/wp-json\/wp\/v2\/comments?post=346"}],"version-history":[{"count":9,"href":"https:\/\/alpha-credo.com\/sl\/wp-json\/wp\/v2\/pages\/346\/revisions"}],"predecessor-version":[{"id":2891,"href":"https:\/\/alpha-credo.com\/sl\/wp-json\/wp\/v2\/pages\/346\/revisions\/2891"}],"wp:attachment":[{"href":"https:\/\/alpha-credo.com\/sl\/wp-json\/wp\/v2\/media?parent=346"}],"curies":[{"name":"wp","href":"https:\/\/api.w.org\/{rel}","templated":true}]}}