{"id":732,"date":"2017-10-03T13:27:43","date_gmt":"2017-10-03T11:27:43","guid":{"rendered":"http:\/\/alpha-credo.com\/?page_id=732"},"modified":"2017-10-03T13:30:17","modified_gmt":"2017-10-03T11:30:17","slug":"pravno-obvestilo","status":"publish","type":"page","link":"https:\/\/alpha-credo.com\/sl\/pravno-obvestilo\/","title":{"rendered":"Pravno obvestilo"},"content":{"rendered":"<div class=\"fusion-fullwidth fullwidth-box fusion-builder-row-1 nonhundred-percent-fullwidth non-hundred-percent-height-scrolling\" style=\"--awb-border-radius-top-left:0px;--awb-border-radius-top-right:0px;--awb-border-radius-bottom-right:0px;--awb-border-radius-bottom-left:0px;--awb-background-color:#0082c8;--awb-flex-wrap:wrap;\" ><div class=\"fusion-builder-row fusion-row\"><div class=\"fusion-layout-column fusion_builder_column fusion-builder-column-0 fusion_builder_column_1_1 1_1 fusion-one-full fusion-column-first fusion-column-last\" style=\"--awb-padding-top:20px;--awb-padding-bottom:8px;--awb-bg-size:cover;--awb-margin-bottom:0px;\"><div class=\"fusion-column-wrapper fusion-flex-column-wrapper-legacy\"><div class=\"fusion-text fusion-text-1\"><p><span style=\"color: #ffffff; font-size: 36px;\">Pravno obvestilo<\/span><\/p>\n<\/div><div class=\"fusion-clearfix\"><\/div><\/div><\/div><\/div><\/div><div class=\"fusion-fullwidth fullwidth-box fusion-builder-row-2 nonhundred-percent-fullwidth non-hundred-percent-height-scrolling\" style=\"--awb-border-radius-top-left:0px;--awb-border-radius-top-right:0px;--awb-border-radius-bottom-right:0px;--awb-border-radius-bottom-left:0px;--awb-margin-top:80px;--awb-margin-bottom:110px;--awb-flex-wrap:wrap;\" ><div class=\"fusion-builder-row fusion-row\"><div class=\"fusion-layout-column fusion_builder_column fusion-builder-column-1 fusion_builder_column_1_1 1_1 fusion-one-full fusion-column-first fusion-column-last\" style=\"--awb-bg-size:cover;\"><div class=\"fusion-column-wrapper fusion-flex-column-wrapper-legacy\"><div class=\"fusion-text fusion-text-2\"><p>Pri\u010dujo\u010de vsebine in podobe v predstavitvi so predmet avtorske za\u0161\u010dite in drugih oblik intelektualne lastnine. Dru\u017eba Alpha Credo dovoljuje uporabo v osebne, nekomercialne namene, kjer pa morajo ohraniti vsa opozorila o avtorski pravici in se torej ne smejo prepisovati, razmno\u017eevati ali kako druga\u010de raz\u0161irjati.<\/p>\n<p>Dru\u017eba Alpha Credo se obvezuje, da bo po svojih najbolj\u0161ih mo\u010deh skrbela za objavljanje kakovostnih, to\u010dnih in pravo\u010dasnih informacij. Dru\u017eba Alpha Credo si pridr\u017euje pravico kadarkoli in v kakr\u0161nemkoli obsegu spremeniti, dodati ali odstraniti vsebino svojih predstavitev.<\/p>\n<p>Alpha Credo, zavarovalno posredni\u0161ka dru\u017eba, d.o.o. opravlja dejavnost pod nadzorom Agencija za zavarovalni nadzor,\u00a0<a href=\"https:\/\/maps.google.com\/?q=Trg+republike+3,+1000+Ljubljana,+Slovenija&amp;entry=gmail&amp;source=g\">Trg republike 3, 1000 Ljubljana, Slovenija<\/a>.<\/p>\n<p>Ostale informacije o storitvah dru\u017ebe Alpha Credo, zavarovalno posredni\u0161ka dru\u017eba, d.o.o. vklju\u010dno s Splo\u0161nimi pogoji poslovanja, ceniki ter ostalimi razkritji so dostopne na\u00a0<a href=\"http:\/\/alpha-credo.com\/\" data-saferedirecturl=\"https:\/\/www.google.com\/url?hl=sl&amp;q=http:\/\/alpha-credo.com&amp;source=gmail&amp;ust=1507116245678000&amp;usg=AFQjCNEaSoHZBE0VmyZx-SDhf4BgP2K0_Q\">www.alpha-credo.si<\/a>.<\/p>\n<p>Ta spletna stran za svoje delovanje uporablja spletne pi\u0161kotke.<\/p>\n<p>V primeru, da ste potrdili uporabo spletnih pi\u0161kotov bodo v va\u0161 brskalnik nalo\u017eeni slede\u010di pi\u0161koti:<\/p>\n<ul>\n<li>ndp-check, shranjena informacija o dovolitvi pi\u0161kotov<\/li>\n<\/ul>\n<p>Ta pi\u0161kotek bo shranjen tudi v primeru, \u010de se odlo\u010dite, da pi\u0161kotkov ne dovolite in ste ozna\u010dili mo\u017enost shranjevanja nastavitev.<\/p>\n<p>WordPress\u00a0content\u00a0management\u00a0system\u00a0nastavi naslednje pi\u0161kotke:<\/p>\n<ul>\n<li>wordpress_test_cookie, testni pi\u0161kot za preverjanje delovanja<\/li>\n<\/ul>\n<p>V primeru, \u010de na strani pustite kak komentar se va\u0161 elektronski naslov, ime in spletna stran, ki jih vnesete v obrazec shranijo, da vam jih naslednji\u010d ni treba vpisovati:<\/p>\n<ul>\n<li>wordpress_email<\/li>\n<li>wordpress_name<\/li>\n<li>wordpress_website<\/li>\n<\/ul>\n<p>Druge spletne strani, ki nastavljajo pi\u0161kotke:<\/p>\n<ul>\n<li>Google\u00a0Analytics, ustvari \u0161tiri pi\u0161kotke v katere shrani unikatno identifikacijsko \u0161tevilko<\/li>\n<li>Facebook, v primeru, \u010de ste prijavljeni na Facebook<\/li>\n<li>YouTube, v primeru, \u010de predvajate kak\u0161no video vsebino, ki je vklju\u010dena na spletno\u00a0stranLe<\/li>\n<\/ul>\n<\/div><div class=\"fusion-clearfix\"><\/div><\/div><\/div><\/div><\/div><div class=\"fusion-fullwidth fullwidth-box fusion-builder-row-3 fusion-parallax-none nonhundred-percent-fullwidth non-hundred-percent-height-scrolling fusion-equal-height-columns\" style=\"--awb-border-radius-top-left:0px;--awb-border-radius-top-right:0px;--awb-border-radius-bottom-right:0px;--awb-border-radius-bottom-left:0px;--awb-padding-top:110px;--awb-padding-bottom:90px;--awb-margin-top:-120px;--awb-background-image:url(&quot;http:\/\/alpha-credo.com\/wp-content\/uploads\/2017\/05\/spoznajtenas-bcg.jpg&quot;);--awb-background-size:cover;--awb-flex-wrap:wrap;\" ><div class=\"fusion-builder-row fusion-row\"><div class=\"fusion-layout-column fusion_builder_column fusion-builder-column-2 fusion_builder_column_1_3 1_3 fusion-one-third fusion-column-first\" style=\"--awb-bg-size:cover;width:33.333333333333%;width:calc(33.333333333333% - ( ( 4% + 4% ) * 0.33333333333333 ) );margin-right: 4%;\"><div class=\"fusion-column-wrapper fusion-flex-column-wrapper-legacy\"><div class=\"fusion-clearfix\"><\/div><\/div><\/div><div class=\"fusion-layout-column fusion_builder_column fusion-builder-column-3 fusion_builder_column_1_3 1_3 fusion-one-third\" style=\"--awb-bg-size:cover;width:33.333333333333%;width:calc(33.333333333333% - ( ( 4% + 4% ) * 0.33333333333333 ) );margin-right: 4%;\"><div class=\"fusion-column-wrapper fusion-flex-column-wrapper-legacy\"><div class=\"fusion-clearfix\"><\/div><\/div><\/div><div class=\"fusion-layout-column fusion_builder_column fusion-builder-column-4 fusion_builder_column_1_3 1_3 fusion-one-third fusion-column-last\" style=\"--awb-bg-size:cover;width:33.333333333333%;width:calc(33.333333333333% - ( ( 4% + 4% ) * 0.33333333333333 ) );\"><div class=\"fusion-column-wrapper fusion-flex-column-wrapper-legacy\"><div class=\"fusion-text fusion-text-3\"><h1 style=\"text-align: center;\"><span style=\"color: #ffffff;\">Spoznajte nas<\/span><\/h1>\n<\/div><div class=\"fusion-aligncenter\"><a class=\"fusion-button button-flat fusion-button-default-size button-custom fusion-button-default button-1 fusion-button-default-span fusion-button-default-type gumb-cta2\" style=\"--button_accent_color:#ffffff;--button_accent_hover_color:#ffffff;--button_border_hover_color:#ffffff;--button_gradient_top_color:#007ac2;--button_gradient_bottom_color:#007ac2;--button_gradient_top_color_hover:#000000;--button_gradient_bottom_color_hover:#000000;\" target=\"_self\" href=\"http:\/\/alpha-credo.com\/ekipa\/\"><span class=\"fusion-button-text\">EKIPA<\/span><\/a><\/div><div class=\"fusion-clearfix\"><\/div><\/div><\/div><\/div><\/div>\n","protected":false},"excerpt":{"rendered":"","protected":false},"author":1,"featured_media":0,"parent":0,"menu_order":0,"comment_status":"closed","ping_status":"closed","template":"100-width.php","meta":[],"yoast_head":"<!-- This site is optimized with the Yoast SEO plugin v20.9 - https:\/\/yoast.com\/wordpress\/plugins\/seo\/ -->\n<title>Pravno obvestilo - Alpha Credo<\/title>\n<meta name=\"robots\" content=\"index, follow, max-snippet:-1, max-image-preview:large, max-video-preview:-1\" \/>\n<link rel=\"canonical\" href=\"https:\/\/alpha-credo.com\/sl\/pravno-obvestilo\/\" \/>\n<meta property=\"og:locale\" content=\"sl_SI\" \/>\n<meta property=\"og:type\" content=\"article\" \/>\n<meta property=\"og:title\" content=\"Pravno obvestilo - Alpha Credo\" \/>\n<meta property=\"og:url\" content=\"https:\/\/alpha-credo.com\/sl\/pravno-obvestilo\/\" \/>\n<meta property=\"og:site_name\" content=\"Alpha Credo\" \/>\n<meta property=\"article:modified_time\" content=\"2017-10-03T11:30:17+00:00\" \/>\n<meta name=\"twitter:card\" content=\"summary_large_image\" \/>\n<meta name=\"twitter:label1\" content=\"Est. reading time\" \/>\n\t<meta name=\"twitter:data1\" content=\"5 minut\" \/>\n<script type=\"application\/ld+json\" class=\"yoast-schema-graph\">{\"@context\":\"https:\/\/schema.org\",\"@graph\":[{\"@type\":\"WebPage\",\"@id\":\"https:\/\/alpha-credo.com\/sl\/pravno-obvestilo\/\",\"url\":\"https:\/\/alpha-credo.com\/sl\/pravno-obvestilo\/\",\"name\":\"Pravno obvestilo - Alpha Credo\",\"isPartOf\":{\"@id\":\"https:\/\/alpha-credo.com\/sl\/#website\"},\"datePublished\":\"2017-10-03T11:27:43+00:00\",\"dateModified\":\"2017-10-03T11:30:17+00:00\",\"breadcrumb\":{\"@id\":\"https:\/\/alpha-credo.com\/sl\/pravno-obvestilo\/#breadcrumb\"},\"inLanguage\":\"sl-SI\",\"potentialAction\":[{\"@type\":\"ReadAction\",\"target\":[\"https:\/\/alpha-credo.com\/sl\/pravno-obvestilo\/\"]}]},{\"@type\":\"BreadcrumbList\",\"@id\":\"https:\/\/alpha-credo.com\/sl\/pravno-obvestilo\/#breadcrumb\",\"itemListElement\":[{\"@type\":\"ListItem\",\"position\":1,\"name\":\"Home\",\"item\":\"https:\/\/alpha-credo.com\/sl\/\"},{\"@type\":\"ListItem\",\"position\":2,\"name\":\"Pravno obvestilo\"}]},{\"@type\":\"WebSite\",\"@id\":\"https:\/\/alpha-credo.com\/sl\/#website\",\"url\":\"https:\/\/alpha-credo.com\/sl\/\",\"name\":\"Alpha Credo\",\"description\":\"Zavarovalno posredni\u0161ka dru\u017eba\/Insurance Brokerage\",\"potentialAction\":[{\"@type\":\"SearchAction\",\"target\":{\"@type\":\"EntryPoint\",\"urlTemplate\":\"https:\/\/alpha-credo.com\/sl\/?s={search_term_string}\"},\"query-input\":\"required name=search_term_string\"}],\"inLanguage\":\"sl-SI\"}]}<\/script>\n<!-- \/ Yoast SEO plugin. -->","yoast_head_json":{"title":"Pravno obvestilo - Alpha Credo","robots":{"index":"index","follow":"follow","max-snippet":"max-snippet:-1","max-image-preview":"max-image-preview:large","max-video-preview":"max-video-preview:-1"},"canonical":"https:\/\/alpha-credo.com\/sl\/pravno-obvestilo\/","og_locale":"sl_SI","og_type":"article","og_title":"Pravno obvestilo - Alpha Credo","og_url":"https:\/\/alpha-credo.com\/sl\/pravno-obvestilo\/","og_site_name":"Alpha Credo","article_modified_time":"2017-10-03T11:30:17+00:00","twitter_card":"summary_large_image","twitter_misc":{"Est. reading time":"5 minut"},"schema":{"@context":"https:\/\/schema.org","@graph":[{"@type":"WebPage","@id":"https:\/\/alpha-credo.com\/sl\/pravno-obvestilo\/","url":"https:\/\/alpha-credo.com\/sl\/pravno-obvestilo\/","name":"Pravno obvestilo - Alpha Credo","isPartOf":{"@id":"https:\/\/alpha-credo.com\/sl\/#website"},"datePublished":"2017-10-03T11:27:43+00:00","dateModified":"2017-10-03T11:30:17+00:00","breadcrumb":{"@id":"https:\/\/alpha-credo.com\/sl\/pravno-obvestilo\/#breadcrumb"},"inLanguage":"sl-SI","potentialAction":[{"@type":"ReadAction","target":["https:\/\/alpha-credo.com\/sl\/pravno-obvestilo\/"]}]},{"@type":"BreadcrumbList","@id":"https:\/\/alpha-credo.com\/sl\/pravno-obvestilo\/#breadcrumb","itemListElement":[{"@type":"ListItem","position":1,"name":"Home","item":"https:\/\/alpha-credo.com\/sl\/"},{"@type":"ListItem","position":2,"name":"Pravno obvestilo"}]},{"@type":"WebSite","@id":"https:\/\/alpha-credo.com\/sl\/#website","url":"https:\/\/alpha-credo.com\/sl\/","name":"Alpha Credo","description":"Zavarovalno posredni\u0161ka dru\u017eba\/Insurance Brokerage","potentialAction":[{"@type":"SearchAction","target":{"@type":"EntryPoint","urlTemplate":"https:\/\/alpha-credo.com\/sl\/?s={search_term_string}"},"query-input":"required name=search_term_string"}],"inLanguage":"sl-SI"}]}},"_links":{"self":[{"href":"https:\/\/alpha-credo.com\/sl\/wp-json\/wp\/v2\/pages\/732"}],"collection":[{"href":"https:\/\/alpha-credo.com\/sl\/wp-json\/wp\/v2\/pages"}],"about":[{"href":"https:\/\/alpha-credo.com\/sl\/wp-json\/wp\/v2\/types\/page"}],"author":[{"embeddable":true,"href":"https:\/\/alpha-credo.com\/sl\/wp-json\/wp\/v2\/users\/1"}],"replies":[{"embeddable":true,"href":"https:\/\/alpha-credo.com\/sl\/wp-json\/wp\/v2\/comments?post=732"}],"version-history":[{"count":5,"href":"https:\/\/alpha-credo.com\/sl\/wp-json\/wp\/v2\/pages\/732\/revisions"}],"predecessor-version":[{"id":737,"href":"https:\/\/alpha-credo.com\/sl\/wp-json\/wp\/v2\/pages\/732\/revisions\/737"}],"wp:attachment":[{"href":"https:\/\/alpha-credo.com\/sl\/wp-json\/wp\/v2\/media?parent=732"}],"curies":[{"name":"wp","href":"https:\/\/api.w.org\/{rel}","templated":true}]}}